{"id":1960,"date":"2024-12-02T17:30:48","date_gmt":"2024-12-02T17:30:48","guid":{"rendered":"https:\/\/deafblindness.info\/?page_id=1960"},"modified":"2025-02-20T11:26:35","modified_gmt":"2025-02-20T11:26:35","slug":"informacion-del-pais","status":"publish","type":"page","link":"https:\/\/deafblindness.info\/es\/informacion-del-pais\/","title":{"rendered":"Informaci\u00f3n por pa\u00eds\u00a0"},"content":{"rendered":"\n<p><strong><em>Sense International es una organizaci\u00f3n l\u00edder a nivel global que apoya a personas con sordoceguera en ocho pa\u00edses alrededor del mundo.<\/em><\/strong>&nbsp;<\/p>\n\n\n\n<p>Nuestro trabajo se centra en garantizar que las personas con sordoceguera tengan acceso a educaci\u00f3n, atenci\u00f3n m\u00e9dica y empleo, permiti\u00e9ndoles desarrollarse y vivir con su m\u00e1ximo potencial.&nbsp;<\/p>\n\n\n\n<p>Trabajamos directamente con personas con sordoceguera y buscamos traspasar fronteras, ayud\u00e1ndolas a conectarse con otras personas y con el mundo que las rodea.&nbsp;<\/p>\n\n\n\n<p>El Centro Global de Recursos sobre Sordoceguera est\u00e1 disponible en siete idiomas diferentes y ofrece una gran variedad de recursos sobre educaci\u00f3n, derechos de las personas con discapacidad y bienestar. <\/p>\n\n\n\n<p><strong>Consulta los recursos disponibles en tu pa\u00eds y en tu idioma.&nbsp;<\/strong><\/p>\n\n\n\n<ul class=\"wp-block-list is-style-simple-grid\">\n<li><a href=\"https:\/\/deafblindness.info\/es\/bangladesh\/\">Bangladesh<\/a><\/li>\n\n\n\n<li><a href=\"https:\/\/deafblindness.info\/es\/informacion-del-pais\/india\/\">India<\/a><\/li>\n\n\n\n<li><a href=\"https:\/\/deafblindness.info\/es\/informacion-del-pais\/nepal\/\">Nepal<\/a><\/li>\n\n\n\n<li><a href=\"https:\/\/deafblindness.info\/es\/informacion-del-pais\/peru\/\">Peru<\/a><\/li>\n\n\n\n<li><a href=\"https:\/\/deafblindness.info\/ro\/resurse\/\">Rumania<\/a><\/li>\n\n\n\n<li><a href=\"https:\/\/deafblindness.info\/es\/informacion-del-pais\/kenia\/\">Kenia<\/a><\/li>\n\n\n\n<li><a href=\"https:\/\/deafblindness.info\/es\/informacion-del-pais\/tanzania\/\">Tanzania<\/a><\/li>\n\n\n\n<li><a href=\"https:\/\/deafblindness.info\/es\/informacion-del-pais\/uganda\/\">Uganda<\/a><\/li>\n<\/ul>\n\n\n\n<p><\/p>\n","protected":false},"excerpt":{"rendered":"<p>Sense International es una organizaci\u00f3n l\u00edder a nivel global que apoya a personas con sordoceguera en ocho pa\u00edses alrededor del mundo.&nbsp; Nuestro trabajo se centra en garantizar que las personas con sordoceguera tengan acceso a&hellip;<\/p>\n","protected":false},"author":2,"featured_media":0,"parent":0,"menu_order":0,"comment_status":"closed","ping_status":"closed","template":"","meta":{"_acf_changed":false,"footnotes":""},"class_list":["post-1960","page","type-page","status-publish","hentry"],"acf":[],"yoast_head":"<!-- This site is optimized with the Yoast SEO plugin v26.9 - https:\/\/yoast.com\/product\/yoast-seo-wordpress\/ -->\n<title>Informaci\u00f3n por pa\u00eds\u00a0 - Global Deafblindness Resource Hub<\/title>\n<meta name=\"robots\" content=\"index, follow, max-snippet:-1, max-image-preview:large, max-video-preview:-1\" \/>\n<link rel=\"canonical\" href=\"https:\/\/deafblindness.info\/es\/informacion-del-pais\/\" \/>\n<meta property=\"og:locale\" content=\"es_ES\" \/>\n<meta property=\"og:type\" content=\"article\" \/>\n<meta property=\"og:title\" content=\"Informaci\u00f3n por pa\u00eds\u00a0 - Global Deafblindness Resource Hub\" \/>\n<meta property=\"og:description\" content=\"Sense International es una organizaci\u00f3n l\u00edder a nivel global que apoya a personas con sordoceguera en ocho pa\u00edses alrededor del mundo.&nbsp; Nuestro trabajo se centra en garantizar que las personas con sordoceguera tengan acceso a&hellip;\" \/>\n<meta property=\"og:url\" content=\"https:\/\/deafblindness.info\/es\/informacion-del-pais\/\" \/>\n<meta property=\"og:site_name\" content=\"Global Deafblindness Resource Hub\" \/>\n<meta property=\"article:modified_time\" content=\"2025-02-20T11:26:35+00:00\" \/>\n<meta name=\"twitter:card\" content=\"summary_large_image\" \/>\n<meta name=\"twitter:label1\" content=\"Est. reading time\" \/>\n\t<meta name=\"twitter:data1\" content=\"1 minuto\" \/>\n<script type=\"application\/ld+json\" class=\"yoast-schema-graph\">{\"@context\":\"https:\/\/schema.org\",\"@graph\":[{\"@type\":\"WebPage\",\"@id\":\"https:\/\/deafblindness.info\/es\/informacion-del-pais\/\",\"url\":\"https:\/\/deafblindness.info\/es\/informacion-del-pais\/\",\"name\":\"Informaci\u00f3n por pa\u00eds\u00a0 - Global Deafblindness Resource Hub\",\"isPartOf\":{\"@id\":\"https:\/\/deafblindness.info\/es\/#website\"},\"datePublished\":\"2024-12-02T17:30:48+00:00\",\"dateModified\":\"2025-02-20T11:26:35+00:00\",\"breadcrumb\":{\"@id\":\"https:\/\/deafblindness.info\/es\/informacion-del-pais\/#breadcrumb\"},\"inLanguage\":\"es\",\"potentialAction\":[{\"@type\":\"ReadAction\",\"target\":[\"https:\/\/deafblindness.info\/es\/informacion-del-pais\/\"]}]},{\"@type\":\"BreadcrumbList\",\"@id\":\"https:\/\/deafblindness.info\/es\/informacion-del-pais\/#breadcrumb\",\"itemListElement\":[{\"@type\":\"ListItem\",\"position\":1,\"name\":\"Home\",\"item\":\"https:\/\/deafblindness.info\/es\/\"},{\"@type\":\"ListItem\",\"position\":2,\"name\":\"Informaci\u00f3n por pa\u00eds\u00a0\"}]},{\"@type\":\"WebSite\",\"@id\":\"https:\/\/deafblindness.info\/es\/#website\",\"url\":\"https:\/\/deafblindness.info\/es\/\",\"name\":\"Global Deafblindness Resource Hub\",\"description\":\"Connecting people with deafblindness to the world around them\",\"publisher\":{\"@id\":\"https:\/\/deafblindness.info\/es\/#organization\"},\"potentialAction\":[{\"@type\":\"SearchAction\",\"target\":{\"@type\":\"EntryPoint\",\"urlTemplate\":\"https:\/\/deafblindness.info\/es\/?s={search_term_string}\"},\"query-input\":{\"@type\":\"PropertyValueSpecification\",\"valueRequired\":true,\"valueName\":\"search_term_string\"}}],\"inLanguage\":\"es\"},{\"@type\":\"Organization\",\"@id\":\"https:\/\/deafblindness.info\/es\/#organization\",\"name\":\"Global Deafblindness Resource Hub\",\"url\":\"https:\/\/deafblindness.info\/es\/\",\"logo\":{\"@type\":\"ImageObject\",\"inLanguage\":\"es\",\"@id\":\"https:\/\/deafblindness.info\/es\/#\/schema\/logo\/image\/\",\"url\":\"https:\/\/deafblindness.info\/wp-content\/uploads\/2024\/09\/logo-icon.svg\",\"contentUrl\":\"https:\/\/deafblindness.info\/wp-content\/uploads\/2024\/09\/logo-icon.svg\",\"width\":50,\"height\":50,\"caption\":\"Global Deafblindness Resource Hub\"},\"image\":{\"@id\":\"https:\/\/deafblindness.info\/es\/#\/schema\/logo\/image\/\"}}]}<\/script>\n<!-- \/ Yoast SEO plugin. -->","yoast_head_json":{"title":"Informaci\u00f3n por pa\u00eds\u00a0 - Global Deafblindness Resource Hub","robots":{"index":"index","follow":"follow","max-snippet":"max-snippet:-1","max-image-preview":"max-image-preview:large","max-video-preview":"max-video-preview:-1"},"canonical":"https:\/\/deafblindness.info\/es\/informacion-del-pais\/","og_locale":"es_ES","og_type":"article","og_title":"Informaci\u00f3n por pa\u00eds\u00a0 - Global Deafblindness Resource Hub","og_description":"Sense International es una organizaci\u00f3n l\u00edder a nivel global que apoya a personas con sordoceguera en ocho pa\u00edses alrededor del mundo.&nbsp; Nuestro trabajo se centra en garantizar que las personas con sordoceguera tengan acceso a&hellip;","og_url":"https:\/\/deafblindness.info\/es\/informacion-del-pais\/","og_site_name":"Global Deafblindness Resource Hub","article_modified_time":"2025-02-20T11:26:35+00:00","twitter_card":"summary_large_image","twitter_misc":{"Est. reading time":"1 minuto"},"schema":{"@context":"https:\/\/schema.org","@graph":[{"@type":"WebPage","@id":"https:\/\/deafblindness.info\/es\/informacion-del-pais\/","url":"https:\/\/deafblindness.info\/es\/informacion-del-pais\/","name":"Informaci\u00f3n por pa\u00eds\u00a0 - Global Deafblindness Resource Hub","isPartOf":{"@id":"https:\/\/deafblindness.info\/es\/#website"},"datePublished":"2024-12-02T17:30:48+00:00","dateModified":"2025-02-20T11:26:35+00:00","breadcrumb":{"@id":"https:\/\/deafblindness.info\/es\/informacion-del-pais\/#breadcrumb"},"inLanguage":"es","potentialAction":[{"@type":"ReadAction","target":["https:\/\/deafblindness.info\/es\/informacion-del-pais\/"]}]},{"@type":"BreadcrumbList","@id":"https:\/\/deafblindness.info\/es\/informacion-del-pais\/#breadcrumb","itemListElement":[{"@type":"ListItem","position":1,"name":"Home","item":"https:\/\/deafblindness.info\/es\/"},{"@type":"ListItem","position":2,"name":"Informaci\u00f3n por pa\u00eds\u00a0"}]},{"@type":"WebSite","@id":"https:\/\/deafblindness.info\/es\/#website","url":"https:\/\/deafblindness.info\/es\/","name":"Global Deafblindness Resource Hub","description":"Connecting people with deafblindness to the world around them","publisher":{"@id":"https:\/\/deafblindness.info\/es\/#organization"},"potentialAction":[{"@type":"SearchAction","target":{"@type":"EntryPoint","urlTemplate":"https:\/\/deafblindness.info\/es\/?s={search_term_string}"},"query-input":{"@type":"PropertyValueSpecification","valueRequired":true,"valueName":"search_term_string"}}],"inLanguage":"es"},{"@type":"Organization","@id":"https:\/\/deafblindness.info\/es\/#organization","name":"Global Deafblindness Resource Hub","url":"https:\/\/deafblindness.info\/es\/","logo":{"@type":"ImageObject","inLanguage":"es","@id":"https:\/\/deafblindness.info\/es\/#\/schema\/logo\/image\/","url":"https:\/\/deafblindness.info\/wp-content\/uploads\/2024\/09\/logo-icon.svg","contentUrl":"https:\/\/deafblindness.info\/wp-content\/uploads\/2024\/09\/logo-icon.svg","width":50,"height":50,"caption":"Global Deafblindness Resource Hub"},"image":{"@id":"https:\/\/deafblindness.info\/es\/#\/schema\/logo\/image\/"}}]}},"_links":{"self":[{"href":"https:\/\/deafblindness.info\/es\/wp-json\/wp\/v2\/pages\/1960","targetHints":{"allow":["GET"]}}],"collection":[{"href":"https:\/\/deafblindness.info\/es\/wp-json\/wp\/v2\/pages"}],"about":[{"href":"https:\/\/deafblindness.info\/es\/wp-json\/wp\/v2\/types\/page"}],"author":[{"embeddable":true,"href":"https:\/\/deafblindness.info\/es\/wp-json\/wp\/v2\/users\/2"}],"replies":[{"embeddable":true,"href":"https:\/\/deafblindness.info\/es\/wp-json\/wp\/v2\/comments?post=1960"}],"version-history":[{"count":0,"href":"https:\/\/deafblindness.info\/es\/wp-json\/wp\/v2\/pages\/1960\/revisions"}],"wp:attachment":[{"href":"https:\/\/deafblindness.info\/es\/wp-json\/wp\/v2\/media?parent=1960"}],"curies":[{"name":"wp","href":"https:\/\/api.w.org\/{rel}","templated":true}]}}