{"id":2649,"date":"2025-01-23T16:41:40","date_gmt":"2025-01-23T16:41:40","guid":{"rendered":"https:\/\/deafblindness.info\/?page_id=2649"},"modified":"2025-11-17T14:47:00","modified_gmt":"2025-11-17T14:47:00","slug":"acerca-de-nosotros","status":"publish","type":"page","link":"https:\/\/deafblindness.info\/es\/acerca-de-nosotros\/","title":{"rendered":"Acerca de nosotros\u00a0"},"content":{"rendered":"\n<p>El Centro Global de Recursos para la Sordoceguera fue creado por Sense International. Somos una organizaci\u00f3n ben\u00e9fica l\u00edder a nivel mundial que brinda apoyo a personas con sordoceguera en ocho pa\u00edses del mundo.&nbsp;<\/p>\n\n\n\n<h2 class=\"wp-block-heading\"><strong>Nuestra experiencia<\/strong>&nbsp;<\/h2>\n\n\n\n<p>Contamos con m\u00e1s de 30 a\u00f1os de experiencia ayudando a personas con sordoceguera a hacer realidad sus derechos. Nuestro trabajo comenz\u00f3 en 1994 con el objetivo de compartir el conocimiento y la experiencia de nuestra organizaci\u00f3n matriz, Sense UK.&nbsp;<\/p>\n\n\n\n<p>Desde entonces, hemos creado organizaciones registradas localmente en India, Kenia, Per\u00fa, Rumania, Tanzania y Uganda. Tambi\u00e9n hemos establecido programas de trabajo en colaboraci\u00f3n con organizaciones nacionales en Bangladesh y Nepal.&nbsp;<\/p>\n\n\n\n<h2 class=\"wp-block-heading\"><strong>Nuestro trabajo<\/strong>&nbsp;<\/h2>\n\n\n\n<p>Trabajamos para identificar a los ni\u00f1os con sordoceguera lo antes posible para que, con el apoyo adecuado, puedan prosperar. Tambi\u00e9n mejoramos el acceso a una educaci\u00f3n de calidad y a la formaci\u00f3n profesional para que los ni\u00f1os y j\u00f3venes con sordoceguera puedan volverse independientes, establecer un medio de vida y desarrollar todo su potencial.&nbsp;<\/p>\n\n\n\n<p>Nuestro trabajo adopta un enfoque basado en los derechos. Apoyamos a las personas con sordoceguera y a sus familias para que desaf\u00eden el estigma, la discriminaci\u00f3n y otras barreras que existen en la sociedad para que sus derechos sean reconocidos y realizados, ahora y en el futuro.&nbsp;<\/p>\n\n\n\n<p><a href=\"https:\/\/www.senseinternational.org.uk\/\" target=\"_blank\" rel=\"noreferrer noopener\"><strong>Visite nuestro sitio web para conocer m\u00e1s sobre nuestra visi\u00f3n, misi\u00f3n y trabajo<\/strong>&nbsp;<\/a> <\/p>\n\n\n\n<h2 class=\"wp-block-heading\"><strong>Centro Global de Recursos para la Sordoceguera&nbsp;<\/strong>&nbsp;<\/h2>\n\n\n\n<p>El Centro Global de Recursos para la Sordoceguera es una plataforma en l\u00ednea que ofrece a las personas con sordoceguera (PwDB) y a quienes las apoyan informaci\u00f3n, contenido y recursos accesibles.&nbsp;<\/p>\n\n\n\n<p>El Centro es una herramienta tecnol\u00f3gica clave para ayudar a complementar y fortalecer el trabajo que estamos realizando en los ocho pa\u00edses en los que trabajamos. El objetivo final es que el Centro Global de Recursos sea un espacio digital que permita a las personas con sordoceguera y con discapacidad m\u00faltiple sensorial (PwDB\/MSI) acceder a informaci\u00f3n, recursos y contenido de la misma manera que las personas sin discapacidades y aprender sobre el mundo que las rodea.&nbsp;<\/p>\n\n\n\n<div class=\"wp-block-buttons is-layout-flex wp-block-buttons-is-layout-flex\">\n<div class=\"wp-block-button\"><a class=\"wp-block-button__link wp-element-button\" href=\"https:\/\/deafblindness.info\/es\/recursos\/\">Explore nuestros recursos&nbsp;<\/a><\/div>\n<\/div>\n\n\n<div class=\"wp-block  box  ctaBox    is-style-textured  align-wide  size-medium\">\n\t<div class=\"ctaBox__row\">\n\t\t<div class=\"ctaBox__content\">\n\t\t\t<div class=\"acf-innerblocks-container\">\n\n<p class=\"is-style-intro\">Valoramos mucho sus comentarios<\/p>\n\n<\/div>\n\t\t<\/div>\n\n\t\t<div class=\"ctaBox__cta\">\n\t\t\t<a href=\"https:\/\/deafblindness.info\/es\/comparte-tus-comentarios-con-nosotros\/\" class=\"button  button--primary\">Comparte tus comentarios con nosotros<\/a>\n\t\t<\/div>\n\t<\/div>\n\n<\/div>","protected":false},"excerpt":{"rendered":"<p>El Centro Global de Recursos para la Sordoceguera fue creado por Sense International. Somos una organizaci\u00f3n ben\u00e9fica l\u00edder a nivel mundial que brinda apoyo a personas con sordoceguera en ocho pa\u00edses del mundo.&nbsp; Nuestra experiencia&nbsp;&hellip;<\/p>\n","protected":false},"author":12,"featured_media":655,"parent":0,"menu_order":0,"comment_status":"closed","ping_status":"closed","template":"","meta":{"_acf_changed":true,"footnotes":""},"class_list":["post-2649","page","type-page","status-publish","has-post-thumbnail","hentry"],"acf":[],"yoast_head":"<!-- This site is optimized with the Yoast SEO plugin v26.9 - https:\/\/yoast.com\/product\/yoast-seo-wordpress\/ -->\n<title>Acerca de nosotros\u00a0 - Global Deafblindness Resource Hub<\/title>\n<meta name=\"robots\" content=\"index, follow, max-snippet:-1, max-image-preview:large, max-video-preview:-1\" \/>\n<link rel=\"canonical\" href=\"https:\/\/deafblindness.info\/es\/acerca-de-nosotros\/\" \/>\n<meta property=\"og:locale\" content=\"es_ES\" \/>\n<meta property=\"og:type\" content=\"article\" \/>\n<meta property=\"og:title\" content=\"Acerca de nosotros\u00a0 - Global Deafblindness Resource Hub\" \/>\n<meta property=\"og:description\" content=\"El Centro Global de Recursos para la Sordoceguera fue creado por Sense International. Somos una organizaci\u00f3n ben\u00e9fica l\u00edder a nivel mundial que brinda apoyo a personas con sordoceguera en ocho pa\u00edses del mundo.&nbsp; Nuestra experiencia&nbsp;&hellip;\" \/>\n<meta property=\"og:url\" content=\"https:\/\/deafblindness.info\/es\/acerca-de-nosotros\/\" \/>\n<meta property=\"og:site_name\" content=\"Global Deafblindness Resource Hub\" \/>\n<meta property=\"article:modified_time\" content=\"2025-11-17T14:47:00+00:00\" \/>\n<meta property=\"og:image\" content=\"https:\/\/deafblindness.info\/wp-content\/uploads\/2021\/11\/A-therapist-and-child-in-the-sensory-stimulation-room.jpeg\" \/>\n\t<meta property=\"og:image:width\" content=\"1500\" \/>\n\t<meta property=\"og:image:height\" content=\"1000\" \/>\n\t<meta property=\"og:image:type\" content=\"image\/jpeg\" \/>\n<meta name=\"twitter:card\" content=\"summary_large_image\" \/>\n<meta name=\"twitter:label1\" content=\"Est. reading time\" \/>\n\t<meta name=\"twitter:data1\" content=\"2 minutos\" \/>\n<script type=\"application\/ld+json\" class=\"yoast-schema-graph\">{\"@context\":\"https:\/\/schema.org\",\"@graph\":[{\"@type\":\"WebPage\",\"@id\":\"https:\/\/deafblindness.info\/es\/acerca-de-nosotros\/\",\"url\":\"https:\/\/deafblindness.info\/es\/acerca-de-nosotros\/\",\"name\":\"Acerca de nosotros\u00a0 - Global Deafblindness Resource Hub\",\"isPartOf\":{\"@id\":\"https:\/\/deafblindness.info\/es\/#website\"},\"primaryImageOfPage\":{\"@id\":\"https:\/\/deafblindness.info\/es\/acerca-de-nosotros\/#primaryimage\"},\"image\":{\"@id\":\"https:\/\/deafblindness.info\/es\/acerca-de-nosotros\/#primaryimage\"},\"thumbnailUrl\":\"https:\/\/deafblindness.info\/wp-content\/uploads\/2021\/11\/A-therapist-and-child-in-the-sensory-stimulation-room.jpeg\",\"datePublished\":\"2025-01-23T16:41:40+00:00\",\"dateModified\":\"2025-11-17T14:47:00+00:00\",\"breadcrumb\":{\"@id\":\"https:\/\/deafblindness.info\/es\/acerca-de-nosotros\/#breadcrumb\"},\"inLanguage\":\"es\",\"potentialAction\":[{\"@type\":\"ReadAction\",\"target\":[\"https:\/\/deafblindness.info\/es\/acerca-de-nosotros\/\"]}]},{\"@type\":\"ImageObject\",\"inLanguage\":\"es\",\"@id\":\"https:\/\/deafblindness.info\/es\/acerca-de-nosotros\/#primaryimage\",\"url\":\"https:\/\/deafblindness.info\/wp-content\/uploads\/2021\/11\/A-therapist-and-child-in-the-sensory-stimulation-room.jpeg\",\"contentUrl\":\"https:\/\/deafblindness.info\/wp-content\/uploads\/2021\/11\/A-therapist-and-child-in-the-sensory-stimulation-room.jpeg\",\"width\":1500,\"height\":1000},{\"@type\":\"BreadcrumbList\",\"@id\":\"https:\/\/deafblindness.info\/es\/acerca-de-nosotros\/#breadcrumb\",\"itemListElement\":[{\"@type\":\"ListItem\",\"position\":1,\"name\":\"Home\",\"item\":\"https:\/\/deafblindness.info\/es\/\"},{\"@type\":\"ListItem\",\"position\":2,\"name\":\"Acerca de nosotros\u00a0\"}]},{\"@type\":\"WebSite\",\"@id\":\"https:\/\/deafblindness.info\/es\/#website\",\"url\":\"https:\/\/deafblindness.info\/es\/\",\"name\":\"Global Deafblindness Resource Hub\",\"description\":\"Connecting people with deafblindness to the world around them\",\"publisher\":{\"@id\":\"https:\/\/deafblindness.info\/es\/#organization\"},\"potentialAction\":[{\"@type\":\"SearchAction\",\"target\":{\"@type\":\"EntryPoint\",\"urlTemplate\":\"https:\/\/deafblindness.info\/es\/?s={search_term_string}\"},\"query-input\":{\"@type\":\"PropertyValueSpecification\",\"valueRequired\":true,\"valueName\":\"search_term_string\"}}],\"inLanguage\":\"es\"},{\"@type\":\"Organization\",\"@id\":\"https:\/\/deafblindness.info\/es\/#organization\",\"name\":\"Global Deafblindness Resource Hub\",\"url\":\"https:\/\/deafblindness.info\/es\/\",\"logo\":{\"@type\":\"ImageObject\",\"inLanguage\":\"es\",\"@id\":\"https:\/\/deafblindness.info\/es\/#\/schema\/logo\/image\/\",\"url\":\"https:\/\/deafblindness.info\/wp-content\/uploads\/2024\/09\/logo-icon.svg\",\"contentUrl\":\"https:\/\/deafblindness.info\/wp-content\/uploads\/2024\/09\/logo-icon.svg\",\"width\":50,\"height\":50,\"caption\":\"Global Deafblindness Resource Hub\"},\"image\":{\"@id\":\"https:\/\/deafblindness.info\/es\/#\/schema\/logo\/image\/\"}}]}<\/script>\n<!-- \/ Yoast SEO plugin. -->","yoast_head_json":{"title":"Acerca de nosotros\u00a0 - Global Deafblindness Resource Hub","robots":{"index":"index","follow":"follow","max-snippet":"max-snippet:-1","max-image-preview":"max-image-preview:large","max-video-preview":"max-video-preview:-1"},"canonical":"https:\/\/deafblindness.info\/es\/acerca-de-nosotros\/","og_locale":"es_ES","og_type":"article","og_title":"Acerca de nosotros\u00a0 - Global Deafblindness Resource Hub","og_description":"El Centro Global de Recursos para la Sordoceguera fue creado por Sense International. Somos una organizaci\u00f3n ben\u00e9fica l\u00edder a nivel mundial que brinda apoyo a personas con sordoceguera en ocho pa\u00edses del mundo.&nbsp; Nuestra experiencia&nbsp;&hellip;","og_url":"https:\/\/deafblindness.info\/es\/acerca-de-nosotros\/","og_site_name":"Global Deafblindness Resource Hub","article_modified_time":"2025-11-17T14:47:00+00:00","og_image":[{"width":1500,"height":1000,"url":"https:\/\/deafblindness.info\/wp-content\/uploads\/2021\/11\/A-therapist-and-child-in-the-sensory-stimulation-room.jpeg","type":"image\/jpeg"}],"twitter_card":"summary_large_image","twitter_misc":{"Est. reading time":"2 minutos"},"schema":{"@context":"https:\/\/schema.org","@graph":[{"@type":"WebPage","@id":"https:\/\/deafblindness.info\/es\/acerca-de-nosotros\/","url":"https:\/\/deafblindness.info\/es\/acerca-de-nosotros\/","name":"Acerca de nosotros\u00a0 - Global Deafblindness Resource Hub","isPartOf":{"@id":"https:\/\/deafblindness.info\/es\/#website"},"primaryImageOfPage":{"@id":"https:\/\/deafblindness.info\/es\/acerca-de-nosotros\/#primaryimage"},"image":{"@id":"https:\/\/deafblindness.info\/es\/acerca-de-nosotros\/#primaryimage"},"thumbnailUrl":"https:\/\/deafblindness.info\/wp-content\/uploads\/2021\/11\/A-therapist-and-child-in-the-sensory-stimulation-room.jpeg","datePublished":"2025-01-23T16:41:40+00:00","dateModified":"2025-11-17T14:47:00+00:00","breadcrumb":{"@id":"https:\/\/deafblindness.info\/es\/acerca-de-nosotros\/#breadcrumb"},"inLanguage":"es","potentialAction":[{"@type":"ReadAction","target":["https:\/\/deafblindness.info\/es\/acerca-de-nosotros\/"]}]},{"@type":"ImageObject","inLanguage":"es","@id":"https:\/\/deafblindness.info\/es\/acerca-de-nosotros\/#primaryimage","url":"https:\/\/deafblindness.info\/wp-content\/uploads\/2021\/11\/A-therapist-and-child-in-the-sensory-stimulation-room.jpeg","contentUrl":"https:\/\/deafblindness.info\/wp-content\/uploads\/2021\/11\/A-therapist-and-child-in-the-sensory-stimulation-room.jpeg","width":1500,"height":1000},{"@type":"BreadcrumbList","@id":"https:\/\/deafblindness.info\/es\/acerca-de-nosotros\/#breadcrumb","itemListElement":[{"@type":"ListItem","position":1,"name":"Home","item":"https:\/\/deafblindness.info\/es\/"},{"@type":"ListItem","position":2,"name":"Acerca de nosotros\u00a0"}]},{"@type":"WebSite","@id":"https:\/\/deafblindness.info\/es\/#website","url":"https:\/\/deafblindness.info\/es\/","name":"Global Deafblindness Resource Hub","description":"Connecting people with deafblindness to the world around them","publisher":{"@id":"https:\/\/deafblindness.info\/es\/#organization"},"potentialAction":[{"@type":"SearchAction","target":{"@type":"EntryPoint","urlTemplate":"https:\/\/deafblindness.info\/es\/?s={search_term_string}"},"query-input":{"@type":"PropertyValueSpecification","valueRequired":true,"valueName":"search_term_string"}}],"inLanguage":"es"},{"@type":"Organization","@id":"https:\/\/deafblindness.info\/es\/#organization","name":"Global Deafblindness Resource Hub","url":"https:\/\/deafblindness.info\/es\/","logo":{"@type":"ImageObject","inLanguage":"es","@id":"https:\/\/deafblindness.info\/es\/#\/schema\/logo\/image\/","url":"https:\/\/deafblindness.info\/wp-content\/uploads\/2024\/09\/logo-icon.svg","contentUrl":"https:\/\/deafblindness.info\/wp-content\/uploads\/2024\/09\/logo-icon.svg","width":50,"height":50,"caption":"Global Deafblindness Resource Hub"},"image":{"@id":"https:\/\/deafblindness.info\/es\/#\/schema\/logo\/image\/"}}]}},"_links":{"self":[{"href":"https:\/\/deafblindness.info\/es\/wp-json\/wp\/v2\/pages\/2649","targetHints":{"allow":["GET"]}}],"collection":[{"href":"https:\/\/deafblindness.info\/es\/wp-json\/wp\/v2\/pages"}],"about":[{"href":"https:\/\/deafblindness.info\/es\/wp-json\/wp\/v2\/types\/page"}],"author":[{"embeddable":true,"href":"https:\/\/deafblindness.info\/es\/wp-json\/wp\/v2\/users\/12"}],"replies":[{"embeddable":true,"href":"https:\/\/deafblindness.info\/es\/wp-json\/wp\/v2\/comments?post=2649"}],"version-history":[{"count":0,"href":"https:\/\/deafblindness.info\/es\/wp-json\/wp\/v2\/pages\/2649\/revisions"}],"wp:featuredmedia":[{"embeddable":true,"href":"https:\/\/deafblindness.info\/es\/wp-json\/wp\/v2\/media\/655"}],"wp:attachment":[{"href":"https:\/\/deafblindness.info\/es\/wp-json\/wp\/v2\/media?parent=2649"}],"curies":[{"name":"wp","href":"https:\/\/api.w.org\/{rel}","templated":true}]}}