{"id":2650,"date":"2025-01-23T16:46:06","date_gmt":"2025-01-23T16:46:06","guid":{"rendered":"https:\/\/deafblindness.info\/?page_id=2650"},"modified":"2025-02-10T15:40:21","modified_gmt":"2025-02-10T15:40:21","slug":"contactanos","status":"publish","type":"page","link":"https:\/\/deafblindness.info\/es\/contactanos\/","title":{"rendered":"Cont\u00e1ctanos\u00a0"},"content":{"rendered":"\n<p>El Centro Global de Recursos para la Sordoceguera est\u00e1 gestionado por Sense International UK en nombre de la familia Sense International. Si tiene comentarios sobre este sitio web, p\u00f3ngase en contacto con nuestro equipo en el Reino Unido utilizando los datos que aparecen a continuaci\u00f3n.&nbsp;<\/p>\n\n\n\n<p>Forma de contactarnos&nbsp;&nbsp;<\/p>\n\n\n\n<h2 class=\"wp-block-heading\"><strong>Por correo electr\u00f3nico<\/strong>&nbsp;<\/h2>\n\n\n\n<p>Env\u00edenos un correo electr\u00f3nico a SI.info@senseinternational.org.uk&nbsp;<\/p>\n\n\n\n<h2 class=\"wp-block-heading\"><strong>Por correo postal<\/strong>&nbsp;<\/h2>\n\n\n\n<p>Escr\u00edbanos a:&nbsp;<\/p>\n\n\n\n<p>101 Pentonville Road&nbsp;<\/p>\n\n\n\n<p>Londres&nbsp;<\/p>\n\n\n\n<p>N1 9LG&nbsp;<\/p>\n\n\n\n<p>Reino Unido&nbsp;<\/p>\n\n\n\n<h2 class=\"wp-block-heading\"><strong>Nuestras oficinas en todo el mundo<\/strong>&nbsp;<\/h2>\n\n\n\n<p>Para ponerse en contacto con cualquiera de nuestros equipos a nivel mundial, encontrar\u00e1 los datos de contacto en nuestra p\u00e1gina de<a href=\"https:\/\/www.senseinternational.org.uk\/our-work\/where-we-work\/\" target=\"_blank\" rel=\"noreferrer noopener\"> Sense International en todo el mundo<\/a>.&nbsp;<\/p>\n\n\n\n<h2 class=\"wp-block-heading\"><strong>M\u00e1s informaci\u00f3n<\/strong>&nbsp;<\/h2>\n\n\n\n<p>Si desea obtener m\u00e1s informaci\u00f3n sobre Sense International, incluida informaci\u00f3n adicional sobre nuestra visi\u00f3n, misi\u00f3n y trabajo, visite nuestro <a href=\"https:\/\/www.senseinternational.org.uk\/\" target=\"_blank\" rel=\"noreferrer noopener\">sitio web<\/a>.<\/p>\n\n\n\n<p><\/p>\n","protected":false},"excerpt":{"rendered":"<p>El Centro Global de Recursos para la Sordoceguera est\u00e1 gestionado por Sense International UK en nombre de la familia Sense International. Si tiene comentarios sobre este sitio web, p\u00f3ngase en contacto con nuestro equipo en&hellip;<\/p>\n","protected":false},"author":12,"featured_media":0,"parent":0,"menu_order":0,"comment_status":"closed","ping_status":"closed","template":"","meta":{"_acf_changed":false,"footnotes":""},"class_list":["post-2650","page","type-page","status-publish","hentry"],"acf":[],"yoast_head":"<!-- This site is optimized with the Yoast SEO plugin v26.9 - https:\/\/yoast.com\/product\/yoast-seo-wordpress\/ -->\n<title>Cont\u00e1ctanos\u00a0 - Global Deafblindness Resource Hub<\/title>\n<meta name=\"robots\" content=\"index, follow, max-snippet:-1, max-image-preview:large, max-video-preview:-1\" \/>\n<link rel=\"canonical\" href=\"https:\/\/deafblindness.info\/es\/contactanos\/\" \/>\n<meta property=\"og:locale\" content=\"es_ES\" \/>\n<meta property=\"og:type\" content=\"article\" \/>\n<meta property=\"og:title\" content=\"Cont\u00e1ctanos\u00a0 - Global Deafblindness Resource Hub\" \/>\n<meta property=\"og:description\" content=\"El Centro Global de Recursos para la Sordoceguera est\u00e1 gestionado por Sense International UK en nombre de la familia Sense International. Si tiene comentarios sobre este sitio web, p\u00f3ngase en contacto con nuestro equipo en&hellip;\" \/>\n<meta property=\"og:url\" content=\"https:\/\/deafblindness.info\/es\/contactanos\/\" \/>\n<meta property=\"og:site_name\" content=\"Global Deafblindness Resource Hub\" \/>\n<meta property=\"article:modified_time\" content=\"2025-02-10T15:40:21+00:00\" \/>\n<meta name=\"twitter:card\" content=\"summary_large_image\" \/>\n<meta name=\"twitter:label1\" content=\"Est. reading time\" \/>\n\t<meta name=\"twitter:data1\" content=\"1 minuto\" \/>\n<script type=\"application\/ld+json\" class=\"yoast-schema-graph\">{\"@context\":\"https:\/\/schema.org\",\"@graph\":[{\"@type\":\"WebPage\",\"@id\":\"https:\/\/deafblindness.info\/es\/contactanos\/\",\"url\":\"https:\/\/deafblindness.info\/es\/contactanos\/\",\"name\":\"Cont\u00e1ctanos\u00a0 - Global Deafblindness Resource Hub\",\"isPartOf\":{\"@id\":\"https:\/\/deafblindness.info\/es\/#website\"},\"datePublished\":\"2025-01-23T16:46:06+00:00\",\"dateModified\":\"2025-02-10T15:40:21+00:00\",\"breadcrumb\":{\"@id\":\"https:\/\/deafblindness.info\/es\/contactanos\/#breadcrumb\"},\"inLanguage\":\"es\",\"potentialAction\":[{\"@type\":\"ReadAction\",\"target\":[\"https:\/\/deafblindness.info\/es\/contactanos\/\"]}]},{\"@type\":\"BreadcrumbList\",\"@id\":\"https:\/\/deafblindness.info\/es\/contactanos\/#breadcrumb\",\"itemListElement\":[{\"@type\":\"ListItem\",\"position\":1,\"name\":\"Home\",\"item\":\"https:\/\/deafblindness.info\/es\/\"},{\"@type\":\"ListItem\",\"position\":2,\"name\":\"Cont\u00e1ctanos\u00a0\"}]},{\"@type\":\"WebSite\",\"@id\":\"https:\/\/deafblindness.info\/es\/#website\",\"url\":\"https:\/\/deafblindness.info\/es\/\",\"name\":\"Global Deafblindness Resource Hub\",\"description\":\"Connecting people with deafblindness to the world around them\",\"publisher\":{\"@id\":\"https:\/\/deafblindness.info\/es\/#organization\"},\"potentialAction\":[{\"@type\":\"SearchAction\",\"target\":{\"@type\":\"EntryPoint\",\"urlTemplate\":\"https:\/\/deafblindness.info\/es\/?s={search_term_string}\"},\"query-input\":{\"@type\":\"PropertyValueSpecification\",\"valueRequired\":true,\"valueName\":\"search_term_string\"}}],\"inLanguage\":\"es\"},{\"@type\":\"Organization\",\"@id\":\"https:\/\/deafblindness.info\/es\/#organization\",\"name\":\"Global Deafblindness Resource Hub\",\"url\":\"https:\/\/deafblindness.info\/es\/\",\"logo\":{\"@type\":\"ImageObject\",\"inLanguage\":\"es\",\"@id\":\"https:\/\/deafblindness.info\/es\/#\/schema\/logo\/image\/\",\"url\":\"https:\/\/deafblindness.info\/wp-content\/uploads\/2024\/09\/logo-icon.svg\",\"contentUrl\":\"https:\/\/deafblindness.info\/wp-content\/uploads\/2024\/09\/logo-icon.svg\",\"width\":50,\"height\":50,\"caption\":\"Global Deafblindness Resource Hub\"},\"image\":{\"@id\":\"https:\/\/deafblindness.info\/es\/#\/schema\/logo\/image\/\"}}]}<\/script>\n<!-- \/ Yoast SEO plugin. -->","yoast_head_json":{"title":"Cont\u00e1ctanos\u00a0 - Global Deafblindness Resource Hub","robots":{"index":"index","follow":"follow","max-snippet":"max-snippet:-1","max-image-preview":"max-image-preview:large","max-video-preview":"max-video-preview:-1"},"canonical":"https:\/\/deafblindness.info\/es\/contactanos\/","og_locale":"es_ES","og_type":"article","og_title":"Cont\u00e1ctanos\u00a0 - Global Deafblindness Resource Hub","og_description":"El Centro Global de Recursos para la Sordoceguera est\u00e1 gestionado por Sense International UK en nombre de la familia Sense International. Si tiene comentarios sobre este sitio web, p\u00f3ngase en contacto con nuestro equipo en&hellip;","og_url":"https:\/\/deafblindness.info\/es\/contactanos\/","og_site_name":"Global Deafblindness Resource Hub","article_modified_time":"2025-02-10T15:40:21+00:00","twitter_card":"summary_large_image","twitter_misc":{"Est. reading time":"1 minuto"},"schema":{"@context":"https:\/\/schema.org","@graph":[{"@type":"WebPage","@id":"https:\/\/deafblindness.info\/es\/contactanos\/","url":"https:\/\/deafblindness.info\/es\/contactanos\/","name":"Cont\u00e1ctanos\u00a0 - Global Deafblindness Resource Hub","isPartOf":{"@id":"https:\/\/deafblindness.info\/es\/#website"},"datePublished":"2025-01-23T16:46:06+00:00","dateModified":"2025-02-10T15:40:21+00:00","breadcrumb":{"@id":"https:\/\/deafblindness.info\/es\/contactanos\/#breadcrumb"},"inLanguage":"es","potentialAction":[{"@type":"ReadAction","target":["https:\/\/deafblindness.info\/es\/contactanos\/"]}]},{"@type":"BreadcrumbList","@id":"https:\/\/deafblindness.info\/es\/contactanos\/#breadcrumb","itemListElement":[{"@type":"ListItem","position":1,"name":"Home","item":"https:\/\/deafblindness.info\/es\/"},{"@type":"ListItem","position":2,"name":"Cont\u00e1ctanos\u00a0"}]},{"@type":"WebSite","@id":"https:\/\/deafblindness.info\/es\/#website","url":"https:\/\/deafblindness.info\/es\/","name":"Global Deafblindness Resource Hub","description":"Connecting people with deafblindness to the world around them","publisher":{"@id":"https:\/\/deafblindness.info\/es\/#organization"},"potentialAction":[{"@type":"SearchAction","target":{"@type":"EntryPoint","urlTemplate":"https:\/\/deafblindness.info\/es\/?s={search_term_string}"},"query-input":{"@type":"PropertyValueSpecification","valueRequired":true,"valueName":"search_term_string"}}],"inLanguage":"es"},{"@type":"Organization","@id":"https:\/\/deafblindness.info\/es\/#organization","name":"Global Deafblindness Resource Hub","url":"https:\/\/deafblindness.info\/es\/","logo":{"@type":"ImageObject","inLanguage":"es","@id":"https:\/\/deafblindness.info\/es\/#\/schema\/logo\/image\/","url":"https:\/\/deafblindness.info\/wp-content\/uploads\/2024\/09\/logo-icon.svg","contentUrl":"https:\/\/deafblindness.info\/wp-content\/uploads\/2024\/09\/logo-icon.svg","width":50,"height":50,"caption":"Global Deafblindness Resource Hub"},"image":{"@id":"https:\/\/deafblindness.info\/es\/#\/schema\/logo\/image\/"}}]}},"_links":{"self":[{"href":"https:\/\/deafblindness.info\/es\/wp-json\/wp\/v2\/pages\/2650","targetHints":{"allow":["GET"]}}],"collection":[{"href":"https:\/\/deafblindness.info\/es\/wp-json\/wp\/v2\/pages"}],"about":[{"href":"https:\/\/deafblindness.info\/es\/wp-json\/wp\/v2\/types\/page"}],"author":[{"embeddable":true,"href":"https:\/\/deafblindness.info\/es\/wp-json\/wp\/v2\/users\/12"}],"replies":[{"embeddable":true,"href":"https:\/\/deafblindness.info\/es\/wp-json\/wp\/v2\/comments?post=2650"}],"version-history":[{"count":0,"href":"https:\/\/deafblindness.info\/es\/wp-json\/wp\/v2\/pages\/2650\/revisions"}],"wp:attachment":[{"href":"https:\/\/deafblindness.info\/es\/wp-json\/wp\/v2\/media?parent=2650"}],"curies":[{"name":"wp","href":"https:\/\/api.w.org\/{rel}","templated":true}]}}