{"id":2755,"date":"2025-01-29T12:24:39","date_gmt":"2025-01-29T12:24:39","guid":{"rendered":"https:\/\/deafblindness.info\/?page_id=2755"},"modified":"2025-02-04T14:26:17","modified_gmt":"2025-02-04T14:26:17","slug":"declaracion-de-accesibilidad-web","status":"publish","type":"page","link":"https:\/\/deafblindness.info\/es\/declaracion-de-accesibilidad-web\/","title":{"rendered":"Declaraci\u00f3n de accesibilidad web\u00a0"},"content":{"rendered":"\n<p><strong>Ya sea que acceda al Centro Global de Recursos para la Sordoceguera a trav\u00e9s de la vista, el tacto o el habla, queremos que funcione lo mejor posible para usted.&nbsp;&nbsp;<\/strong>&nbsp;<\/p>\n\n\n\n<h2 class=\"wp-block-heading\">Nuestro Compromiso&nbsp;<\/h2>\n\n\n\n<p>Nos comprometemos a cumplir con el nivel 2.2 de las <a href=\"https:\/\/www.w3.org\/TR\/WCAG\/\">Pautas de Accesibilidad al Contenido Web<\/a> (WCAG).<strong>&nbsp;<\/strong><\/p>\n\n\n\n<p>Nuestro sitio web debe ser compatible con lectores de pantalla y software de reconocimiento de voz modernos. Debe responder adecuadamente a las lupas, temas de alto contraste y herramientas de voz integradas en los sistemas operativos modernos.&nbsp;<\/p>\n\n\n\n<p><a href=\"https:\/\/mcmw.abilitynet.org.uk\/\">AbilityNet<\/a> ofrece orientaci\u00f3n sobre c\u00f3mo hacer que los sitios web se adapten a usted y a sus necesidades.&nbsp;<\/p>\n\n\n\n<p><a href=\"https:\/\/www.nvaccess.org\/download\/\">NV Access<\/a> ofrece un software de lectura de pantalla gratuito para descargar.&nbsp;<\/p>\n\n\n\n<p>Nos esforzamos por probar nuestro sitio utilizando una amplia gama de tecnolog\u00edas, pero no podemos comprometernos a probar cada versi\u00f3n del navegador con cada versi\u00f3n de tecnolog\u00eda de asistencia, ni a probarlo en cada versi\u00f3n del sistema operativo o tipo de tel\u00e9fono m\u00f3vil.&nbsp;<\/p>\n\n\n\n<h2 class=\"wp-block-heading\">C\u00f3mo hacer que su navegador sea accesible&nbsp;&nbsp;<\/h2>\n\n\n\n<p>Hay funciones de accesibilidad adicionales disponibles para los navegadores siguientes:\u00a0<\/p>\n\n\n\n<ul class=\"wp-block-list\">\n<li><a href=\"https:\/\/www.google.com\/accessibility\/products-features\/#:~:text=Chrome%20browser\" target=\"_blank\" rel=\"noreferrer noopener\">Google Chrome<\/a>&nbsp;<\/li>\n<\/ul>\n\n\n\n<ul class=\"wp-block-list\">\n<li><a href=\"https:\/\/support.apple.com\/en-gb\/guide\/safari\/ibrw1075\/14.0\/mac\/11.0\" target=\"_blank\" rel=\"noreferrer noopener\">Safari<\/a>&nbsp;<\/li>\n<\/ul>\n\n\n\n<ul class=\"wp-block-list\">\n<li><a href=\"https:\/\/support.microsoft.com\/en-us\/microsoft-edge\/accessibility-features-in-microsoft-edge-4c696192-338e-9465-b2cd-bd9b698ad19a\" target=\"_blank\" rel=\"noreferrer noopener\">Microsoft Edge<\/a>&nbsp;<\/li>\n<\/ul>\n\n\n\n<ul class=\"wp-block-list\">\n<li><a href=\"http:\/\/windows.microsoft.com\/en-gb\/internet-explorer\/ie-accessibilty-options\" target=\"_blank\" rel=\"noreferrer noopener\">Internet Explorer<\/a>&nbsp;<\/li>\n<\/ul>\n\n\n\n<ul class=\"wp-block-list\">\n<li><a href=\"https:\/\/support.mozilla.org\/en-US\/kb\/accessibility-features-firefox-make-firefox-and-we?esab=a&amp;s=accessibility&amp;r=0&amp;as=s\" target=\"_blank\" rel=\"noreferrer noopener\">Firefox<\/a>&nbsp;<\/li>\n<\/ul>\n\n\n\n<h2 class=\"wp-block-heading\">Sitios web de terceros&nbsp;<\/h2>\n\n\n\n<p>En algunos lugares de nuestro sitio web, indicamos sitios web y aplicaciones de terceros que brindan informaci\u00f3n y consejos \u00fatiles a nuestros usuarios. No podemos garantizar que estos sitios web y aplicaciones de terceros sean completamente accesibles y cumplan con las WCAG. Siempre que sea posible, nos esforzamos por trabajar con estos terceros para realizar los cambios necesarios para cumplir con las WCAG y mejorar su accesibilidad.&nbsp;&nbsp;<\/p>\n\n\n\n<h2 class=\"wp-block-heading\">\u00bfComo lo estamos haciendo?&nbsp;<\/h2>\n\n\n\n<p>Hacemos todo lo posible para que todo el contenido de nuestro sitio web sea accesible, pero es posible que algunas \u00e1reas de nuestro sitio web a\u00fan necesiten mejoras en este aspecto. Estamos trabajando activamente para mejorar nuestra accesibilidad y la experiencia del usuario y continuamente recibimos comentarios de los usuarios para ayudarnos a mejorar esto. Si tiene problemas para acceder a nuestro sitio web, comun\u00edquese con nosotros : <a href=\"mailto:SI.info@senseinternational.org.uk\" target=\"_blank\" rel=\"noreferrer noopener\">SI.info@senseinternational.org.uk<\/a>&nbsp;<\/p>\n","protected":false},"excerpt":{"rendered":"<p>Ya sea que acceda al Centro Global de Recursos para la Sordoceguera a trav\u00e9s de la vista, el tacto o el habla, queremos que funcione lo mejor posible para usted.&nbsp;&nbsp;&nbsp; Nuestro Compromiso&nbsp; Nos comprometemos a&hellip;<\/p>\n","protected":false},"author":12,"featured_media":0,"parent":0,"menu_order":0,"comment_status":"closed","ping_status":"closed","template":"","meta":{"_acf_changed":false,"footnotes":""},"class_list":["post-2755","page","type-page","status-publish","hentry"],"acf":[],"yoast_head":"<!-- This site is optimized with the Yoast SEO plugin v26.9 - https:\/\/yoast.com\/product\/yoast-seo-wordpress\/ -->\n<title>Declaraci\u00f3n de accesibilidad web\u00a0 - Global Deafblindness Resource Hub<\/title>\n<meta name=\"robots\" content=\"index, follow, max-snippet:-1, max-image-preview:large, max-video-preview:-1\" \/>\n<link rel=\"canonical\" href=\"https:\/\/deafblindness.info\/es\/declaracion-de-accesibilidad-web\/\" \/>\n<meta property=\"og:locale\" content=\"es_ES\" \/>\n<meta property=\"og:type\" content=\"article\" \/>\n<meta property=\"og:title\" content=\"Declaraci\u00f3n de accesibilidad web\u00a0 - Global Deafblindness Resource Hub\" \/>\n<meta property=\"og:description\" content=\"Ya sea que acceda al Centro Global de Recursos para la Sordoceguera a trav\u00e9s de la vista, el tacto o el habla, queremos que funcione lo mejor posible para usted.&nbsp;&nbsp;&nbsp; Nuestro Compromiso&nbsp; Nos comprometemos a&hellip;\" \/>\n<meta property=\"og:url\" content=\"https:\/\/deafblindness.info\/es\/declaracion-de-accesibilidad-web\/\" \/>\n<meta property=\"og:site_name\" content=\"Global Deafblindness Resource Hub\" \/>\n<meta property=\"article:modified_time\" content=\"2025-02-04T14:26:17+00:00\" \/>\n<meta name=\"twitter:card\" content=\"summary_large_image\" \/>\n<meta name=\"twitter:label1\" content=\"Est. reading time\" \/>\n\t<meta name=\"twitter:data1\" content=\"2 minutos\" \/>\n<script type=\"application\/ld+json\" class=\"yoast-schema-graph\">{\"@context\":\"https:\/\/schema.org\",\"@graph\":[{\"@type\":\"WebPage\",\"@id\":\"https:\/\/deafblindness.info\/es\/declaracion-de-accesibilidad-web\/\",\"url\":\"https:\/\/deafblindness.info\/es\/declaracion-de-accesibilidad-web\/\",\"name\":\"Declaraci\u00f3n de accesibilidad web\u00a0 - Global Deafblindness Resource Hub\",\"isPartOf\":{\"@id\":\"https:\/\/deafblindness.info\/es\/#website\"},\"datePublished\":\"2025-01-29T12:24:39+00:00\",\"dateModified\":\"2025-02-04T14:26:17+00:00\",\"breadcrumb\":{\"@id\":\"https:\/\/deafblindness.info\/es\/declaracion-de-accesibilidad-web\/#breadcrumb\"},\"inLanguage\":\"es\",\"potentialAction\":[{\"@type\":\"ReadAction\",\"target\":[\"https:\/\/deafblindness.info\/es\/declaracion-de-accesibilidad-web\/\"]}]},{\"@type\":\"BreadcrumbList\",\"@id\":\"https:\/\/deafblindness.info\/es\/declaracion-de-accesibilidad-web\/#breadcrumb\",\"itemListElement\":[{\"@type\":\"ListItem\",\"position\":1,\"name\":\"Home\",\"item\":\"https:\/\/deafblindness.info\/es\/\"},{\"@type\":\"ListItem\",\"position\":2,\"name\":\"Declaraci\u00f3n de accesibilidad web\u00a0\"}]},{\"@type\":\"WebSite\",\"@id\":\"https:\/\/deafblindness.info\/es\/#website\",\"url\":\"https:\/\/deafblindness.info\/es\/\",\"name\":\"Global Deafblindness Resource Hub\",\"description\":\"Connecting people with deafblindness to the world around them\",\"publisher\":{\"@id\":\"https:\/\/deafblindness.info\/es\/#organization\"},\"potentialAction\":[{\"@type\":\"SearchAction\",\"target\":{\"@type\":\"EntryPoint\",\"urlTemplate\":\"https:\/\/deafblindness.info\/es\/?s={search_term_string}\"},\"query-input\":{\"@type\":\"PropertyValueSpecification\",\"valueRequired\":true,\"valueName\":\"search_term_string\"}}],\"inLanguage\":\"es\"},{\"@type\":\"Organization\",\"@id\":\"https:\/\/deafblindness.info\/es\/#organization\",\"name\":\"Global Deafblindness Resource Hub\",\"url\":\"https:\/\/deafblindness.info\/es\/\",\"logo\":{\"@type\":\"ImageObject\",\"inLanguage\":\"es\",\"@id\":\"https:\/\/deafblindness.info\/es\/#\/schema\/logo\/image\/\",\"url\":\"https:\/\/deafblindness.info\/wp-content\/uploads\/2024\/09\/logo-icon.svg\",\"contentUrl\":\"https:\/\/deafblindness.info\/wp-content\/uploads\/2024\/09\/logo-icon.svg\",\"width\":50,\"height\":50,\"caption\":\"Global Deafblindness Resource Hub\"},\"image\":{\"@id\":\"https:\/\/deafblindness.info\/es\/#\/schema\/logo\/image\/\"}}]}<\/script>\n<!-- \/ Yoast SEO plugin. -->","yoast_head_json":{"title":"Declaraci\u00f3n de accesibilidad web\u00a0 - Global Deafblindness Resource Hub","robots":{"index":"index","follow":"follow","max-snippet":"max-snippet:-1","max-image-preview":"max-image-preview:large","max-video-preview":"max-video-preview:-1"},"canonical":"https:\/\/deafblindness.info\/es\/declaracion-de-accesibilidad-web\/","og_locale":"es_ES","og_type":"article","og_title":"Declaraci\u00f3n de accesibilidad web\u00a0 - Global Deafblindness Resource Hub","og_description":"Ya sea que acceda al Centro Global de Recursos para la Sordoceguera a trav\u00e9s de la vista, el tacto o el habla, queremos que funcione lo mejor posible para usted.&nbsp;&nbsp;&nbsp; Nuestro Compromiso&nbsp; Nos comprometemos a&hellip;","og_url":"https:\/\/deafblindness.info\/es\/declaracion-de-accesibilidad-web\/","og_site_name":"Global Deafblindness Resource Hub","article_modified_time":"2025-02-04T14:26:17+00:00","twitter_card":"summary_large_image","twitter_misc":{"Est. reading time":"2 minutos"},"schema":{"@context":"https:\/\/schema.org","@graph":[{"@type":"WebPage","@id":"https:\/\/deafblindness.info\/es\/declaracion-de-accesibilidad-web\/","url":"https:\/\/deafblindness.info\/es\/declaracion-de-accesibilidad-web\/","name":"Declaraci\u00f3n de accesibilidad web\u00a0 - Global Deafblindness Resource Hub","isPartOf":{"@id":"https:\/\/deafblindness.info\/es\/#website"},"datePublished":"2025-01-29T12:24:39+00:00","dateModified":"2025-02-04T14:26:17+00:00","breadcrumb":{"@id":"https:\/\/deafblindness.info\/es\/declaracion-de-accesibilidad-web\/#breadcrumb"},"inLanguage":"es","potentialAction":[{"@type":"ReadAction","target":["https:\/\/deafblindness.info\/es\/declaracion-de-accesibilidad-web\/"]}]},{"@type":"BreadcrumbList","@id":"https:\/\/deafblindness.info\/es\/declaracion-de-accesibilidad-web\/#breadcrumb","itemListElement":[{"@type":"ListItem","position":1,"name":"Home","item":"https:\/\/deafblindness.info\/es\/"},{"@type":"ListItem","position":2,"name":"Declaraci\u00f3n de accesibilidad web\u00a0"}]},{"@type":"WebSite","@id":"https:\/\/deafblindness.info\/es\/#website","url":"https:\/\/deafblindness.info\/es\/","name":"Global Deafblindness Resource Hub","description":"Connecting people with deafblindness to the world around them","publisher":{"@id":"https:\/\/deafblindness.info\/es\/#organization"},"potentialAction":[{"@type":"SearchAction","target":{"@type":"EntryPoint","urlTemplate":"https:\/\/deafblindness.info\/es\/?s={search_term_string}"},"query-input":{"@type":"PropertyValueSpecification","valueRequired":true,"valueName":"search_term_string"}}],"inLanguage":"es"},{"@type":"Organization","@id":"https:\/\/deafblindness.info\/es\/#organization","name":"Global Deafblindness Resource Hub","url":"https:\/\/deafblindness.info\/es\/","logo":{"@type":"ImageObject","inLanguage":"es","@id":"https:\/\/deafblindness.info\/es\/#\/schema\/logo\/image\/","url":"https:\/\/deafblindness.info\/wp-content\/uploads\/2024\/09\/logo-icon.svg","contentUrl":"https:\/\/deafblindness.info\/wp-content\/uploads\/2024\/09\/logo-icon.svg","width":50,"height":50,"caption":"Global Deafblindness Resource Hub"},"image":{"@id":"https:\/\/deafblindness.info\/es\/#\/schema\/logo\/image\/"}}]}},"_links":{"self":[{"href":"https:\/\/deafblindness.info\/es\/wp-json\/wp\/v2\/pages\/2755","targetHints":{"allow":["GET"]}}],"collection":[{"href":"https:\/\/deafblindness.info\/es\/wp-json\/wp\/v2\/pages"}],"about":[{"href":"https:\/\/deafblindness.info\/es\/wp-json\/wp\/v2\/types\/page"}],"author":[{"embeddable":true,"href":"https:\/\/deafblindness.info\/es\/wp-json\/wp\/v2\/users\/12"}],"replies":[{"embeddable":true,"href":"https:\/\/deafblindness.info\/es\/wp-json\/wp\/v2\/comments?post=2755"}],"version-history":[{"count":0,"href":"https:\/\/deafblindness.info\/es\/wp-json\/wp\/v2\/pages\/2755\/revisions"}],"wp:attachment":[{"href":"https:\/\/deafblindness.info\/es\/wp-json\/wp\/v2\/media?parent=2755"}],"curies":[{"name":"wp","href":"https:\/\/api.w.org\/{rel}","templated":true}]}}