{"id":3186,"date":"2025-02-20T10:46:25","date_gmt":"2025-02-20T10:46:25","guid":{"rendered":"https:\/\/deafblindness.info\/?page_id=3186"},"modified":"2025-02-21T15:21:16","modified_gmt":"2025-02-21T15:21:16","slug":"india","status":"publish","type":"page","link":"https:\/\/deafblindness.info\/es\/informacion-del-pais\/india\/","title":{"rendered":"India \u00a0\u00a0"},"content":{"rendered":"\n<div class=\"wp-block-acf-box  box  box--padded  is-style-default  alignright\">\n\n  <div class=\"acf-innerblocks-container\">\n\n<p class=\"is-style-intro has-primary-color has-text-color has-link-color wp-elements-2e99e8926c0f8aae71a8239d2129937e\">En la India, se estima que 552,000 personas viven con sordoceguera.*<\/p>\n\n\n\n<p class=\"has-x-small-font-size\">*Federaci\u00f3n Mundial de Sordociegos (WFDB). (2018). <em>En riesgo de exclusi\u00f3n de la implementaci\u00f3n de la CDPD y los ODS: La desigualdad y las personas con sordoceguera<\/em>.<\/p>\n\n<\/div>\n\n<\/div>\n\n\n<p>En el contexto indio, la Ley de Derechos de las Personas con Discapacidad de 2016 define la sordoceguera como \u201cuna condici\u00f3n en la que una persona presenta una combinaci\u00f3n de discapacidades auditivas y visuales que generan serias dificultades en la comunicaci\u00f3n, el desarrollo y la educaci\u00f3n\u201d. Con m\u00e1s de 500,000 personas que viven con sordoceguera en la India, solo un n\u00famero limitado de organizaciones se dedican a apoyar a esta poblaci\u00f3n.<\/p>\n\n\n\n<p>Por el a\u00f1o 1997, solo hab\u00eda una escuela en la India que ofrec\u00eda educaci\u00f3n y otros servicios a 23 ni\u00f1os con sordoceguera.<\/p>\n\n\n\n<p>Actualmente, Sense India est\u00e1 trabajando en 23 estados de la India a trav\u00e9s de una red de 60 ONGs asociadas, transformando las vidas de m\u00e1s de 80,000 personas con sordoceguera, sac\u00e1ndolos del aislamiento y la negligencia para llevarlos a la comprensi\u00f3n de su mundo y el goce de vidas plenas y activas.&nbsp;&nbsp;&nbsp;<\/p>\n\n\n\n<p>El acceso a la tecnolog\u00eda puede ser un punto de inflexi\u00f3n para las personas con sordoceguera, proporcionando nuevas formas de acceder a la informaci\u00f3n para comunicarse con otros y participar en la vida diaria. Estos recursos permitir\u00e1n que las personas con sordoceguera y aquellos que las apoyan vivan, aprendan y prosperen.<\/p>\n\n\n\n<div class=\"wp-block-buttons is-layout-flex wp-block-buttons-is-layout-flex\">\n<div class=\"wp-block-button\"><a class=\"wp-block-button__link wp-element-button\" href=\"https:\/\/deafblindness.info\/hi\/%e0%a4%b8%e0%a4%82%e0%a4%b8%e0%a4%be%e0%a4%a7%e0%a4%a8\/\">Ver los recursos de la India<\/a><\/div>\n<\/div>\n\n\n\n<p><\/p>\n","protected":false},"excerpt":{"rendered":"<p>En el contexto indio, la Ley de Derechos de las Personas con Discapacidad de 2016 define la sordoceguera como \u201cuna condici\u00f3n en la que una persona presenta una combinaci\u00f3n de discapacidades auditivas y visuales que&hellip;<\/p>\n","protected":false},"author":12,"featured_media":0,"parent":1960,"menu_order":0,"comment_status":"closed","ping_status":"closed","template":"","meta":{"_acf_changed":false,"footnotes":""},"class_list":["post-3186","page","type-page","status-publish","hentry"],"acf":[],"yoast_head":"<!-- This site is optimized with the Yoast SEO plugin v26.9 - https:\/\/yoast.com\/product\/yoast-seo-wordpress\/ -->\n<title>India \u00a0\u00a0 - Global Deafblindness Resource Hub<\/title>\n<meta name=\"robots\" content=\"index, follow, max-snippet:-1, max-image-preview:large, max-video-preview:-1\" \/>\n<link rel=\"canonical\" href=\"https:\/\/deafblindness.info\/es\/informacion-del-pais\/india\/\" \/>\n<meta property=\"og:locale\" content=\"es_ES\" \/>\n<meta property=\"og:type\" content=\"article\" \/>\n<meta property=\"og:title\" content=\"India \u00a0\u00a0 - Global Deafblindness Resource Hub\" \/>\n<meta property=\"og:description\" content=\"En el contexto indio, la Ley de Derechos de las Personas con Discapacidad de 2016 define la sordoceguera como \u201cuna condici\u00f3n en la que una persona presenta una combinaci\u00f3n de discapacidades auditivas y visuales que&hellip;\" \/>\n<meta property=\"og:url\" content=\"https:\/\/deafblindness.info\/es\/informacion-del-pais\/india\/\" \/>\n<meta property=\"og:site_name\" content=\"Global Deafblindness Resource Hub\" \/>\n<meta property=\"article:modified_time\" content=\"2025-02-21T15:21:16+00:00\" \/>\n<meta name=\"twitter:card\" content=\"summary_large_image\" \/>\n<meta name=\"twitter:label1\" content=\"Est. reading time\" \/>\n\t<meta name=\"twitter:data1\" content=\"2 minutos\" \/>\n<script type=\"application\/ld+json\" class=\"yoast-schema-graph\">{\"@context\":\"https:\/\/schema.org\",\"@graph\":[{\"@type\":\"WebPage\",\"@id\":\"https:\/\/deafblindness.info\/es\/informacion-del-pais\/india\/\",\"url\":\"https:\/\/deafblindness.info\/es\/informacion-del-pais\/india\/\",\"name\":\"India \u00a0\u00a0 - Global Deafblindness Resource Hub\",\"isPartOf\":{\"@id\":\"https:\/\/deafblindness.info\/es\/#website\"},\"datePublished\":\"2025-02-20T10:46:25+00:00\",\"dateModified\":\"2025-02-21T15:21:16+00:00\",\"breadcrumb\":{\"@id\":\"https:\/\/deafblindness.info\/es\/informacion-del-pais\/india\/#breadcrumb\"},\"inLanguage\":\"es\",\"potentialAction\":[{\"@type\":\"ReadAction\",\"target\":[\"https:\/\/deafblindness.info\/es\/informacion-del-pais\/india\/\"]}]},{\"@type\":\"BreadcrumbList\",\"@id\":\"https:\/\/deafblindness.info\/es\/informacion-del-pais\/india\/#breadcrumb\",\"itemListElement\":[{\"@type\":\"ListItem\",\"position\":1,\"name\":\"Home\",\"item\":\"https:\/\/deafblindness.info\/es\/\"},{\"@type\":\"ListItem\",\"position\":2,\"name\":\"Informaci\u00f3n por pa\u00eds\u00a0\",\"item\":\"https:\/\/deafblindness.info\/es\/informacion-del-pais\/\"},{\"@type\":\"ListItem\",\"position\":3,\"name\":\"India \u00a0\u00a0\"}]},{\"@type\":\"WebSite\",\"@id\":\"https:\/\/deafblindness.info\/es\/#website\",\"url\":\"https:\/\/deafblindness.info\/es\/\",\"name\":\"Global Deafblindness Resource Hub\",\"description\":\"Connecting people with deafblindness to the world around them\",\"publisher\":{\"@id\":\"https:\/\/deafblindness.info\/es\/#organization\"},\"potentialAction\":[{\"@type\":\"SearchAction\",\"target\":{\"@type\":\"EntryPoint\",\"urlTemplate\":\"https:\/\/deafblindness.info\/es\/?s={search_term_string}\"},\"query-input\":{\"@type\":\"PropertyValueSpecification\",\"valueRequired\":true,\"valueName\":\"search_term_string\"}}],\"inLanguage\":\"es\"},{\"@type\":\"Organization\",\"@id\":\"https:\/\/deafblindness.info\/es\/#organization\",\"name\":\"Global Deafblindness Resource Hub\",\"url\":\"https:\/\/deafblindness.info\/es\/\",\"logo\":{\"@type\":\"ImageObject\",\"inLanguage\":\"es\",\"@id\":\"https:\/\/deafblindness.info\/es\/#\/schema\/logo\/image\/\",\"url\":\"https:\/\/deafblindness.info\/wp-content\/uploads\/2024\/09\/logo-icon.svg\",\"contentUrl\":\"https:\/\/deafblindness.info\/wp-content\/uploads\/2024\/09\/logo-icon.svg\",\"width\":50,\"height\":50,\"caption\":\"Global Deafblindness Resource Hub\"},\"image\":{\"@id\":\"https:\/\/deafblindness.info\/es\/#\/schema\/logo\/image\/\"}}]}<\/script>\n<!-- \/ Yoast SEO plugin. -->","yoast_head_json":{"title":"India \u00a0\u00a0 - Global Deafblindness Resource Hub","robots":{"index":"index","follow":"follow","max-snippet":"max-snippet:-1","max-image-preview":"max-image-preview:large","max-video-preview":"max-video-preview:-1"},"canonical":"https:\/\/deafblindness.info\/es\/informacion-del-pais\/india\/","og_locale":"es_ES","og_type":"article","og_title":"India \u00a0\u00a0 - Global Deafblindness Resource Hub","og_description":"En el contexto indio, la Ley de Derechos de las Personas con Discapacidad de 2016 define la sordoceguera como \u201cuna condici\u00f3n en la que una persona presenta una combinaci\u00f3n de discapacidades auditivas y visuales que&hellip;","og_url":"https:\/\/deafblindness.info\/es\/informacion-del-pais\/india\/","og_site_name":"Global Deafblindness Resource Hub","article_modified_time":"2025-02-21T15:21:16+00:00","twitter_card":"summary_large_image","twitter_misc":{"Est. reading time":"2 minutos"},"schema":{"@context":"https:\/\/schema.org","@graph":[{"@type":"WebPage","@id":"https:\/\/deafblindness.info\/es\/informacion-del-pais\/india\/","url":"https:\/\/deafblindness.info\/es\/informacion-del-pais\/india\/","name":"India \u00a0\u00a0 - Global Deafblindness Resource Hub","isPartOf":{"@id":"https:\/\/deafblindness.info\/es\/#website"},"datePublished":"2025-02-20T10:46:25+00:00","dateModified":"2025-02-21T15:21:16+00:00","breadcrumb":{"@id":"https:\/\/deafblindness.info\/es\/informacion-del-pais\/india\/#breadcrumb"},"inLanguage":"es","potentialAction":[{"@type":"ReadAction","target":["https:\/\/deafblindness.info\/es\/informacion-del-pais\/india\/"]}]},{"@type":"BreadcrumbList","@id":"https:\/\/deafblindness.info\/es\/informacion-del-pais\/india\/#breadcrumb","itemListElement":[{"@type":"ListItem","position":1,"name":"Home","item":"https:\/\/deafblindness.info\/es\/"},{"@type":"ListItem","position":2,"name":"Informaci\u00f3n por pa\u00eds\u00a0","item":"https:\/\/deafblindness.info\/es\/informacion-del-pais\/"},{"@type":"ListItem","position":3,"name":"India \u00a0\u00a0"}]},{"@type":"WebSite","@id":"https:\/\/deafblindness.info\/es\/#website","url":"https:\/\/deafblindness.info\/es\/","name":"Global Deafblindness Resource Hub","description":"Connecting people with deafblindness to the world around them","publisher":{"@id":"https:\/\/deafblindness.info\/es\/#organization"},"potentialAction":[{"@type":"SearchAction","target":{"@type":"EntryPoint","urlTemplate":"https:\/\/deafblindness.info\/es\/?s={search_term_string}"},"query-input":{"@type":"PropertyValueSpecification","valueRequired":true,"valueName":"search_term_string"}}],"inLanguage":"es"},{"@type":"Organization","@id":"https:\/\/deafblindness.info\/es\/#organization","name":"Global Deafblindness Resource Hub","url":"https:\/\/deafblindness.info\/es\/","logo":{"@type":"ImageObject","inLanguage":"es","@id":"https:\/\/deafblindness.info\/es\/#\/schema\/logo\/image\/","url":"https:\/\/deafblindness.info\/wp-content\/uploads\/2024\/09\/logo-icon.svg","contentUrl":"https:\/\/deafblindness.info\/wp-content\/uploads\/2024\/09\/logo-icon.svg","width":50,"height":50,"caption":"Global Deafblindness Resource Hub"},"image":{"@id":"https:\/\/deafblindness.info\/es\/#\/schema\/logo\/image\/"}}]}},"_links":{"self":[{"href":"https:\/\/deafblindness.info\/es\/wp-json\/wp\/v2\/pages\/3186","targetHints":{"allow":["GET"]}}],"collection":[{"href":"https:\/\/deafblindness.info\/es\/wp-json\/wp\/v2\/pages"}],"about":[{"href":"https:\/\/deafblindness.info\/es\/wp-json\/wp\/v2\/types\/page"}],"author":[{"embeddable":true,"href":"https:\/\/deafblindness.info\/es\/wp-json\/wp\/v2\/users\/12"}],"replies":[{"embeddable":true,"href":"https:\/\/deafblindness.info\/es\/wp-json\/wp\/v2\/comments?post=3186"}],"version-history":[{"count":0,"href":"https:\/\/deafblindness.info\/es\/wp-json\/wp\/v2\/pages\/3186\/revisions"}],"up":[{"embeddable":true,"href":"https:\/\/deafblindness.info\/es\/wp-json\/wp\/v2\/pages\/1960"}],"wp:attachment":[{"href":"https:\/\/deafblindness.info\/es\/wp-json\/wp\/v2\/media?parent=3186"}],"curies":[{"name":"wp","href":"https:\/\/api.w.org\/{rel}","templated":true}]}}