{"id":3190,"date":"2025-02-20T11:11:34","date_gmt":"2025-02-20T11:11:34","guid":{"rendered":"https:\/\/deafblindness.info\/?page_id=3190"},"modified":"2025-02-20T11:11:36","modified_gmt":"2025-02-20T11:11:36","slug":"nepal","status":"publish","type":"page","link":"https:\/\/deafblindness.info\/es\/informacion-del-pais\/nepal\/","title":{"rendered":"Nepal \u00a0"},"content":{"rendered":"\n<div class=\"wp-block-acf-box  box  box--padded  is-style-default  alignright\">\n\n  <div class=\"acf-innerblocks-container\">\n\n<p class=\"is-style-intro has-primary-color has-text-color has-link-color wp-elements-d3dd3b1c07154ae1f544e6608c371b98\">En Nepal, se estima que <strong>m\u00e1s de 11,500 personas<\/strong> viven con sordoceguera. *<\/p>\n\n\n\n<p class=\"has-x-small-font-size\">*Federaci\u00f3n Mundial de Sordociegos (WFDB). (2018). <em>En riesgo de exclusi\u00f3n de la implementaci\u00f3n de la CDPD y los ODS: La desigualdad y las personas con sordoceguera<\/em>.<\/p>\n\n<\/div>\n\n<\/div>\n\n\n<p>En Nepal, las personas con sordoceguera son consideradas como uno de los grupos m\u00e1s marginados y vulnerables.<\/p>\n\n\n\n<p>De acuerdo con la definici\u00f3n y clasificaci\u00f3n anterior del Gobierno de Nepal de lo que son las discapacidades, la sordoceguera era considerada solo como un tipo m\u00e1s en la categor\u00eda de discapacidad m\u00faltiple. Esto dificult\u00f3 que las personas con sordoceguera recibieran el apoyo y la asistencia espec\u00edficos que necesitaban.<\/p>\n\n\n\n<p>Gracias al activismo de la comunidad liderada por la Federaci\u00f3n Nacional de Discapacitados de Nepal [NFDN], el gobierno separ\u00f3 la sordoceguera de las discapacidades m\u00faltiples y la reconoci\u00f3 como una discapacidad aparte en 2006. Sin embargo, a pesar de este reconocimiento, las personas con sordoceguera siguen enfrentando desaf\u00edos importantes para obtener informaci\u00f3n, asegurar sus derechos y acceder al apoyo que necesitan.<\/p>\n\n\n\n<p>El acceso a la tecnolog\u00eda puede ser un punto de inflexi\u00f3n para las personas con sordoceguera, brindando nuevas formas de acceder a la informaci\u00f3n para comunicarse con otros y participar en la vida diaria. Estos recursos permitir\u00e1n que las personas con sordoceguera y aquellos que las apoyan vivan, aprendan y prosperen<\/p>\n\n\n\n<div class=\"wp-block-buttons is-layout-flex wp-block-buttons-is-layout-flex\">\n<div class=\"wp-block-button\"><a class=\"wp-block-button__link wp-element-button\" href=\"https:\/\/deafblindness.info\/ne\/%e0%a4%b8%e0%a5%8d%e0%a4%b0%e0%a5%8b%e0%a4%a4%e0%a4%b9%e0%a4%b0%e0%a5%82\/\">Ver los recursos de Nepal<\/a><\/div>\n<\/div>\n\n\n\n<p><\/p>\n","protected":false},"excerpt":{"rendered":"<p>En Nepal, las personas con sordoceguera son consideradas como uno de los grupos m\u00e1s marginados y vulnerables. De acuerdo con la definici\u00f3n y clasificaci\u00f3n anterior del Gobierno de Nepal de lo que son las discapacidades,&hellip;<\/p>\n","protected":false},"author":12,"featured_media":0,"parent":1960,"menu_order":0,"comment_status":"closed","ping_status":"closed","template":"","meta":{"_acf_changed":false,"footnotes":""},"class_list":["post-3190","page","type-page","status-publish","hentry"],"acf":[],"yoast_head":"<!-- This site is optimized with the Yoast SEO plugin v26.9 - https:\/\/yoast.com\/product\/yoast-seo-wordpress\/ -->\n<title>Nepal \u00a0 - Global Deafblindness Resource Hub<\/title>\n<meta name=\"robots\" content=\"index, follow, max-snippet:-1, max-image-preview:large, max-video-preview:-1\" \/>\n<link rel=\"canonical\" href=\"https:\/\/deafblindness.info\/es\/informacion-del-pais\/nepal\/\" \/>\n<meta property=\"og:locale\" content=\"es_ES\" \/>\n<meta property=\"og:type\" content=\"article\" \/>\n<meta property=\"og:title\" content=\"Nepal \u00a0 - Global Deafblindness Resource Hub\" \/>\n<meta property=\"og:description\" content=\"En Nepal, las personas con sordoceguera son consideradas como uno de los grupos m\u00e1s marginados y vulnerables. De acuerdo con la definici\u00f3n y clasificaci\u00f3n anterior del Gobierno de Nepal de lo que son las discapacidades,&hellip;\" \/>\n<meta property=\"og:url\" content=\"https:\/\/deafblindness.info\/es\/informacion-del-pais\/nepal\/\" \/>\n<meta property=\"og:site_name\" content=\"Global Deafblindness Resource Hub\" \/>\n<meta property=\"article:modified_time\" content=\"2025-02-20T11:11:36+00:00\" \/>\n<meta name=\"twitter:card\" content=\"summary_large_image\" \/>\n<meta name=\"twitter:label1\" content=\"Est. reading time\" \/>\n\t<meta name=\"twitter:data1\" content=\"1 minuto\" \/>\n<script type=\"application\/ld+json\" class=\"yoast-schema-graph\">{\"@context\":\"https:\/\/schema.org\",\"@graph\":[{\"@type\":\"WebPage\",\"@id\":\"https:\/\/deafblindness.info\/es\/informacion-del-pais\/nepal\/\",\"url\":\"https:\/\/deafblindness.info\/es\/informacion-del-pais\/nepal\/\",\"name\":\"Nepal \u00a0 - Global Deafblindness Resource Hub\",\"isPartOf\":{\"@id\":\"https:\/\/deafblindness.info\/es\/#website\"},\"datePublished\":\"2025-02-20T11:11:34+00:00\",\"dateModified\":\"2025-02-20T11:11:36+00:00\",\"breadcrumb\":{\"@id\":\"https:\/\/deafblindness.info\/es\/informacion-del-pais\/nepal\/#breadcrumb\"},\"inLanguage\":\"es\",\"potentialAction\":[{\"@type\":\"ReadAction\",\"target\":[\"https:\/\/deafblindness.info\/es\/informacion-del-pais\/nepal\/\"]}]},{\"@type\":\"BreadcrumbList\",\"@id\":\"https:\/\/deafblindness.info\/es\/informacion-del-pais\/nepal\/#breadcrumb\",\"itemListElement\":[{\"@type\":\"ListItem\",\"position\":1,\"name\":\"Home\",\"item\":\"https:\/\/deafblindness.info\/es\/\"},{\"@type\":\"ListItem\",\"position\":2,\"name\":\"Informaci\u00f3n por pa\u00eds\u00a0\",\"item\":\"https:\/\/deafblindness.info\/es\/informacion-del-pais\/\"},{\"@type\":\"ListItem\",\"position\":3,\"name\":\"Nepal \u00a0\"}]},{\"@type\":\"WebSite\",\"@id\":\"https:\/\/deafblindness.info\/es\/#website\",\"url\":\"https:\/\/deafblindness.info\/es\/\",\"name\":\"Global Deafblindness Resource Hub\",\"description\":\"Connecting people with deafblindness to the world around them\",\"publisher\":{\"@id\":\"https:\/\/deafblindness.info\/es\/#organization\"},\"potentialAction\":[{\"@type\":\"SearchAction\",\"target\":{\"@type\":\"EntryPoint\",\"urlTemplate\":\"https:\/\/deafblindness.info\/es\/?s={search_term_string}\"},\"query-input\":{\"@type\":\"PropertyValueSpecification\",\"valueRequired\":true,\"valueName\":\"search_term_string\"}}],\"inLanguage\":\"es\"},{\"@type\":\"Organization\",\"@id\":\"https:\/\/deafblindness.info\/es\/#organization\",\"name\":\"Global Deafblindness Resource Hub\",\"url\":\"https:\/\/deafblindness.info\/es\/\",\"logo\":{\"@type\":\"ImageObject\",\"inLanguage\":\"es\",\"@id\":\"https:\/\/deafblindness.info\/es\/#\/schema\/logo\/image\/\",\"url\":\"https:\/\/deafblindness.info\/wp-content\/uploads\/2024\/09\/logo-icon.svg\",\"contentUrl\":\"https:\/\/deafblindness.info\/wp-content\/uploads\/2024\/09\/logo-icon.svg\",\"width\":50,\"height\":50,\"caption\":\"Global Deafblindness Resource Hub\"},\"image\":{\"@id\":\"https:\/\/deafblindness.info\/es\/#\/schema\/logo\/image\/\"}}]}<\/script>\n<!-- \/ Yoast SEO plugin. -->","yoast_head_json":{"title":"Nepal \u00a0 - Global Deafblindness Resource Hub","robots":{"index":"index","follow":"follow","max-snippet":"max-snippet:-1","max-image-preview":"max-image-preview:large","max-video-preview":"max-video-preview:-1"},"canonical":"https:\/\/deafblindness.info\/es\/informacion-del-pais\/nepal\/","og_locale":"es_ES","og_type":"article","og_title":"Nepal \u00a0 - Global Deafblindness Resource Hub","og_description":"En Nepal, las personas con sordoceguera son consideradas como uno de los grupos m\u00e1s marginados y vulnerables. De acuerdo con la definici\u00f3n y clasificaci\u00f3n anterior del Gobierno de Nepal de lo que son las discapacidades,&hellip;","og_url":"https:\/\/deafblindness.info\/es\/informacion-del-pais\/nepal\/","og_site_name":"Global Deafblindness Resource Hub","article_modified_time":"2025-02-20T11:11:36+00:00","twitter_card":"summary_large_image","twitter_misc":{"Est. reading time":"1 minuto"},"schema":{"@context":"https:\/\/schema.org","@graph":[{"@type":"WebPage","@id":"https:\/\/deafblindness.info\/es\/informacion-del-pais\/nepal\/","url":"https:\/\/deafblindness.info\/es\/informacion-del-pais\/nepal\/","name":"Nepal \u00a0 - Global Deafblindness Resource Hub","isPartOf":{"@id":"https:\/\/deafblindness.info\/es\/#website"},"datePublished":"2025-02-20T11:11:34+00:00","dateModified":"2025-02-20T11:11:36+00:00","breadcrumb":{"@id":"https:\/\/deafblindness.info\/es\/informacion-del-pais\/nepal\/#breadcrumb"},"inLanguage":"es","potentialAction":[{"@type":"ReadAction","target":["https:\/\/deafblindness.info\/es\/informacion-del-pais\/nepal\/"]}]},{"@type":"BreadcrumbList","@id":"https:\/\/deafblindness.info\/es\/informacion-del-pais\/nepal\/#breadcrumb","itemListElement":[{"@type":"ListItem","position":1,"name":"Home","item":"https:\/\/deafblindness.info\/es\/"},{"@type":"ListItem","position":2,"name":"Informaci\u00f3n por pa\u00eds\u00a0","item":"https:\/\/deafblindness.info\/es\/informacion-del-pais\/"},{"@type":"ListItem","position":3,"name":"Nepal \u00a0"}]},{"@type":"WebSite","@id":"https:\/\/deafblindness.info\/es\/#website","url":"https:\/\/deafblindness.info\/es\/","name":"Global Deafblindness Resource Hub","description":"Connecting people with deafblindness to the world around them","publisher":{"@id":"https:\/\/deafblindness.info\/es\/#organization"},"potentialAction":[{"@type":"SearchAction","target":{"@type":"EntryPoint","urlTemplate":"https:\/\/deafblindness.info\/es\/?s={search_term_string}"},"query-input":{"@type":"PropertyValueSpecification","valueRequired":true,"valueName":"search_term_string"}}],"inLanguage":"es"},{"@type":"Organization","@id":"https:\/\/deafblindness.info\/es\/#organization","name":"Global Deafblindness Resource Hub","url":"https:\/\/deafblindness.info\/es\/","logo":{"@type":"ImageObject","inLanguage":"es","@id":"https:\/\/deafblindness.info\/es\/#\/schema\/logo\/image\/","url":"https:\/\/deafblindness.info\/wp-content\/uploads\/2024\/09\/logo-icon.svg","contentUrl":"https:\/\/deafblindness.info\/wp-content\/uploads\/2024\/09\/logo-icon.svg","width":50,"height":50,"caption":"Global Deafblindness Resource Hub"},"image":{"@id":"https:\/\/deafblindness.info\/es\/#\/schema\/logo\/image\/"}}]}},"_links":{"self":[{"href":"https:\/\/deafblindness.info\/es\/wp-json\/wp\/v2\/pages\/3190","targetHints":{"allow":["GET"]}}],"collection":[{"href":"https:\/\/deafblindness.info\/es\/wp-json\/wp\/v2\/pages"}],"about":[{"href":"https:\/\/deafblindness.info\/es\/wp-json\/wp\/v2\/types\/page"}],"author":[{"embeddable":true,"href":"https:\/\/deafblindness.info\/es\/wp-json\/wp\/v2\/users\/12"}],"replies":[{"embeddable":true,"href":"https:\/\/deafblindness.info\/es\/wp-json\/wp\/v2\/comments?post=3190"}],"version-history":[{"count":0,"href":"https:\/\/deafblindness.info\/es\/wp-json\/wp\/v2\/pages\/3190\/revisions"}],"up":[{"embeddable":true,"href":"https:\/\/deafblindness.info\/es\/wp-json\/wp\/v2\/pages\/1960"}],"wp:attachment":[{"href":"https:\/\/deafblindness.info\/es\/wp-json\/wp\/v2\/media?parent=3190"}],"curies":[{"name":"wp","href":"https:\/\/api.w.org\/{rel}","templated":true}]}}