{"id":3193,"date":"2025-02-20T11:19:01","date_gmt":"2025-02-20T11:19:01","guid":{"rendered":"https:\/\/deafblindness.info\/?page_id=3193"},"modified":"2025-02-20T11:19:03","modified_gmt":"2025-02-20T11:19:03","slug":"tanzania","status":"publish","type":"page","link":"https:\/\/deafblindness.info\/es\/informacion-del-pais\/tanzania\/","title":{"rendered":"Tanzania\u00a0"},"content":{"rendered":"\n<div class=\"wp-block-acf-box  box  box--padded  is-style-default  alignright\">\n\n  <div class=\"acf-innerblocks-container\">\n\n<p class=\"is-style-intro has-primary-color has-text-color has-link-color wp-elements-4d70b2cce10a0f2d6682224f770fea06\">En Tanzania, se estima que 1.16 millones de personas viven con una forma leve de sordoceguera y m\u00e1s de 115,000 personas viven con una forma grave de sordoceguera. *<\/p>\n\n\n\n<p class=\"has-x-small-font-size\">*Federaci\u00f3n Mundial de Sordociegos (WFDB). (2018). <em>En riesgo de exclusi\u00f3n de la implementaci\u00f3n de la CDPD y los ODS: La desigualdad y las personas con sordoceguera<\/em>.<\/p>\n\n<\/div>\n\n<\/div>\n\n\n<p>Las personas con discapacidad se encuentran entre los grupos m\u00e1s pobres y marginados de Tanzania. Todav\u00eda no se reconoce la sordoceguera como una discapacidad en s\u00ed misma y, por consiguiente, eso dificulta el acceso a los servicios y el apoyo para sus necesidades espec\u00edficas.<\/p>\n\n\n\n<p>La Ley de Personas con Discapacidad de 2010 estipula disposiciones para la atenci\u00f3n de la salud, el apoyo social, la accesibilidad, la rehabilitaci\u00f3n, la educaci\u00f3n y la formaci\u00f3n vocacional, la comunicaci\u00f3n, el empleo o la protecci\u00f3n del trabajo y la promoci\u00f3n de los derechos b\u00e1sicos de las personas con discapacidad, as\u00ed como para asuntos relacionados.<\/p>\n\n\n\n<p>Las personas con sordoceguera, independientemente del origen de su discapacidad, sufren dificultades para acceder a informaci\u00f3n relevante, noticias, comunicaci\u00f3n, deportes, funcionamiento de la vida diaria e interacciones sociales. Si bien estas experiencias var\u00edan entre las personas con afecciones cong\u00e9nitas por oposici\u00f3n con las personas con afecciones adquiridas, generalmente confrontan desaf\u00edos similares para acceder al apoyo individual que necesitan.<\/p>\n\n\n\n<p>El acceso a la tecnolog\u00eda puede ser un punto de inflexi\u00f3n para las personas con sordoceguera, brindando nuevas formas de acceder a la informaci\u00f3n para comunicarse con otros y participar en la vida diaria. Estos recursos permitir\u00e1n que las personas con sordoceguera y aquellos que las apoyan vivan, aprendan y prosperen<\/p>\n\n\n\n<div class=\"wp-block-buttons is-layout-flex wp-block-buttons-is-layout-flex\">\n<div class=\"wp-block-button\"><a class=\"wp-block-button__link wp-element-button\" href=\"https:\/\/deafblindness.info\/sw\/rasilimali\/\">Ver los recursos de Tanzania<\/a><\/div>\n<\/div>\n\n\n\n<p><\/p>\n","protected":false},"excerpt":{"rendered":"<p>Las personas con discapacidad se encuentran entre los grupos m\u00e1s pobres y marginados de Tanzania. Todav\u00eda no se reconoce la sordoceguera como una discapacidad en s\u00ed misma y, por consiguiente, eso dificulta el acceso a&hellip;<\/p>\n","protected":false},"author":12,"featured_media":0,"parent":1960,"menu_order":0,"comment_status":"closed","ping_status":"closed","template":"","meta":{"_acf_changed":false,"footnotes":""},"class_list":["post-3193","page","type-page","status-publish","hentry"],"acf":[],"yoast_head":"<!-- This site is optimized with the Yoast SEO plugin v26.9 - https:\/\/yoast.com\/product\/yoast-seo-wordpress\/ -->\n<title>Tanzania\u00a0 - Global Deafblindness Resource Hub<\/title>\n<meta name=\"robots\" content=\"index, follow, max-snippet:-1, max-image-preview:large, max-video-preview:-1\" \/>\n<link rel=\"canonical\" href=\"https:\/\/deafblindness.info\/es\/informacion-del-pais\/tanzania\/\" \/>\n<meta property=\"og:locale\" content=\"es_ES\" \/>\n<meta property=\"og:type\" content=\"article\" \/>\n<meta property=\"og:title\" content=\"Tanzania\u00a0 - Global Deafblindness Resource Hub\" \/>\n<meta property=\"og:description\" content=\"Las personas con discapacidad se encuentran entre los grupos m\u00e1s pobres y marginados de Tanzania. Todav\u00eda no se reconoce la sordoceguera como una discapacidad en s\u00ed misma y, por consiguiente, eso dificulta el acceso a&hellip;\" \/>\n<meta property=\"og:url\" content=\"https:\/\/deafblindness.info\/es\/informacion-del-pais\/tanzania\/\" \/>\n<meta property=\"og:site_name\" content=\"Global Deafblindness Resource Hub\" \/>\n<meta property=\"article:modified_time\" content=\"2025-02-20T11:19:03+00:00\" \/>\n<meta name=\"twitter:card\" content=\"summary_large_image\" \/>\n<meta name=\"twitter:label1\" content=\"Est. reading time\" \/>\n\t<meta name=\"twitter:data1\" content=\"2 minutos\" \/>\n<script type=\"application\/ld+json\" class=\"yoast-schema-graph\">{\"@context\":\"https:\/\/schema.org\",\"@graph\":[{\"@type\":\"WebPage\",\"@id\":\"https:\/\/deafblindness.info\/es\/informacion-del-pais\/tanzania\/\",\"url\":\"https:\/\/deafblindness.info\/es\/informacion-del-pais\/tanzania\/\",\"name\":\"Tanzania\u00a0 - Global Deafblindness Resource Hub\",\"isPartOf\":{\"@id\":\"https:\/\/deafblindness.info\/es\/#website\"},\"datePublished\":\"2025-02-20T11:19:01+00:00\",\"dateModified\":\"2025-02-20T11:19:03+00:00\",\"breadcrumb\":{\"@id\":\"https:\/\/deafblindness.info\/es\/informacion-del-pais\/tanzania\/#breadcrumb\"},\"inLanguage\":\"es\",\"potentialAction\":[{\"@type\":\"ReadAction\",\"target\":[\"https:\/\/deafblindness.info\/es\/informacion-del-pais\/tanzania\/\"]}]},{\"@type\":\"BreadcrumbList\",\"@id\":\"https:\/\/deafblindness.info\/es\/informacion-del-pais\/tanzania\/#breadcrumb\",\"itemListElement\":[{\"@type\":\"ListItem\",\"position\":1,\"name\":\"Home\",\"item\":\"https:\/\/deafblindness.info\/es\/\"},{\"@type\":\"ListItem\",\"position\":2,\"name\":\"Informaci\u00f3n por pa\u00eds\u00a0\",\"item\":\"https:\/\/deafblindness.info\/es\/informacion-del-pais\/\"},{\"@type\":\"ListItem\",\"position\":3,\"name\":\"Tanzania\u00a0\"}]},{\"@type\":\"WebSite\",\"@id\":\"https:\/\/deafblindness.info\/es\/#website\",\"url\":\"https:\/\/deafblindness.info\/es\/\",\"name\":\"Global Deafblindness Resource Hub\",\"description\":\"Connecting people with deafblindness to the world around them\",\"publisher\":{\"@id\":\"https:\/\/deafblindness.info\/es\/#organization\"},\"potentialAction\":[{\"@type\":\"SearchAction\",\"target\":{\"@type\":\"EntryPoint\",\"urlTemplate\":\"https:\/\/deafblindness.info\/es\/?s={search_term_string}\"},\"query-input\":{\"@type\":\"PropertyValueSpecification\",\"valueRequired\":true,\"valueName\":\"search_term_string\"}}],\"inLanguage\":\"es\"},{\"@type\":\"Organization\",\"@id\":\"https:\/\/deafblindness.info\/es\/#organization\",\"name\":\"Global Deafblindness Resource Hub\",\"url\":\"https:\/\/deafblindness.info\/es\/\",\"logo\":{\"@type\":\"ImageObject\",\"inLanguage\":\"es\",\"@id\":\"https:\/\/deafblindness.info\/es\/#\/schema\/logo\/image\/\",\"url\":\"https:\/\/deafblindness.info\/wp-content\/uploads\/2024\/09\/logo-icon.svg\",\"contentUrl\":\"https:\/\/deafblindness.info\/wp-content\/uploads\/2024\/09\/logo-icon.svg\",\"width\":50,\"height\":50,\"caption\":\"Global Deafblindness Resource Hub\"},\"image\":{\"@id\":\"https:\/\/deafblindness.info\/es\/#\/schema\/logo\/image\/\"}}]}<\/script>\n<!-- \/ Yoast SEO plugin. -->","yoast_head_json":{"title":"Tanzania\u00a0 - Global Deafblindness Resource Hub","robots":{"index":"index","follow":"follow","max-snippet":"max-snippet:-1","max-image-preview":"max-image-preview:large","max-video-preview":"max-video-preview:-1"},"canonical":"https:\/\/deafblindness.info\/es\/informacion-del-pais\/tanzania\/","og_locale":"es_ES","og_type":"article","og_title":"Tanzania\u00a0 - Global Deafblindness Resource Hub","og_description":"Las personas con discapacidad se encuentran entre los grupos m\u00e1s pobres y marginados de Tanzania. Todav\u00eda no se reconoce la sordoceguera como una discapacidad en s\u00ed misma y, por consiguiente, eso dificulta el acceso a&hellip;","og_url":"https:\/\/deafblindness.info\/es\/informacion-del-pais\/tanzania\/","og_site_name":"Global Deafblindness Resource Hub","article_modified_time":"2025-02-20T11:19:03+00:00","twitter_card":"summary_large_image","twitter_misc":{"Est. reading time":"2 minutos"},"schema":{"@context":"https:\/\/schema.org","@graph":[{"@type":"WebPage","@id":"https:\/\/deafblindness.info\/es\/informacion-del-pais\/tanzania\/","url":"https:\/\/deafblindness.info\/es\/informacion-del-pais\/tanzania\/","name":"Tanzania\u00a0 - Global Deafblindness Resource Hub","isPartOf":{"@id":"https:\/\/deafblindness.info\/es\/#website"},"datePublished":"2025-02-20T11:19:01+00:00","dateModified":"2025-02-20T11:19:03+00:00","breadcrumb":{"@id":"https:\/\/deafblindness.info\/es\/informacion-del-pais\/tanzania\/#breadcrumb"},"inLanguage":"es","potentialAction":[{"@type":"ReadAction","target":["https:\/\/deafblindness.info\/es\/informacion-del-pais\/tanzania\/"]}]},{"@type":"BreadcrumbList","@id":"https:\/\/deafblindness.info\/es\/informacion-del-pais\/tanzania\/#breadcrumb","itemListElement":[{"@type":"ListItem","position":1,"name":"Home","item":"https:\/\/deafblindness.info\/es\/"},{"@type":"ListItem","position":2,"name":"Informaci\u00f3n por pa\u00eds\u00a0","item":"https:\/\/deafblindness.info\/es\/informacion-del-pais\/"},{"@type":"ListItem","position":3,"name":"Tanzania\u00a0"}]},{"@type":"WebSite","@id":"https:\/\/deafblindness.info\/es\/#website","url":"https:\/\/deafblindness.info\/es\/","name":"Global Deafblindness Resource Hub","description":"Connecting people with deafblindness to the world around them","publisher":{"@id":"https:\/\/deafblindness.info\/es\/#organization"},"potentialAction":[{"@type":"SearchAction","target":{"@type":"EntryPoint","urlTemplate":"https:\/\/deafblindness.info\/es\/?s={search_term_string}"},"query-input":{"@type":"PropertyValueSpecification","valueRequired":true,"valueName":"search_term_string"}}],"inLanguage":"es"},{"@type":"Organization","@id":"https:\/\/deafblindness.info\/es\/#organization","name":"Global Deafblindness Resource Hub","url":"https:\/\/deafblindness.info\/es\/","logo":{"@type":"ImageObject","inLanguage":"es","@id":"https:\/\/deafblindness.info\/es\/#\/schema\/logo\/image\/","url":"https:\/\/deafblindness.info\/wp-content\/uploads\/2024\/09\/logo-icon.svg","contentUrl":"https:\/\/deafblindness.info\/wp-content\/uploads\/2024\/09\/logo-icon.svg","width":50,"height":50,"caption":"Global Deafblindness Resource Hub"},"image":{"@id":"https:\/\/deafblindness.info\/es\/#\/schema\/logo\/image\/"}}]}},"_links":{"self":[{"href":"https:\/\/deafblindness.info\/es\/wp-json\/wp\/v2\/pages\/3193","targetHints":{"allow":["GET"]}}],"collection":[{"href":"https:\/\/deafblindness.info\/es\/wp-json\/wp\/v2\/pages"}],"about":[{"href":"https:\/\/deafblindness.info\/es\/wp-json\/wp\/v2\/types\/page"}],"author":[{"embeddable":true,"href":"https:\/\/deafblindness.info\/es\/wp-json\/wp\/v2\/users\/12"}],"replies":[{"embeddable":true,"href":"https:\/\/deafblindness.info\/es\/wp-json\/wp\/v2\/comments?post=3193"}],"version-history":[{"count":0,"href":"https:\/\/deafblindness.info\/es\/wp-json\/wp\/v2\/pages\/3193\/revisions"}],"up":[{"embeddable":true,"href":"https:\/\/deafblindness.info\/es\/wp-json\/wp\/v2\/pages\/1960"}],"wp:attachment":[{"href":"https:\/\/deafblindness.info\/es\/wp-json\/wp\/v2\/media?parent=3193"}],"curies":[{"name":"wp","href":"https:\/\/api.w.org\/{rel}","templated":true}]}}