{"id":4264,"date":"2025-06-19T11:19:23","date_gmt":"2025-06-19T10:19:23","guid":{"rendered":"https:\/\/deafblindness.info\/?page_id=4264"},"modified":"2026-02-11T15:37:21","modified_gmt":"2026-02-11T15:37:21","slug":"soporte-de-accesibilidad","status":"publish","type":"page","link":"https:\/\/deafblindness.info\/es\/soporte-de-accesibilidad\/","title":{"rendered":"Soporte de accesibilidad"},"content":{"rendered":"\n<p>Estamos comprometidos a cumplir con las \u00faltimas directrices WCAG en la mayor medida posible y a garantizar que nuestro contenido sea accesible, ya sea que accedas a The Global Resource Hub a trav\u00e9s de la vista, el tacto o el habla.<\/p>\n\n\n\n<p>Sin embargo, tambi\u00e9n es importante tener en cuenta que el sistema operativo de tu computadora y tu navegador de internet cuentan con funciones de accesibilidad integradas que puedes utilizar. Al modificar la configuraci\u00f3n de tu dispositivo, tus preferencias quedan guardadas, lo que significa que cualquier sitio web que visites se ajustar\u00e1 autom\u00e1ticamente seg\u00fan tus configuraciones de accesibilidad guardadas.<\/p>\n\n\n\n<div class=\"wp-block-buttons is-layout-flex wp-block-buttons-is-layout-flex\">\n<div class=\"wp-block-button\"><a class=\"wp-block-button__link wp-element-button\" href=\"https:\/\/deafblindness.info\/es\/como-acceder-rapidamente-a-un-sitio-web-desde-tu-telefono\/\"><strong>Encuentra f\u00e1cilmente el Hub en tu tel\u00e9fono<\/strong><\/a><\/div>\n<\/div>\n\n\n\n<p>Algunos ejemplos comunes de ajustes incluyen cambiar la configuraci\u00f3n para mejorar el contraste de colores o aumentar el tama\u00f1o del texto. A continuaci\u00f3n, te ofrecemos una gu\u00eda para hacerlo. Ten en cuenta que esta gu\u00eda puede variar seg\u00fan el dispositivo y la versi\u00f3n del software que est\u00e9s utilizando.<\/p>\n\n\n\n<h2 class=\"wp-block-heading\">C\u00f3mo aumentar el tama\u00f1o del texto<\/h2>\n\n\n\n<p>\u2022 <strong>En una computadora:<\/strong><\/p>\n\n\n\n<ul class=\"wp-block-list\">\n<li>Presiona <strong>Ctrl + M\u00e1s (+)<\/strong> para aumentar el tama\u00f1o del texto.<\/li>\n\n\n\n<li>Presiona <strong>Ctrl + Menos (-)<\/strong> para reducir el tama\u00f1o del texto.<\/li>\n\n\n\n<li>Presiona <strong>Ctrl + 0<\/strong> para restablecer el tama\u00f1o.<\/li>\n\n\n\n<li>En una Mac, usa <strong>Cmd<\/strong> en lugar de <strong>Ctrl<\/strong>.<\/li>\n\n\n\n<li>Tambi\u00e9n puedes ir a la <strong>configuraci\u00f3n <\/strong>de tu navegador y buscar las opciones \u00abZoom\u00bb o \u00abTama\u00f1o de fuente\u00bb.<\/li>\n<\/ul>\n\n\n\n<p>\u2022 <strong>En una Mac:<\/strong><\/p>\n\n\n\n<p>Selecciona men\u00fa Apple &nbsp;&gt; Configuraci\u00f3n del sistema, luego haz clic en <strong>Accesibilidad <\/strong>&nbsp;en la barra lateral.<\/p>\n\n\n\n<ul class=\"wp-block-list\">\n<li>Haz clic en Pantalla, despl\u00e1zate hacia abajo hasta Texto y haz clic en \u00abTama\u00f1o del texto\u00bb.<\/li>\n\n\n\n<li>Arrastra el control deslizante hacia la derecha para aumentar el tama\u00f1o del texto en el escritorio, en las barras laterales de las aplicaciones y en las apps de la lista (si est\u00e1n configuradas para \u201cusar tama\u00f1o de lectura preferido\u00bb.<\/li>\n<\/ul>\n\n\n\n<p>\u2022 <strong>En un iPhone (Safari):<\/strong><\/p>\n\n\n\n<ul class=\"wp-block-list\">\n<li>Ve a <strong>Configuraci\u00f3n &gt; Apps &gt; Safari &gt; Zoom de p\u00e1gina<\/strong> y elige un tama\u00f1o.<\/li>\n<\/ul>\n\n\n\n<p>\u2022 <strong>En un dispositivo Android (Chrome): <\/strong>Toca los <strong>tres puntos<\/strong> (arriba a la derecha), luego ve a <strong>Configuraci\u00f3n &gt; Accesibilidad<\/strong> y mueve el control deslizante de <strong>Escala de texto<\/strong>.<\/p>\n\n\n\n<p>Consulta otras formas de personalizar tu Android en la <strong><u>Gu\u00eda General de Accesibilidad en Android<\/u><\/strong>.<\/p>\n\n\n\n<h2 class=\"wp-block-heading\">C\u00f3mo cambiar los colores para mejorar el contraste<\/h2>\n\n\n\n<p>\u2022 <strong>En Windows:<\/strong><\/p>\n\n\n\n<ul class=\"wp-block-list\">\n<li>Usa herramientas gratuitas como <strong>Dark Reader<\/strong> o <strong>Midnight Lizard<\/strong>.<\/li>\n\n\n\n<li>Ve a <strong>Configuraci\u00f3n &gt; Accesibilidad &gt; Temas de contraste<\/strong> para cambiar los colores.<\/li>\n\n\n\n<li>Presiona <strong>Alt + Shift izquierdo + Imprimir pantalla<\/strong> para activar o desactivar el alto contraste.<\/li>\n<\/ul>\n\n\n\n<p>\u2022 <strong>En Mac (Safari):<\/strong><\/p>\n\n\n\n<ul class=\"wp-block-list\">\n<li>Prueba <strong>Nightshift Dark Mode<\/strong> (gratuito).<\/li>\n\n\n\n<li>Presiona <strong>Cmd + Alt + Ctrl + 8<\/strong> para cambiar los colores.<\/li>\n<\/ul>\n\n\n\n<p>\u2022 <strong>En iPhone:<\/strong><\/p>\n\n\n\n<ul class=\"wp-block-list\">\n<li>Ve a <strong>Configuraci\u00f3n &gt; Accesibilidad &gt; Pantalla y Tama\u00f1o del Texto<\/strong>.<\/li>\n\n\n\n<li>Activa <strong>Aumentar contraste<\/strong> o <strong>Inversi\u00f3n Inteligente.<\/strong><\/li>\n\n\n\n<li>Para realizar cambios m\u00e1s r\u00e1pido, ve al <strong>Acceso directo de accesibilidad<\/strong> y configura el acceso r\u00e1pido.<\/li>\n<\/ul>\n\n\n\n<ul class=\"wp-block-list\">\n<li><strong>En Chromebook (navegador Chrome)<\/strong>: Presiona <strong>Ctrl + Buscar + H<\/strong> para cambiar los colores.<\/li>\n\n\n\n<li><strong>En Android<\/strong> (las opciones pueden variar seg\u00fan el dispositivo):\n<ul class=\"wp-block-list\">\n<li><strong>Samsung<\/strong>: Ve a <strong>Configuraci\u00f3n &gt; Accesibilidad &gt; Mejoras de visibilidad &gt; Inversi\u00f3n de Colores o Configuraci\u00f3n &gt; Tema &gt;Selecciona el tema<\/strong><\/li>\n\n\n\n<li><strong>Google Pixel<\/strong>: Ve a <strong>Configuraci\u00f3n &gt; Accesibilidad &gt; Color &amp; Movimiento &gt; Inversi\u00f3n de colores<\/strong>.<\/li>\n\n\n\n<li><strong>Fire Tablet<\/strong>: Ve a <strong>Configuraci\u00f3n &gt; Accesibilidad &gt; Inversi\u00f3n de Colores.<\/strong><\/li>\n<\/ul>\n<\/li>\n\n\n\n<li><strong>Chromebook (navegador Chrome)<\/strong>: Presiona <strong>Ctrl + Buscar + H<\/strong> para cambiar los colores.<\/li>\n<\/ul>\n\n\n\n<p>Hay muchas otras formas de mejorar la accesibilidad a trav\u00e9s de tu navegador, sistema operativo, computadora, smartphone o Tablet. Te invitamos a visitar nuestra p\u00e1gina informativa sobre <strong><u>aplicaciones m\u00f3viles<\/u><\/strong> que pueden ayudarte a seguir mejorando tu experiencia en l\u00ednea.<\/p>\n\n\n\n<h2 class=\"wp-block-heading\">Otras funciones de accesibilidad<\/h2>\n\n\n\n<h3 class=\"wp-block-heading\"><strong>Android y Chromebook<\/strong><\/h3>\n\n\n\n<p><a href=\"https:\/\/support.google.com\/accessibility\/android\/answer\/9728765?sjid=5605212918941831912-EU\" target=\"_blank\" rel=\"noreferrer noopener\">Pantalla Braille<\/a><\/p>\n\n\n\n<p><a href=\"https:\/\/support.google.com\/accessibility\/android\/answer\/9350862?hl=en-GB\" target=\"_blank\" rel=\"noreferrer noopener\">Subt\u00edtulos autom\u00e1ticos<\/a><\/p>\n\n\n\n<p><a href=\"https:\/\/support.google.com\/accessibility\/android\/answer\/9426888?hl=en-GB&amp;ref_topic=9078842\" target=\"_blank\" rel=\"noreferrer noopener\">Aud\u00edfonos<\/a><\/p>\n\n\n\n<p><a href=\"https:\/\/support.google.com\/accessibility\/android\/answer\/6006564?hl=en\" target=\"_blank\" rel=\"noreferrer noopener\">Funciones de accesibilidad de Android<\/a>&nbsp;&nbsp;<\/p>\n\n\n\n<p><a href=\"https:\/\/support.google.com\/chromebook\/answer\/177893?hl=en-GB\" target=\"_blank\" rel=\"noreferrer noopener\">Funciones de accesibilidad de Chromebook<\/a><\/p>\n\n\n\n<p><a href=\"https:\/\/www.youtube.com\/watch?v=9s9PrpxOrb4&amp;list=PL590L5WQmH8dvW6kLjd5jRDN0IiCJHLZZ&amp;index=1\" target=\"_blank\" rel=\"noreferrer noopener\">Tambi\u00e9n puedes ver las \u00faltimas actualizaciones de accesibilidad de Google para tu dispositivo Android<\/a><\/p>\n\n\n\n<h3 class=\"wp-block-heading\">IOS &nbsp;&#8211; Apple<\/h3>\n\n\n\n<p><a href=\"https:\/\/support.apple.com\/en-gb\/guide\/iphone\/iph73b8c43\/ios\" target=\"_blank\" rel=\"noreferrer noopener\">Pantalla Braille<br><\/a><a href=\"https:\/\/support.apple.com\/en-gb\/guide\/iphone\/iph32deb9296\/18.0\/ios\/18.0\" target=\"_blank\" rel=\"noreferrer noopener\">Descripciones en vivo<br><\/a><a href=\"https:\/\/support.apple.com\/en-gb\/guide\/iphone\/iphb210be03a\/ios\" target=\"_blank\" rel=\"noreferrer noopener\">Funciones de accesibilidad para la audici\u00f3n<br><\/a><a href=\"https:\/\/support.apple.com\/en-gb\/guide\/iphone\/iph732dc028d\/18.0\/ios\/18.0\" target=\"_blank\" rel=\"noreferrer noopener\">Funciones de accesibilidad para la visi\u00f3n<br><\/a><a href=\"https:\/\/support.apple.com\/en-gb\/guide\/iphone\/iph8b6c223ac\/ios\" target=\"_blank\" rel=\"noreferrer noopener\">Funciones de accesibilidad para el habla<br><\/a><a href=\"https:\/\/support.apple.com\/en-gb\/guide\/iphone\/iph76d37ce7d\/ios\" target=\"_blank\" rel=\"noreferrer noopener\">Funciones de accesibilidad para la movilidad<\/a><\/p>\n\n\n\n<h2 class=\"wp-block-heading\">Funciones de accesibilidad del navegador<\/h2>\n\n\n\n<p>Muchos navegadores cuentan con herramientas adicionales de ayuda. Haz clic en los enlaces de algunos navegadores populares para conocer sus funciones de accesibilidad:<\/p>\n\n\n\n<ul class=\"wp-block-list\">\n<li><a href=\"https:\/\/www.google.com\/accessibility\/products-features\/#:~:text=Chrome%20browser\" target=\"_blank\" rel=\"noreferrer noopener\"><strong>Google Chrome<\/strong><\/a><strong>&nbsp;<\/strong><\/li>\n\n\n\n<li><a href=\"https:\/\/support.apple.com\/en-gb\/guide\/safari\/ibrw1075\/14.0\/mac\/11.0\" target=\"_blank\" rel=\"noreferrer noopener\"><strong>Safari<\/strong><\/a><strong>&nbsp;<\/strong><\/li>\n\n\n\n<li><a href=\"https:\/\/support.microsoft.com\/en-us\/microsoft-edge\/accessibility-features-in-microsoft-edge-4c696192-338e-9465-b2cd-bd9b698ad19a\" target=\"_blank\" rel=\"noreferrer noopener\"><strong>Microsoft Edge<\/strong><\/a><strong>&nbsp;<\/strong><\/li>\n\n\n\n<li><a href=\"https:\/\/support.mozilla.org\/en-US\/kb\/accessibility-features-firefox-make-firefox-and-we?esab=a&amp;s=accessibility&amp;r=0&amp;as=s\" target=\"_blank\" rel=\"noreferrer noopener\"><strong>Firefox<\/strong><\/a><strong>&nbsp;<\/strong><\/li>\n<\/ul>\n\n\n\n<p><a href=\"https:\/\/deafblindness.info\/es\/declaracion-de-accesibilidad-web\/\">Lea nuestra declaraci\u00f3n de accesibilidad aqu\u00ed<\/a><\/p>\n","protected":false},"excerpt":{"rendered":"<p>Estamos comprometidos a cumplir con las \u00faltimas directrices WCAG en la mayor medida posible y a garantizar que nuestro contenido sea accesible, ya sea que accedas a The Global Resource Hub a trav\u00e9s de la&hellip;<\/p>\n","protected":false},"author":12,"featured_media":0,"parent":0,"menu_order":0,"comment_status":"closed","ping_status":"closed","template":"","meta":{"_acf_changed":false,"footnotes":""},"class_list":["post-4264","page","type-page","status-publish","hentry"],"acf":[],"yoast_head":"<!-- This site is optimized with the Yoast SEO plugin v26.9 - https:\/\/yoast.com\/product\/yoast-seo-wordpress\/ -->\n<title>Soporte de accesibilidad - Global Deafblindness Resource Hub<\/title>\n<meta name=\"robots\" content=\"index, follow, max-snippet:-1, max-image-preview:large, max-video-preview:-1\" \/>\n<link rel=\"canonical\" href=\"https:\/\/deafblindness.info\/es\/soporte-de-accesibilidad\/\" \/>\n<meta property=\"og:locale\" content=\"es_ES\" \/>\n<meta property=\"og:type\" content=\"article\" \/>\n<meta property=\"og:title\" content=\"Soporte de accesibilidad - Global Deafblindness Resource Hub\" \/>\n<meta property=\"og:description\" content=\"Estamos comprometidos a cumplir con las \u00faltimas directrices WCAG en la mayor medida posible y a garantizar que nuestro contenido sea accesible, ya sea que accedas a The Global Resource Hub a trav\u00e9s de la&hellip;\" \/>\n<meta property=\"og:url\" content=\"https:\/\/deafblindness.info\/es\/soporte-de-accesibilidad\/\" \/>\n<meta property=\"og:site_name\" content=\"Global Deafblindness Resource Hub\" \/>\n<meta property=\"article:modified_time\" content=\"2026-02-11T15:37:21+00:00\" \/>\n<meta name=\"twitter:card\" content=\"summary_large_image\" \/>\n<meta name=\"twitter:label1\" content=\"Est. reading time\" \/>\n\t<meta name=\"twitter:data1\" content=\"3 minutos\" \/>\n<script type=\"application\/ld+json\" class=\"yoast-schema-graph\">{\"@context\":\"https:\/\/schema.org\",\"@graph\":[{\"@type\":\"WebPage\",\"@id\":\"https:\/\/deafblindness.info\/es\/soporte-de-accesibilidad\/\",\"url\":\"https:\/\/deafblindness.info\/es\/soporte-de-accesibilidad\/\",\"name\":\"Soporte de accesibilidad - Global Deafblindness Resource Hub\",\"isPartOf\":{\"@id\":\"https:\/\/deafblindness.info\/es\/#website\"},\"datePublished\":\"2025-06-19T10:19:23+00:00\",\"dateModified\":\"2026-02-11T15:37:21+00:00\",\"breadcrumb\":{\"@id\":\"https:\/\/deafblindness.info\/es\/soporte-de-accesibilidad\/#breadcrumb\"},\"inLanguage\":\"es\",\"potentialAction\":[{\"@type\":\"ReadAction\",\"target\":[\"https:\/\/deafblindness.info\/es\/soporte-de-accesibilidad\/\"]}]},{\"@type\":\"BreadcrumbList\",\"@id\":\"https:\/\/deafblindness.info\/es\/soporte-de-accesibilidad\/#breadcrumb\",\"itemListElement\":[{\"@type\":\"ListItem\",\"position\":1,\"name\":\"Home\",\"item\":\"https:\/\/deafblindness.info\/es\/\"},{\"@type\":\"ListItem\",\"position\":2,\"name\":\"Soporte de accesibilidad\"}]},{\"@type\":\"WebSite\",\"@id\":\"https:\/\/deafblindness.info\/es\/#website\",\"url\":\"https:\/\/deafblindness.info\/es\/\",\"name\":\"Global Deafblindness Resource Hub\",\"description\":\"Connecting people with deafblindness to the world around them\",\"publisher\":{\"@id\":\"https:\/\/deafblindness.info\/es\/#organization\"},\"potentialAction\":[{\"@type\":\"SearchAction\",\"target\":{\"@type\":\"EntryPoint\",\"urlTemplate\":\"https:\/\/deafblindness.info\/es\/?s={search_term_string}\"},\"query-input\":{\"@type\":\"PropertyValueSpecification\",\"valueRequired\":true,\"valueName\":\"search_term_string\"}}],\"inLanguage\":\"es\"},{\"@type\":\"Organization\",\"@id\":\"https:\/\/deafblindness.info\/es\/#organization\",\"name\":\"Global Deafblindness Resource Hub\",\"url\":\"https:\/\/deafblindness.info\/es\/\",\"logo\":{\"@type\":\"ImageObject\",\"inLanguage\":\"es\",\"@id\":\"https:\/\/deafblindness.info\/es\/#\/schema\/logo\/image\/\",\"url\":\"https:\/\/deafblindness.info\/wp-content\/uploads\/2024\/09\/logo-icon.svg\",\"contentUrl\":\"https:\/\/deafblindness.info\/wp-content\/uploads\/2024\/09\/logo-icon.svg\",\"width\":50,\"height\":50,\"caption\":\"Global Deafblindness Resource Hub\"},\"image\":{\"@id\":\"https:\/\/deafblindness.info\/es\/#\/schema\/logo\/image\/\"}}]}<\/script>\n<!-- \/ Yoast SEO plugin. -->","yoast_head_json":{"title":"Soporte de accesibilidad - Global Deafblindness Resource Hub","robots":{"index":"index","follow":"follow","max-snippet":"max-snippet:-1","max-image-preview":"max-image-preview:large","max-video-preview":"max-video-preview:-1"},"canonical":"https:\/\/deafblindness.info\/es\/soporte-de-accesibilidad\/","og_locale":"es_ES","og_type":"article","og_title":"Soporte de accesibilidad - Global Deafblindness Resource Hub","og_description":"Estamos comprometidos a cumplir con las \u00faltimas directrices WCAG en la mayor medida posible y a garantizar que nuestro contenido sea accesible, ya sea que accedas a The Global Resource Hub a trav\u00e9s de la&hellip;","og_url":"https:\/\/deafblindness.info\/es\/soporte-de-accesibilidad\/","og_site_name":"Global Deafblindness Resource Hub","article_modified_time":"2026-02-11T15:37:21+00:00","twitter_card":"summary_large_image","twitter_misc":{"Est. reading time":"3 minutos"},"schema":{"@context":"https:\/\/schema.org","@graph":[{"@type":"WebPage","@id":"https:\/\/deafblindness.info\/es\/soporte-de-accesibilidad\/","url":"https:\/\/deafblindness.info\/es\/soporte-de-accesibilidad\/","name":"Soporte de accesibilidad - Global Deafblindness Resource Hub","isPartOf":{"@id":"https:\/\/deafblindness.info\/es\/#website"},"datePublished":"2025-06-19T10:19:23+00:00","dateModified":"2026-02-11T15:37:21+00:00","breadcrumb":{"@id":"https:\/\/deafblindness.info\/es\/soporte-de-accesibilidad\/#breadcrumb"},"inLanguage":"es","potentialAction":[{"@type":"ReadAction","target":["https:\/\/deafblindness.info\/es\/soporte-de-accesibilidad\/"]}]},{"@type":"BreadcrumbList","@id":"https:\/\/deafblindness.info\/es\/soporte-de-accesibilidad\/#breadcrumb","itemListElement":[{"@type":"ListItem","position":1,"name":"Home","item":"https:\/\/deafblindness.info\/es\/"},{"@type":"ListItem","position":2,"name":"Soporte de accesibilidad"}]},{"@type":"WebSite","@id":"https:\/\/deafblindness.info\/es\/#website","url":"https:\/\/deafblindness.info\/es\/","name":"Global Deafblindness Resource Hub","description":"Connecting people with deafblindness to the world around them","publisher":{"@id":"https:\/\/deafblindness.info\/es\/#organization"},"potentialAction":[{"@type":"SearchAction","target":{"@type":"EntryPoint","urlTemplate":"https:\/\/deafblindness.info\/es\/?s={search_term_string}"},"query-input":{"@type":"PropertyValueSpecification","valueRequired":true,"valueName":"search_term_string"}}],"inLanguage":"es"},{"@type":"Organization","@id":"https:\/\/deafblindness.info\/es\/#organization","name":"Global Deafblindness Resource Hub","url":"https:\/\/deafblindness.info\/es\/","logo":{"@type":"ImageObject","inLanguage":"es","@id":"https:\/\/deafblindness.info\/es\/#\/schema\/logo\/image\/","url":"https:\/\/deafblindness.info\/wp-content\/uploads\/2024\/09\/logo-icon.svg","contentUrl":"https:\/\/deafblindness.info\/wp-content\/uploads\/2024\/09\/logo-icon.svg","width":50,"height":50,"caption":"Global Deafblindness Resource Hub"},"image":{"@id":"https:\/\/deafblindness.info\/es\/#\/schema\/logo\/image\/"}}]}},"_links":{"self":[{"href":"https:\/\/deafblindness.info\/es\/wp-json\/wp\/v2\/pages\/4264","targetHints":{"allow":["GET"]}}],"collection":[{"href":"https:\/\/deafblindness.info\/es\/wp-json\/wp\/v2\/pages"}],"about":[{"href":"https:\/\/deafblindness.info\/es\/wp-json\/wp\/v2\/types\/page"}],"author":[{"embeddable":true,"href":"https:\/\/deafblindness.info\/es\/wp-json\/wp\/v2\/users\/12"}],"replies":[{"embeddable":true,"href":"https:\/\/deafblindness.info\/es\/wp-json\/wp\/v2\/comments?post=4264"}],"version-history":[{"count":0,"href":"https:\/\/deafblindness.info\/es\/wp-json\/wp\/v2\/pages\/4264\/revisions"}],"wp:attachment":[{"href":"https:\/\/deafblindness.info\/es\/wp-json\/wp\/v2\/media?parent=4264"}],"curies":[{"name":"wp","href":"https:\/\/api.w.org\/{rel}","templated":true}]}}