{"id":2194,"date":"2025-01-07T13:45:27","date_gmt":"2025-01-07T13:45:27","guid":{"rendered":"https:\/\/deafblindness.info\/?page_id=2194"},"modified":"2025-02-20T12:10:06","modified_gmt":"2025-02-20T12:10:06","slug":"informatii-despre-tara","status":"publish","type":"page","link":"https:\/\/deafblindness.info\/ro\/informatii-despre-tara\/","title":{"rendered":"Informa\u021bii despre \u021b\u0103ri"},"content":{"rendered":"\n<p><strong>Sense Interna\u021bional este o organiza\u021bie global\u0103 de referin\u021b\u0103 care sprijin\u0103 persoanele cu surdocecitate \u00een opt \u021b\u0103ri din \u00eentreaga lume.<\/strong><\/p>\n\n\n\n<p>Activitatea noastr\u0103 se concentreaz\u0103 pe asigurarea accesului persoanelor cu surdocecitate la educa\u021bie, servicii de s\u0103n\u0103tate \u0219i locuri de munc\u0103, astfel \u00eenc\u00e2t acestea s\u0103 se poat\u0103 dezvolta \u0219i s\u0103 \u00ee\u0219i ating\u0103 \u00eentregul poten\u021bial.<\/p>\n\n\n\n<p>Lucr\u00e2nd direct cu persoanele cu surdocecitate, ne propunem s\u0103 dep\u0103\u0219im grani\u021bele celor opt \u021b\u0103ri \u00een care activ\u0103m, sprijinindu-le s\u0103 se conecteze cu ceilal\u021bi \u0219i cu lumea din jurul lor. Centrul Global de Resurse pentru Surdocecitate (Global Deafblindness Resource Hub) este disponibil \u00een \u0219apte limbi \u0219i ofer\u0103 o gam\u0103 variat\u0103 de resurse pe teme precum educa\u021bia, drepturile persoanelor cu dizabilit\u0103\u021bi \u0219i bun\u0103starea. <\/p>\n\n\n\n<p><strong>Citi\u021bi mai multe despre \u021b\u0103rile \u00een care lucr\u0103m \u0219i despre resursele disponibile \u00een limba lor local\u0103.<\/strong><\/p>\n\n\n\n<ul class=\"wp-block-list is-style-simple-grid\">\n<li><a href=\"https:\/\/deafblindness.info\/ro\/bangladesh\/\">Bangladesh<\/a><\/li>\n\n\n\n<li><a href=\"https:\/\/deafblindness.info\/ro\/informatii-despre-tara\/india\/\">India<\/a><\/li>\n\n\n\n<li><a href=\"https:\/\/deafblindness.info\/ro\/nepal\/\">Nepal<\/a><\/li>\n\n\n\n<li><a href=\"https:\/\/deafblindness.info\/ro\/informatii-despre-tara\/peru\/\">Peru<\/a><\/li>\n\n\n\n<li><a href=\"https:\/\/deafblindness.info\/ro\/informatii-despre-tara\/romania\/\">Rom\u00e2nia<\/a><\/li>\n\n\n\n<li><a href=\"https:\/\/deafblindness.info\/ro\/kenya\/\">Kenya<\/a><\/li>\n\n\n\n<li><a href=\"https:\/\/deafblindness.info\/ro\/tanzania\/\">Tanzania<\/a><\/li>\n\n\n\n<li><a href=\"https:\/\/deafblindness.info\/ro\/uganda\/\">Uganda<\/a><\/li>\n<\/ul>\n\n\n\n<p><\/p>\n","protected":false},"excerpt":{"rendered":"<p>Sense Interna\u021bional este o organiza\u021bie global\u0103 de referin\u021b\u0103 care sprijin\u0103 persoanele cu surdocecitate \u00een opt \u021b\u0103ri din \u00eentreaga lume. Activitatea noastr\u0103 se concentreaz\u0103 pe asigurarea accesului persoanelor cu surdocecitate la educa\u021bie, servicii de s\u0103n\u0103tate \u0219i&hellip;<\/p>\n","protected":false},"author":2,"featured_media":0,"parent":0,"menu_order":0,"comment_status":"closed","ping_status":"closed","template":"","meta":{"_acf_changed":false,"footnotes":""},"class_list":["post-2194","page","type-page","status-publish","hentry"],"acf":[],"yoast_head":"<!-- This site is optimized with the Yoast SEO plugin v26.9 - https:\/\/yoast.com\/product\/yoast-seo-wordpress\/ -->\n<title>Informa\u021bii despre \u021b\u0103ri - Global Deafblindness Resource Hub<\/title>\n<meta name=\"robots\" content=\"index, follow, max-snippet:-1, max-image-preview:large, max-video-preview:-1\" \/>\n<link rel=\"canonical\" href=\"https:\/\/deafblindness.info\/ro\/informatii-despre-tara\/\" \/>\n<meta property=\"og:locale\" content=\"ro_RO\" \/>\n<meta property=\"og:type\" content=\"article\" \/>\n<meta property=\"og:title\" content=\"Informa\u021bii despre \u021b\u0103ri - Global Deafblindness Resource Hub\" \/>\n<meta property=\"og:description\" content=\"Sense Interna\u021bional este o organiza\u021bie global\u0103 de referin\u021b\u0103 care sprijin\u0103 persoanele cu surdocecitate \u00een opt \u021b\u0103ri din \u00eentreaga lume. Activitatea noastr\u0103 se concentreaz\u0103 pe asigurarea accesului persoanelor cu surdocecitate la educa\u021bie, servicii de s\u0103n\u0103tate \u0219i&hellip;\" \/>\n<meta property=\"og:url\" content=\"https:\/\/deafblindness.info\/ro\/informatii-despre-tara\/\" \/>\n<meta property=\"og:site_name\" content=\"Global Deafblindness Resource Hub\" \/>\n<meta property=\"article:modified_time\" content=\"2025-02-20T12:10:06+00:00\" \/>\n<meta name=\"twitter:card\" content=\"summary_large_image\" \/>\n<meta name=\"twitter:label1\" content=\"Est. reading time\" \/>\n\t<meta name=\"twitter:data1\" content=\"1 minut\" \/>\n<script type=\"application\/ld+json\" class=\"yoast-schema-graph\">{\"@context\":\"https:\/\/schema.org\",\"@graph\":[{\"@type\":\"WebPage\",\"@id\":\"https:\/\/deafblindness.info\/ro\/informatii-despre-tara\/\",\"url\":\"https:\/\/deafblindness.info\/ro\/informatii-despre-tara\/\",\"name\":\"Informa\u021bii despre \u021b\u0103ri - Global Deafblindness Resource Hub\",\"isPartOf\":{\"@id\":\"https:\/\/deafblindness.info\/ro\/#website\"},\"datePublished\":\"2025-01-07T13:45:27+00:00\",\"dateModified\":\"2025-02-20T12:10:06+00:00\",\"breadcrumb\":{\"@id\":\"https:\/\/deafblindness.info\/ro\/informatii-despre-tara\/#breadcrumb\"},\"inLanguage\":\"ro-RO\",\"potentialAction\":[{\"@type\":\"ReadAction\",\"target\":[\"https:\/\/deafblindness.info\/ro\/informatii-despre-tara\/\"]}]},{\"@type\":\"BreadcrumbList\",\"@id\":\"https:\/\/deafblindness.info\/ro\/informatii-despre-tara\/#breadcrumb\",\"itemListElement\":[{\"@type\":\"ListItem\",\"position\":1,\"name\":\"Home\",\"item\":\"https:\/\/deafblindness.info\/ro\/\"},{\"@type\":\"ListItem\",\"position\":2,\"name\":\"Informa\u021bii despre \u021b\u0103ri\"}]},{\"@type\":\"WebSite\",\"@id\":\"https:\/\/deafblindness.info\/ro\/#website\",\"url\":\"https:\/\/deafblindness.info\/ro\/\",\"name\":\"Global Deafblindness Resource Hub\",\"description\":\"Connecting people with deafblindness to the world around them\",\"publisher\":{\"@id\":\"https:\/\/deafblindness.info\/ro\/#organization\"},\"potentialAction\":[{\"@type\":\"SearchAction\",\"target\":{\"@type\":\"EntryPoint\",\"urlTemplate\":\"https:\/\/deafblindness.info\/ro\/?s={search_term_string}\"},\"query-input\":{\"@type\":\"PropertyValueSpecification\",\"valueRequired\":true,\"valueName\":\"search_term_string\"}}],\"inLanguage\":\"ro-RO\"},{\"@type\":\"Organization\",\"@id\":\"https:\/\/deafblindness.info\/ro\/#organization\",\"name\":\"Global Deafblindness Resource Hub\",\"url\":\"https:\/\/deafblindness.info\/ro\/\",\"logo\":{\"@type\":\"ImageObject\",\"inLanguage\":\"ro-RO\",\"@id\":\"https:\/\/deafblindness.info\/ro\/#\/schema\/logo\/image\/\",\"url\":\"https:\/\/deafblindness.info\/wp-content\/uploads\/2024\/09\/logo-icon.svg\",\"contentUrl\":\"https:\/\/deafblindness.info\/wp-content\/uploads\/2024\/09\/logo-icon.svg\",\"width\":50,\"height\":50,\"caption\":\"Global Deafblindness Resource Hub\"},\"image\":{\"@id\":\"https:\/\/deafblindness.info\/ro\/#\/schema\/logo\/image\/\"}}]}<\/script>\n<!-- \/ Yoast SEO plugin. -->","yoast_head_json":{"title":"Informa\u021bii despre \u021b\u0103ri - Global Deafblindness Resource Hub","robots":{"index":"index","follow":"follow","max-snippet":"max-snippet:-1","max-image-preview":"max-image-preview:large","max-video-preview":"max-video-preview:-1"},"canonical":"https:\/\/deafblindness.info\/ro\/informatii-despre-tara\/","og_locale":"ro_RO","og_type":"article","og_title":"Informa\u021bii despre \u021b\u0103ri - Global Deafblindness Resource Hub","og_description":"Sense Interna\u021bional este o organiza\u021bie global\u0103 de referin\u021b\u0103 care sprijin\u0103 persoanele cu surdocecitate \u00een opt \u021b\u0103ri din \u00eentreaga lume. Activitatea noastr\u0103 se concentreaz\u0103 pe asigurarea accesului persoanelor cu surdocecitate la educa\u021bie, servicii de s\u0103n\u0103tate \u0219i&hellip;","og_url":"https:\/\/deafblindness.info\/ro\/informatii-despre-tara\/","og_site_name":"Global Deafblindness Resource Hub","article_modified_time":"2025-02-20T12:10:06+00:00","twitter_card":"summary_large_image","twitter_misc":{"Est. reading time":"1 minut"},"schema":{"@context":"https:\/\/schema.org","@graph":[{"@type":"WebPage","@id":"https:\/\/deafblindness.info\/ro\/informatii-despre-tara\/","url":"https:\/\/deafblindness.info\/ro\/informatii-despre-tara\/","name":"Informa\u021bii despre \u021b\u0103ri - Global Deafblindness Resource Hub","isPartOf":{"@id":"https:\/\/deafblindness.info\/ro\/#website"},"datePublished":"2025-01-07T13:45:27+00:00","dateModified":"2025-02-20T12:10:06+00:00","breadcrumb":{"@id":"https:\/\/deafblindness.info\/ro\/informatii-despre-tara\/#breadcrumb"},"inLanguage":"ro-RO","potentialAction":[{"@type":"ReadAction","target":["https:\/\/deafblindness.info\/ro\/informatii-despre-tara\/"]}]},{"@type":"BreadcrumbList","@id":"https:\/\/deafblindness.info\/ro\/informatii-despre-tara\/#breadcrumb","itemListElement":[{"@type":"ListItem","position":1,"name":"Home","item":"https:\/\/deafblindness.info\/ro\/"},{"@type":"ListItem","position":2,"name":"Informa\u021bii despre \u021b\u0103ri"}]},{"@type":"WebSite","@id":"https:\/\/deafblindness.info\/ro\/#website","url":"https:\/\/deafblindness.info\/ro\/","name":"Global Deafblindness Resource Hub","description":"Connecting people with deafblindness to the world around them","publisher":{"@id":"https:\/\/deafblindness.info\/ro\/#organization"},"potentialAction":[{"@type":"SearchAction","target":{"@type":"EntryPoint","urlTemplate":"https:\/\/deafblindness.info\/ro\/?s={search_term_string}"},"query-input":{"@type":"PropertyValueSpecification","valueRequired":true,"valueName":"search_term_string"}}],"inLanguage":"ro-RO"},{"@type":"Organization","@id":"https:\/\/deafblindness.info\/ro\/#organization","name":"Global Deafblindness Resource Hub","url":"https:\/\/deafblindness.info\/ro\/","logo":{"@type":"ImageObject","inLanguage":"ro-RO","@id":"https:\/\/deafblindness.info\/ro\/#\/schema\/logo\/image\/","url":"https:\/\/deafblindness.info\/wp-content\/uploads\/2024\/09\/logo-icon.svg","contentUrl":"https:\/\/deafblindness.info\/wp-content\/uploads\/2024\/09\/logo-icon.svg","width":50,"height":50,"caption":"Global Deafblindness Resource Hub"},"image":{"@id":"https:\/\/deafblindness.info\/ro\/#\/schema\/logo\/image\/"}}]}},"_links":{"self":[{"href":"https:\/\/deafblindness.info\/ro\/wp-json\/wp\/v2\/pages\/2194","targetHints":{"allow":["GET"]}}],"collection":[{"href":"https:\/\/deafblindness.info\/ro\/wp-json\/wp\/v2\/pages"}],"about":[{"href":"https:\/\/deafblindness.info\/ro\/wp-json\/wp\/v2\/types\/page"}],"author":[{"embeddable":true,"href":"https:\/\/deafblindness.info\/ro\/wp-json\/wp\/v2\/users\/2"}],"replies":[{"embeddable":true,"href":"https:\/\/deafblindness.info\/ro\/wp-json\/wp\/v2\/comments?post=2194"}],"version-history":[{"count":0,"href":"https:\/\/deafblindness.info\/ro\/wp-json\/wp\/v2\/pages\/2194\/revisions"}],"wp:attachment":[{"href":"https:\/\/deafblindness.info\/ro\/wp-json\/wp\/v2\/media?parent=2194"}],"curies":[{"name":"wp","href":"https:\/\/api.w.org\/{rel}","templated":true}]}}