{"id":2470,"date":"2025-01-22T15:21:42","date_gmt":"2025-01-22T15:21:42","guid":{"rendered":"https:\/\/deafblindness.info\/?page_id=2470"},"modified":"2025-01-22T15:21:44","modified_gmt":"2025-01-22T15:21:44","slug":"declaratie-privind-accesibilitatea-pe-internet","status":"publish","type":"page","link":"https:\/\/deafblindness.info\/ro\/declaratie-privind-accesibilitatea-pe-internet\/","title":{"rendered":"Declara\u021bie privind accesibilitatea pe Internet\u00a0"},"content":{"rendered":"\n<p><strong>Indiferent dac\u0103 accesa\u021bi Centrul Global de Resurse pentru Surdocecitate prin vedere, atingere sau vorbire, ne dorim ca acesta s\u0103 r\u0103spund\u0103 c\u00e2t mai bine nevoilor dumneavoastr\u0103.&nbsp;<\/strong>&nbsp;<\/p>\n\n\n\n<h2 class=\"wp-block-heading\">Angajamentul nostru&nbsp;&nbsp;<\/h2>\n\n\n\n<p>Ne angaj\u0103m s\u0103 respect\u0103m nivelul AA al <a href=\"https:\/\/www.w3.org\/TR\/WCAG\/\" target=\"_blank\" rel=\"noreferrer noopener\"><strong>Indica\u021biilor privind accesibilitatea con\u021binutului pe Internet<\/strong><\/a> (Web Content Accessibility Guidelines \u2013 WCAG)&nbsp;<\/p>\n\n\n\n<p>Site-ul nostru trebuie s\u0103 fie compatibil cu cititoarele de ecran moderne \u0219i cu programe (software) de recunoa\u0219tere vocal\u0103. De asemenea, ar trebui s\u0103 r\u0103spund\u0103 \u00een mod corespunz\u0103tor instrumentelor tip lup\u0103, temelor cu contrast ridicat \u0219i instrumentelor vocale integrate \u00een sistemele de operare moderne.&nbsp;<\/p>\n\n\n\n<p>AbilityNet ofer\u0103 indica\u021bii <a href=\"https:\/\/mcmw.abilitynet.org.uk\/\" target=\"_blank\" rel=\"noreferrer noopener\"><strong>cu privire la modul \u00een care site-urile de Internet se adapteaz\u0103 la nevoile dumneavoastr\u0103<\/strong><\/a>.&nbsp;<\/p>\n\n\n\n<p>NV Access asigur\u0103 un <a href=\"https:\/\/www.nvaccess.org\/download\/\" target=\"_blank\" rel=\"noreferrer noopener\"><strong>software gratuit de citire a ecranului disponibil pentru a fi desc\u0103rcat<\/strong><\/a>.&nbsp;<\/p>\n\n\n\n<p>Facem tot ce ne st\u0103 \u00een putere pentru a testa site-ul nostru folosind o gam\u0103 larg\u0103 de tehnologii, dar nu ne putem angaja s\u0103 test\u0103m fiecare versiune de navigator de Internet (browser) pe fiecare versiune de tehnologie de asisten\u021b\u0103, nici s\u0103 test\u0103m fiecare versiune de sistem de operare sau tip de telefon mobil.&nbsp;<\/p>\n\n\n\n<h2 class=\"wp-block-heading\">Accesibilizarea navigatorului de Internet&nbsp;&nbsp;<\/h2>\n\n\n\n<p>Exist\u0103 func\u021bii de accesibilitate ad\u0103ugate, disponibile pentru diverse navigatoare de Internet, dup\u0103 cum urmeaz\u0103:&nbsp;<\/p>\n\n\n\n<ul class=\"wp-block-list\">\n<li><a href=\"https:\/\/www.google.com\/accessibility\/products-features\/#:~:text=Chrome%20browser\" target=\"_blank\" rel=\"noreferrer noopener\">Google Chrome<\/a>&nbsp;<\/li>\n<\/ul>\n\n\n\n<ul class=\"wp-block-list\">\n<li><a href=\"https:\/\/support.apple.com\/en-gb\/guide\/safari\/ibrw1075\/14.0\/mac\/11.0\" target=\"_blank\" rel=\"noreferrer noopener\">Safari<\/a>&nbsp;<\/li>\n<\/ul>\n\n\n\n<ul class=\"wp-block-list\">\n<li><a href=\"https:\/\/support.microsoft.com\/en-us\/microsoft-edge\/accessibility-features-in-microsoft-edge-4c696192-338e-9465-b2cd-bd9b698ad19a\" target=\"_blank\" rel=\"noreferrer noopener\">Microsoft Edge<\/a>&nbsp;<\/li>\n<\/ul>\n\n\n\n<ul class=\"wp-block-list\">\n<li><a href=\"http:\/\/windows.microsoft.com\/en-gb\/internet-explorer\/ie-accessibilty-options\" target=\"_blank\" rel=\"noreferrer noopener\">Internet Explorer<\/a>&nbsp;<\/li>\n<\/ul>\n\n\n\n<ul class=\"wp-block-list\">\n<li><a href=\"https:\/\/support.mozilla.org\/en-US\/kb\/accessibility-features-firefox-make-firefox-and-we?esab=a&amp;s=accessibility&amp;r=0&amp;as=s\" target=\"_blank\" rel=\"noreferrer noopener\">Firefox<\/a>&nbsp;<\/li>\n<\/ul>\n\n\n\n<h2 class=\"wp-block-heading\">Site-uri de Internet ale p\u0103r\u021bilor ter\u021be&nbsp;<\/h2>\n\n\n\n<p>\u00cen unele locuri de pe site-ul nostru de Internet, facem trimitere la site-uri \u0219i aplica\u021bii ale unor p\u0103r\u021bi ter\u021be care ofer\u0103 informa\u021bii \u0219i sfaturi folositoare utilizatorilor no\u0219tri. Nu putem garanta c\u0103 aceste site-uri \u0219i aplica\u021bii ale p\u0103r\u021bilor ter\u021be sunt pe deplin accesibile \u0219i conforme cu Indica\u021biile privind accesibilitatea con\u021binutului pe Internet (Web Content Accessibility Guidelines \u2013 WCAG). Atunci c\u00e2nd este posibil, facem tot posibilul s\u0103 colabor\u0103m cu aceste p\u0103r\u021bi ter\u021be \u00een a\u0219a fel \u00eenc\u00e2t s\u0103 implement\u0103m modific\u0103rile necesare pentru a fi conforme cu WCAG \u0219i pentru a le \u00eembun\u0103t\u0103\u021bi accesibilitatea.&nbsp;&nbsp;<\/p>\n\n\n\n<h2 class=\"wp-block-heading\">Cum ne descurc\u0103m?&nbsp;<\/h2>\n\n\n\n<p>Facem tot ce ne st\u0103 \u00een putere pentru ca \u00eentregul con\u021binut al site-ului nostru s\u0103 fie accesibil, dar este posibil ca unele zone ale site-ului s\u0103 necesite \u00eembun\u0103t\u0103\u021biri din acest punct de vedere. Avem o abordare activ\u0103 pentru a \u00eembun\u0103t\u0103\u021bi accesibilitatea \u0219i experien\u021ba utilizatorilor \u0219i primim \u00een mod continuu feedback de la utilizatori pentru a ne ajuta s\u0103 \u00eembun\u0103t\u0103\u021bim acest lucru. Dac\u0103 ave\u021bi probleme de accesare a site-ului nostru, <a href=\"mailto:SI.info@senseinternational.org.uk\" target=\"_blank\" rel=\"noreferrer noopener\">v\u0103 rug\u0103m s\u0103 ne contacta\u021bi<\/a>.&nbsp;<\/p>\n","protected":false},"excerpt":{"rendered":"<p>Indiferent dac\u0103 accesa\u021bi Centrul Global de Resurse pentru Surdocecitate prin vedere, atingere sau vorbire, ne dorim ca acesta s\u0103 r\u0103spund\u0103 c\u00e2t mai bine nevoilor dumneavoastr\u0103.&nbsp;&nbsp; Angajamentul nostru&nbsp;&nbsp; Ne angaj\u0103m s\u0103 respect\u0103m nivelul AA al Indica\u021biilor&hellip;<\/p>\n","protected":false},"author":12,"featured_media":0,"parent":0,"menu_order":0,"comment_status":"closed","ping_status":"closed","template":"","meta":{"_acf_changed":false,"footnotes":""},"class_list":["post-2470","page","type-page","status-publish","hentry"],"acf":[],"yoast_head":"<!-- This site is optimized with the Yoast SEO plugin v26.9 - https:\/\/yoast.com\/product\/yoast-seo-wordpress\/ -->\n<title>Declara\u021bie privind accesibilitatea pe Internet\u00a0 - Global Deafblindness Resource Hub<\/title>\n<meta name=\"description\" content=\"Indiferent dac\u0103 accesa\u021bi Centrul Global de Resurse pentru Surdocecitate prin vedere, atingere sau vorbire, ne dorim ca acesta s\u0103 r\u0103spund\u0103 c\u00e2t mai bine nevoilor dumneavoastr\u0103.\" \/>\n<meta name=\"robots\" content=\"index, follow, max-snippet:-1, max-image-preview:large, max-video-preview:-1\" \/>\n<link rel=\"canonical\" href=\"https:\/\/deafblindness.info\/ro\/declaratie-privind-accesibilitatea-pe-internet\/\" \/>\n<meta property=\"og:locale\" content=\"ro_RO\" \/>\n<meta property=\"og:type\" content=\"article\" \/>\n<meta property=\"og:title\" content=\"Declara\u021bie privind accesibilitatea pe Internet\u00a0 - Global Deafblindness Resource Hub\" \/>\n<meta property=\"og:description\" content=\"Indiferent dac\u0103 accesa\u021bi Centrul Global de Resurse pentru Surdocecitate prin vedere, atingere sau vorbire, ne dorim ca acesta s\u0103 r\u0103spund\u0103 c\u00e2t mai bine nevoilor dumneavoastr\u0103.\" \/>\n<meta property=\"og:url\" content=\"https:\/\/deafblindness.info\/ro\/declaratie-privind-accesibilitatea-pe-internet\/\" \/>\n<meta property=\"og:site_name\" content=\"Global Deafblindness Resource Hub\" \/>\n<meta property=\"article:modified_time\" content=\"2025-01-22T15:21:44+00:00\" \/>\n<meta name=\"twitter:card\" content=\"summary_large_image\" \/>\n<meta name=\"twitter:label1\" content=\"Est. reading time\" \/>\n\t<meta name=\"twitter:data1\" content=\"2 minute\" \/>\n<script type=\"application\/ld+json\" class=\"yoast-schema-graph\">{\"@context\":\"https:\/\/schema.org\",\"@graph\":[{\"@type\":\"WebPage\",\"@id\":\"https:\/\/deafblindness.info\/ro\/declaratie-privind-accesibilitatea-pe-internet\/\",\"url\":\"https:\/\/deafblindness.info\/ro\/declaratie-privind-accesibilitatea-pe-internet\/\",\"name\":\"Declara\u021bie privind accesibilitatea pe Internet\u00a0 - Global Deafblindness Resource Hub\",\"isPartOf\":{\"@id\":\"https:\/\/deafblindness.info\/ro\/#website\"},\"datePublished\":\"2025-01-22T15:21:42+00:00\",\"dateModified\":\"2025-01-22T15:21:44+00:00\",\"description\":\"Indiferent dac\u0103 accesa\u021bi Centrul Global de Resurse pentru Surdocecitate prin vedere, atingere sau vorbire, ne dorim ca acesta s\u0103 r\u0103spund\u0103 c\u00e2t mai bine nevoilor dumneavoastr\u0103.\",\"breadcrumb\":{\"@id\":\"https:\/\/deafblindness.info\/ro\/declaratie-privind-accesibilitatea-pe-internet\/#breadcrumb\"},\"inLanguage\":\"ro-RO\",\"potentialAction\":[{\"@type\":\"ReadAction\",\"target\":[\"https:\/\/deafblindness.info\/ro\/declaratie-privind-accesibilitatea-pe-internet\/\"]}]},{\"@type\":\"BreadcrumbList\",\"@id\":\"https:\/\/deafblindness.info\/ro\/declaratie-privind-accesibilitatea-pe-internet\/#breadcrumb\",\"itemListElement\":[{\"@type\":\"ListItem\",\"position\":1,\"name\":\"Home\",\"item\":\"https:\/\/deafblindness.info\/ro\/\"},{\"@type\":\"ListItem\",\"position\":2,\"name\":\"Declara\u021bie privind accesibilitatea pe Internet\u00a0\"}]},{\"@type\":\"WebSite\",\"@id\":\"https:\/\/deafblindness.info\/ro\/#website\",\"url\":\"https:\/\/deafblindness.info\/ro\/\",\"name\":\"Global Deafblindness Resource Hub\",\"description\":\"Connecting people with deafblindness to the world around them\",\"publisher\":{\"@id\":\"https:\/\/deafblindness.info\/ro\/#organization\"},\"potentialAction\":[{\"@type\":\"SearchAction\",\"target\":{\"@type\":\"EntryPoint\",\"urlTemplate\":\"https:\/\/deafblindness.info\/ro\/?s={search_term_string}\"},\"query-input\":{\"@type\":\"PropertyValueSpecification\",\"valueRequired\":true,\"valueName\":\"search_term_string\"}}],\"inLanguage\":\"ro-RO\"},{\"@type\":\"Organization\",\"@id\":\"https:\/\/deafblindness.info\/ro\/#organization\",\"name\":\"Global Deafblindness Resource Hub\",\"url\":\"https:\/\/deafblindness.info\/ro\/\",\"logo\":{\"@type\":\"ImageObject\",\"inLanguage\":\"ro-RO\",\"@id\":\"https:\/\/deafblindness.info\/ro\/#\/schema\/logo\/image\/\",\"url\":\"https:\/\/deafblindness.info\/wp-content\/uploads\/2024\/09\/logo-icon.svg\",\"contentUrl\":\"https:\/\/deafblindness.info\/wp-content\/uploads\/2024\/09\/logo-icon.svg\",\"width\":50,\"height\":50,\"caption\":\"Global Deafblindness Resource Hub\"},\"image\":{\"@id\":\"https:\/\/deafblindness.info\/ro\/#\/schema\/logo\/image\/\"}}]}<\/script>\n<!-- \/ Yoast SEO plugin. -->","yoast_head_json":{"title":"Declara\u021bie privind accesibilitatea pe Internet\u00a0 - Global Deafblindness Resource Hub","description":"Indiferent dac\u0103 accesa\u021bi Centrul Global de Resurse pentru Surdocecitate prin vedere, atingere sau vorbire, ne dorim ca acesta s\u0103 r\u0103spund\u0103 c\u00e2t mai bine nevoilor dumneavoastr\u0103.","robots":{"index":"index","follow":"follow","max-snippet":"max-snippet:-1","max-image-preview":"max-image-preview:large","max-video-preview":"max-video-preview:-1"},"canonical":"https:\/\/deafblindness.info\/ro\/declaratie-privind-accesibilitatea-pe-internet\/","og_locale":"ro_RO","og_type":"article","og_title":"Declara\u021bie privind accesibilitatea pe Internet\u00a0 - Global Deafblindness Resource Hub","og_description":"Indiferent dac\u0103 accesa\u021bi Centrul Global de Resurse pentru Surdocecitate prin vedere, atingere sau vorbire, ne dorim ca acesta s\u0103 r\u0103spund\u0103 c\u00e2t mai bine nevoilor dumneavoastr\u0103.","og_url":"https:\/\/deafblindness.info\/ro\/declaratie-privind-accesibilitatea-pe-internet\/","og_site_name":"Global Deafblindness Resource Hub","article_modified_time":"2025-01-22T15:21:44+00:00","twitter_card":"summary_large_image","twitter_misc":{"Est. reading time":"2 minute"},"schema":{"@context":"https:\/\/schema.org","@graph":[{"@type":"WebPage","@id":"https:\/\/deafblindness.info\/ro\/declaratie-privind-accesibilitatea-pe-internet\/","url":"https:\/\/deafblindness.info\/ro\/declaratie-privind-accesibilitatea-pe-internet\/","name":"Declara\u021bie privind accesibilitatea pe Internet\u00a0 - Global Deafblindness Resource Hub","isPartOf":{"@id":"https:\/\/deafblindness.info\/ro\/#website"},"datePublished":"2025-01-22T15:21:42+00:00","dateModified":"2025-01-22T15:21:44+00:00","description":"Indiferent dac\u0103 accesa\u021bi Centrul Global de Resurse pentru Surdocecitate prin vedere, atingere sau vorbire, ne dorim ca acesta s\u0103 r\u0103spund\u0103 c\u00e2t mai bine nevoilor dumneavoastr\u0103.","breadcrumb":{"@id":"https:\/\/deafblindness.info\/ro\/declaratie-privind-accesibilitatea-pe-internet\/#breadcrumb"},"inLanguage":"ro-RO","potentialAction":[{"@type":"ReadAction","target":["https:\/\/deafblindness.info\/ro\/declaratie-privind-accesibilitatea-pe-internet\/"]}]},{"@type":"BreadcrumbList","@id":"https:\/\/deafblindness.info\/ro\/declaratie-privind-accesibilitatea-pe-internet\/#breadcrumb","itemListElement":[{"@type":"ListItem","position":1,"name":"Home","item":"https:\/\/deafblindness.info\/ro\/"},{"@type":"ListItem","position":2,"name":"Declara\u021bie privind accesibilitatea pe Internet\u00a0"}]},{"@type":"WebSite","@id":"https:\/\/deafblindness.info\/ro\/#website","url":"https:\/\/deafblindness.info\/ro\/","name":"Global Deafblindness Resource Hub","description":"Connecting people with deafblindness to the world around them","publisher":{"@id":"https:\/\/deafblindness.info\/ro\/#organization"},"potentialAction":[{"@type":"SearchAction","target":{"@type":"EntryPoint","urlTemplate":"https:\/\/deafblindness.info\/ro\/?s={search_term_string}"},"query-input":{"@type":"PropertyValueSpecification","valueRequired":true,"valueName":"search_term_string"}}],"inLanguage":"ro-RO"},{"@type":"Organization","@id":"https:\/\/deafblindness.info\/ro\/#organization","name":"Global Deafblindness Resource Hub","url":"https:\/\/deafblindness.info\/ro\/","logo":{"@type":"ImageObject","inLanguage":"ro-RO","@id":"https:\/\/deafblindness.info\/ro\/#\/schema\/logo\/image\/","url":"https:\/\/deafblindness.info\/wp-content\/uploads\/2024\/09\/logo-icon.svg","contentUrl":"https:\/\/deafblindness.info\/wp-content\/uploads\/2024\/09\/logo-icon.svg","width":50,"height":50,"caption":"Global Deafblindness Resource Hub"},"image":{"@id":"https:\/\/deafblindness.info\/ro\/#\/schema\/logo\/image\/"}}]}},"_links":{"self":[{"href":"https:\/\/deafblindness.info\/ro\/wp-json\/wp\/v2\/pages\/2470","targetHints":{"allow":["GET"]}}],"collection":[{"href":"https:\/\/deafblindness.info\/ro\/wp-json\/wp\/v2\/pages"}],"about":[{"href":"https:\/\/deafblindness.info\/ro\/wp-json\/wp\/v2\/types\/page"}],"author":[{"embeddable":true,"href":"https:\/\/deafblindness.info\/ro\/wp-json\/wp\/v2\/users\/12"}],"replies":[{"embeddable":true,"href":"https:\/\/deafblindness.info\/ro\/wp-json\/wp\/v2\/comments?post=2470"}],"version-history":[{"count":0,"href":"https:\/\/deafblindness.info\/ro\/wp-json\/wp\/v2\/pages\/2470\/revisions"}],"wp:attachment":[{"href":"https:\/\/deafblindness.info\/ro\/wp-json\/wp\/v2\/media?parent=2470"}],"curies":[{"name":"wp","href":"https:\/\/api.w.org\/{rel}","templated":true}]}}