{"id":2481,"date":"2025-01-22T16:08:53","date_gmt":"2025-01-22T16:08:53","guid":{"rendered":"https:\/\/deafblindness.info\/?page_id=2481"},"modified":"2025-11-17T15:09:15","modified_gmt":"2025-11-17T15:09:15","slug":"despre-noi","status":"publish","type":"page","link":"https:\/\/deafblindness.info\/ro\/despre-noi\/","title":{"rendered":"Despre noi\u00a0"},"content":{"rendered":"\n<p><strong>Centrul Global de Resurse pentru Surdocecitate a fost creat de Sense International. Suntem o organiza\u021bie caritabil\u0103 global\u0103 de top care sprijin\u0103 persoanele cu surdocecitate din opt \u021b\u0103ri din \u00eentreaga lume.<\/strong>&nbsp;<\/p>\n\n\n\n<h2 class=\"wp-block-heading\"><strong>Experien\u021ba noastr\u0103<\/strong>&nbsp;<\/h2>\n\n\n\n<p>Avem peste 30 de ani de experien\u021b\u0103 \u00een sprijinirea persoanelor cu surdocecitate pentru ca ele s\u0103-\u0219i exercite drepturile. Ne-am \u00eenceput activitatea \u00een 1994 cu scopul de a \u00eemp\u0103rt\u0103\u0219i cuno\u0219tin\u021bele \u0219i expertiza organiza\u021biei noastre mam\u0103, Sense UK.&nbsp;<\/p>\n\n\n\n<p>De la acea dat\u0103, am \u00eenfiin\u021bat organiza\u021bii \u00eenregistrate la nivel local \u00een India, Kenya, Peru, Rom\u00e2nia, Tanzania \u0219i Uganda. De asemenea, am \u00eenfiin\u021bat programe de lucru \u00een parteneriat cu organiza\u021bii na\u021bionale din Bangladesh \u0219i Nepal.&nbsp;<\/p>\n\n\n\n<p><a href=\"https:\/\/senserh.wpengine.com\/sense-international-around-the-world\/\" target=\"_blank\" rel=\"noreferrer noopener\"><strong>G\u0103si\u021bi cel mai apropiat birou Sense International<\/strong><\/a>&nbsp; (V\u0103 rug\u0103m s\u0103 re\u021bine\u021bi c\u0103 acest link duce c\u0103tre site-ul Sense International, site \u00een limba englez\u0103).<\/p>\n\n\n\n<h2 class=\"wp-block-heading\"><strong>Activitatea noastr\u0103<\/strong>&nbsp;<\/h2>\n\n\n\n<p>Facem tot posibilul s\u0103 identific\u0103m copiii cu surdocecitate c\u00e2t mai devreme posibil, astfel \u00eenc\u00e2t, cu sprijinul potrivit, ace\u0219tia s\u0103 poat\u0103 prospera. De asemenea,\u00eembun\u0103t\u0103\u021bim accesul la&nbsp;programe educa\u021bionale \u0219i voca\u021bionale de calitate&nbsp;astfel \u00eenc\u00e2t copiii \u0219i tinerii cu surdocecitate s\u0103 poat\u0103 deveni independen\u021bi, s\u0103 aib\u0103 un mijloc de trai \u0219i s\u0103 \u00ee\u0219i ating\u0103 poten\u021bialul maxim.&nbsp;<\/p>\n\n\n\n<p>Activitatea noastr\u0103 presupune o abordare bazat\u0103 pe drepturi. Sprijinim persoanele cu surdocecitate \u0219i familiile acestora s\u0103 combat\u0103 stigmatizarea, discriminarea \u0219i alte bariere care exist\u0103 \u00een societate, astfel \u00eenc\u00e2t drepturile lor s\u0103 fie recunoscute \u0219i exercitate \u2013 acum \u0219i \u00een viitor.&nbsp;<\/p>\n\n\n\n<p><a href=\"https:\/\/senseinternational.org.uk\/\" target=\"_blank\" rel=\"noreferrer noopener\"><strong>Vizita\u021bi site-ul nostru&nbsp; pentru a afla mai multe despre viziunea, misiunea \u0219i activitatea noastr\u0103<\/strong><\/a>&nbsp;  (V\u0103 rug\u0103m s\u0103 re\u021bine\u021bi c\u0103 acest link duce c\u0103tre site-ul Sense International, site \u00een limba englez\u0103).<\/p>\n\n\n\n<h2 class=\"wp-block-heading\"><strong>Centrul Global de Resurse pentru Surdocecitate&nbsp;<\/strong>&nbsp;<\/h2>\n\n\n\n<p>Centrul Global de Resurse pentru Surdocecitate este o platform\u0103 online care ofer\u0103 persoanelor cu surdocecitate (PcSC), precum \u0219i celor care le sprijin\u0103, informa\u021bii, con\u021binut \u0219i resurse accesibile. \u202f\u202f&nbsp;<\/p>\n\n\n\n<p>Platforma este un instrument tehnologic esen\u021bial pentru a ajuta la completarea \u0219i consolidarea activit\u0103\u021bii pe care o desf\u0103\u0219ur\u0103m \u00een cele opt \u021b\u0103ri unde activ\u0103m. Obiectivul nostru final este ca Centrul Global de Resurse s\u0103 fie un spa\u021biu digital care s\u0103 permit\u0103 PcSC\/DSM s\u0103 acceseze informa\u021bii, resurse \u0219i con\u021binut \u00een acela\u0219i mod ca \u0219i persoanele f\u0103r\u0103 dizabilit\u0103\u021bi \u0219i s\u0103 \u00eenve\u021be despre lume \u00een general.&nbsp;<\/p>\n\n\n\n<p><a href=\"https:\/\/deafblindness.info\/ro\/resource\/guvern-ong-uri-si-resurse-locale\/\"><strong>R\u0103sfoi\u021bi resursele noastre<\/strong><\/a>&nbsp;<\/p>\n\n\n<div class=\"wp-block  box  ctaBox    is-style-textured  align-wide  size-medium\">\n\t<div class=\"ctaBox__row\">\n\t\t<div class=\"ctaBox__content\">\n\t\t\t<div class=\"acf-innerblocks-container\">\n\n<p class=\"is-style-intro\"><strong>Apreciem cu adev\u0103rat feedbackul dvs<\/strong><\/p>\n\n<\/div>\n\t\t<\/div>\n\n\t\t<div class=\"ctaBox__cta\">\n\t\t\t<a href=\"https:\/\/deafblindness.info\/ro\/impartaseste-ne-feedback-ul-tau\/\" class=\"button  button--primary\">Spune\u021bi-ne ce p\u0103rere ave\u021bi<\/a>\n\t\t<\/div>\n\t<\/div>\n\n<\/div>","protected":false},"excerpt":{"rendered":"<p>Centrul Global de Resurse pentru Surdocecitate a fost creat de Sense International. Suntem o organiza\u021bie caritabil\u0103 global\u0103 de top care sprijin\u0103 persoanele cu surdocecitate din opt \u021b\u0103ri din \u00eentreaga lume.&nbsp; Experien\u021ba noastr\u0103&nbsp; Avem peste 30&hellip;<\/p>\n","protected":false},"author":12,"featured_media":660,"parent":0,"menu_order":0,"comment_status":"closed","ping_status":"closed","template":"","meta":{"_acf_changed":true,"footnotes":""},"class_list":["post-2481","page","type-page","status-publish","has-post-thumbnail","hentry"],"acf":[],"yoast_head":"<!-- This site is optimized with the Yoast SEO plugin v26.9 - https:\/\/yoast.com\/product\/yoast-seo-wordpress\/ -->\n<title>Despre noi\u00a0 - Global Deafblindness Resource Hub<\/title>\n<meta name=\"robots\" content=\"index, follow, max-snippet:-1, max-image-preview:large, max-video-preview:-1\" \/>\n<link rel=\"canonical\" href=\"https:\/\/deafblindness.info\/ro\/despre-noi\/\" \/>\n<meta property=\"og:locale\" content=\"ro_RO\" \/>\n<meta property=\"og:type\" content=\"article\" \/>\n<meta property=\"og:title\" content=\"Despre noi\u00a0 - Global Deafblindness Resource Hub\" \/>\n<meta property=\"og:description\" content=\"Centrul Global de Resurse pentru Surdocecitate a fost creat de Sense International. Suntem o organiza\u021bie caritabil\u0103 global\u0103 de top care sprijin\u0103 persoanele cu surdocecitate din opt \u021b\u0103ri din \u00eentreaga lume.&nbsp; Experien\u021ba noastr\u0103&nbsp; Avem peste 30&hellip;\" \/>\n<meta property=\"og:url\" content=\"https:\/\/deafblindness.info\/ro\/despre-noi\/\" \/>\n<meta property=\"og:site_name\" content=\"Global Deafblindness Resource Hub\" \/>\n<meta property=\"article:modified_time\" content=\"2025-11-17T15:09:15+00:00\" \/>\n<meta property=\"og:image\" content=\"https:\/\/deafblindness.info\/wp-content\/uploads\/2021\/11\/A-therapist-and-child-in-the-sensory-stimulation-room.jpeg\" \/>\n\t<meta property=\"og:image:width\" content=\"1500\" \/>\n\t<meta property=\"og:image:height\" content=\"1000\" \/>\n\t<meta property=\"og:image:type\" content=\"image\/jpeg\" \/>\n<meta name=\"twitter:card\" content=\"summary_large_image\" \/>\n<meta name=\"twitter:label1\" content=\"Est. reading time\" \/>\n\t<meta name=\"twitter:data1\" content=\"2 minute\" \/>\n<script type=\"application\/ld+json\" class=\"yoast-schema-graph\">{\"@context\":\"https:\/\/schema.org\",\"@graph\":[{\"@type\":\"WebPage\",\"@id\":\"https:\/\/deafblindness.info\/ro\/despre-noi\/\",\"url\":\"https:\/\/deafblindness.info\/ro\/despre-noi\/\",\"name\":\"Despre noi\u00a0 - Global Deafblindness Resource Hub\",\"isPartOf\":{\"@id\":\"https:\/\/deafblindness.info\/ro\/#website\"},\"primaryImageOfPage\":{\"@id\":\"https:\/\/deafblindness.info\/ro\/despre-noi\/#primaryimage\"},\"image\":{\"@id\":\"https:\/\/deafblindness.info\/ro\/despre-noi\/#primaryimage\"},\"thumbnailUrl\":\"https:\/\/deafblindness.info\/wp-content\/uploads\/2021\/11\/A-therapist-and-child-in-the-sensory-stimulation-room.jpeg\",\"datePublished\":\"2025-01-22T16:08:53+00:00\",\"dateModified\":\"2025-11-17T15:09:15+00:00\",\"breadcrumb\":{\"@id\":\"https:\/\/deafblindness.info\/ro\/despre-noi\/#breadcrumb\"},\"inLanguage\":\"ro-RO\",\"potentialAction\":[{\"@type\":\"ReadAction\",\"target\":[\"https:\/\/deafblindness.info\/ro\/despre-noi\/\"]}]},{\"@type\":\"ImageObject\",\"inLanguage\":\"ro-RO\",\"@id\":\"https:\/\/deafblindness.info\/ro\/despre-noi\/#primaryimage\",\"url\":\"https:\/\/deafblindness.info\/wp-content\/uploads\/2021\/11\/A-therapist-and-child-in-the-sensory-stimulation-room.jpeg\",\"contentUrl\":\"https:\/\/deafblindness.info\/wp-content\/uploads\/2021\/11\/A-therapist-and-child-in-the-sensory-stimulation-room.jpeg\",\"width\":1500,\"height\":1000,\"caption\":\"A therapist and child in the sensory stimulation room\"},{\"@type\":\"BreadcrumbList\",\"@id\":\"https:\/\/deafblindness.info\/ro\/despre-noi\/#breadcrumb\",\"itemListElement\":[{\"@type\":\"ListItem\",\"position\":1,\"name\":\"Home\",\"item\":\"https:\/\/deafblindness.info\/ro\/\"},{\"@type\":\"ListItem\",\"position\":2,\"name\":\"Despre noi\u00a0\"}]},{\"@type\":\"WebSite\",\"@id\":\"https:\/\/deafblindness.info\/ro\/#website\",\"url\":\"https:\/\/deafblindness.info\/ro\/\",\"name\":\"Global Deafblindness Resource Hub\",\"description\":\"Connecting people with deafblindness to the world around them\",\"publisher\":{\"@id\":\"https:\/\/deafblindness.info\/ro\/#organization\"},\"potentialAction\":[{\"@type\":\"SearchAction\",\"target\":{\"@type\":\"EntryPoint\",\"urlTemplate\":\"https:\/\/deafblindness.info\/ro\/?s={search_term_string}\"},\"query-input\":{\"@type\":\"PropertyValueSpecification\",\"valueRequired\":true,\"valueName\":\"search_term_string\"}}],\"inLanguage\":\"ro-RO\"},{\"@type\":\"Organization\",\"@id\":\"https:\/\/deafblindness.info\/ro\/#organization\",\"name\":\"Global Deafblindness Resource Hub\",\"url\":\"https:\/\/deafblindness.info\/ro\/\",\"logo\":{\"@type\":\"ImageObject\",\"inLanguage\":\"ro-RO\",\"@id\":\"https:\/\/deafblindness.info\/ro\/#\/schema\/logo\/image\/\",\"url\":\"https:\/\/deafblindness.info\/wp-content\/uploads\/2024\/09\/logo-icon.svg\",\"contentUrl\":\"https:\/\/deafblindness.info\/wp-content\/uploads\/2024\/09\/logo-icon.svg\",\"width\":50,\"height\":50,\"caption\":\"Global Deafblindness Resource Hub\"},\"image\":{\"@id\":\"https:\/\/deafblindness.info\/ro\/#\/schema\/logo\/image\/\"}}]}<\/script>\n<!-- \/ Yoast SEO plugin. -->","yoast_head_json":{"title":"Despre noi\u00a0 - Global Deafblindness Resource Hub","robots":{"index":"index","follow":"follow","max-snippet":"max-snippet:-1","max-image-preview":"max-image-preview:large","max-video-preview":"max-video-preview:-1"},"canonical":"https:\/\/deafblindness.info\/ro\/despre-noi\/","og_locale":"ro_RO","og_type":"article","og_title":"Despre noi\u00a0 - Global Deafblindness Resource Hub","og_description":"Centrul Global de Resurse pentru Surdocecitate a fost creat de Sense International. Suntem o organiza\u021bie caritabil\u0103 global\u0103 de top care sprijin\u0103 persoanele cu surdocecitate din opt \u021b\u0103ri din \u00eentreaga lume.&nbsp; Experien\u021ba noastr\u0103&nbsp; Avem peste 30&hellip;","og_url":"https:\/\/deafblindness.info\/ro\/despre-noi\/","og_site_name":"Global Deafblindness Resource Hub","article_modified_time":"2025-11-17T15:09:15+00:00","og_image":[{"width":1500,"height":1000,"url":"https:\/\/deafblindness.info\/wp-content\/uploads\/2021\/11\/A-therapist-and-child-in-the-sensory-stimulation-room.jpeg","type":"image\/jpeg"}],"twitter_card":"summary_large_image","twitter_misc":{"Est. reading time":"2 minute"},"schema":{"@context":"https:\/\/schema.org","@graph":[{"@type":"WebPage","@id":"https:\/\/deafblindness.info\/ro\/despre-noi\/","url":"https:\/\/deafblindness.info\/ro\/despre-noi\/","name":"Despre noi\u00a0 - Global Deafblindness Resource Hub","isPartOf":{"@id":"https:\/\/deafblindness.info\/ro\/#website"},"primaryImageOfPage":{"@id":"https:\/\/deafblindness.info\/ro\/despre-noi\/#primaryimage"},"image":{"@id":"https:\/\/deafblindness.info\/ro\/despre-noi\/#primaryimage"},"thumbnailUrl":"https:\/\/deafblindness.info\/wp-content\/uploads\/2021\/11\/A-therapist-and-child-in-the-sensory-stimulation-room.jpeg","datePublished":"2025-01-22T16:08:53+00:00","dateModified":"2025-11-17T15:09:15+00:00","breadcrumb":{"@id":"https:\/\/deafblindness.info\/ro\/despre-noi\/#breadcrumb"},"inLanguage":"ro-RO","potentialAction":[{"@type":"ReadAction","target":["https:\/\/deafblindness.info\/ro\/despre-noi\/"]}]},{"@type":"ImageObject","inLanguage":"ro-RO","@id":"https:\/\/deafblindness.info\/ro\/despre-noi\/#primaryimage","url":"https:\/\/deafblindness.info\/wp-content\/uploads\/2021\/11\/A-therapist-and-child-in-the-sensory-stimulation-room.jpeg","contentUrl":"https:\/\/deafblindness.info\/wp-content\/uploads\/2021\/11\/A-therapist-and-child-in-the-sensory-stimulation-room.jpeg","width":1500,"height":1000,"caption":"A therapist and child in the sensory stimulation room"},{"@type":"BreadcrumbList","@id":"https:\/\/deafblindness.info\/ro\/despre-noi\/#breadcrumb","itemListElement":[{"@type":"ListItem","position":1,"name":"Home","item":"https:\/\/deafblindness.info\/ro\/"},{"@type":"ListItem","position":2,"name":"Despre noi\u00a0"}]},{"@type":"WebSite","@id":"https:\/\/deafblindness.info\/ro\/#website","url":"https:\/\/deafblindness.info\/ro\/","name":"Global Deafblindness Resource Hub","description":"Connecting people with deafblindness to the world around them","publisher":{"@id":"https:\/\/deafblindness.info\/ro\/#organization"},"potentialAction":[{"@type":"SearchAction","target":{"@type":"EntryPoint","urlTemplate":"https:\/\/deafblindness.info\/ro\/?s={search_term_string}"},"query-input":{"@type":"PropertyValueSpecification","valueRequired":true,"valueName":"search_term_string"}}],"inLanguage":"ro-RO"},{"@type":"Organization","@id":"https:\/\/deafblindness.info\/ro\/#organization","name":"Global Deafblindness Resource Hub","url":"https:\/\/deafblindness.info\/ro\/","logo":{"@type":"ImageObject","inLanguage":"ro-RO","@id":"https:\/\/deafblindness.info\/ro\/#\/schema\/logo\/image\/","url":"https:\/\/deafblindness.info\/wp-content\/uploads\/2024\/09\/logo-icon.svg","contentUrl":"https:\/\/deafblindness.info\/wp-content\/uploads\/2024\/09\/logo-icon.svg","width":50,"height":50,"caption":"Global Deafblindness Resource Hub"},"image":{"@id":"https:\/\/deafblindness.info\/ro\/#\/schema\/logo\/image\/"}}]}},"_links":{"self":[{"href":"https:\/\/deafblindness.info\/ro\/wp-json\/wp\/v2\/pages\/2481","targetHints":{"allow":["GET"]}}],"collection":[{"href":"https:\/\/deafblindness.info\/ro\/wp-json\/wp\/v2\/pages"}],"about":[{"href":"https:\/\/deafblindness.info\/ro\/wp-json\/wp\/v2\/types\/page"}],"author":[{"embeddable":true,"href":"https:\/\/deafblindness.info\/ro\/wp-json\/wp\/v2\/users\/12"}],"replies":[{"embeddable":true,"href":"https:\/\/deafblindness.info\/ro\/wp-json\/wp\/v2\/comments?post=2481"}],"version-history":[{"count":0,"href":"https:\/\/deafblindness.info\/ro\/wp-json\/wp\/v2\/pages\/2481\/revisions"}],"wp:featuredmedia":[{"embeddable":true,"href":"https:\/\/deafblindness.info\/ro\/wp-json\/wp\/v2\/media\/660"}],"wp:attachment":[{"href":"https:\/\/deafblindness.info\/ro\/wp-json\/wp\/v2\/media?parent=2481"}],"curies":[{"name":"wp","href":"https:\/\/api.w.org\/{rel}","templated":true}]}}