{"id":2485,"date":"2025-01-22T16:13:31","date_gmt":"2025-01-22T16:13:31","guid":{"rendered":"https:\/\/deafblindness.info\/?page_id=2485"},"modified":"2025-02-24T15:54:04","modified_gmt":"2025-02-24T15:54:04","slug":"contactati-ne","status":"publish","type":"page","link":"https:\/\/deafblindness.info\/ro\/contactati-ne\/","title":{"rendered":"Contacta\u021bi-ne\u00a0\u00a0"},"content":{"rendered":"\n<p><strong>Centrul Global de Resurse pentru Surdocecitate este gestionat de Sense International UK \u00een numele familiei Sense International. Dac\u0103 ave\u021bi sugestii cu privire la acest site, v\u0103 rug\u0103m s\u0103 contacta\u021bi echipa noastr\u0103 din Marea Britanie folosind datele de mai jos.<\/strong>&nbsp;<\/p>\n\n\n\n<h2 class=\"wp-block-heading\">Cum putem fi contacta\u021bi&nbsp;<\/h2>\n\n\n\n<h3 class=\"wp-block-heading\">Prin e-mail&nbsp;<\/h3>\n\n\n\n<p>Ne pute\u021bi trimite un e-mail la\u202fadresa: <strong>SI.info@senseinternational.org.uk<\/strong>&nbsp;<\/p>\n\n\n\n<h3 class=\"wp-block-heading\"><strong>Prin po\u0219t\u0103<\/strong>&nbsp;<\/h3>\n\n\n\n<p>Ne pute\u021bi scrie la adresa:&nbsp;<br>101 Pentonville Road&nbsp;<br>London&nbsp;<br>N1 9LG&nbsp;<br>United Kingdom (Regatul Unit al Marii Britanii)&nbsp;<\/p>\n\n\n\n<h3 class=\"wp-block-heading\">Birourile noastre din \u00eentreaga lume&nbsp;<\/h3>\n\n\n\n<p>Pentru a lua leg\u0103tura cu oricare dintre echipele noastre la nivel global, pute\u021bi g\u0103si detaliile noastre de contact pe pagina <a href=\"https:\/\/www.senseinternational.org.uk\/our-work\/where-we-work\/\" target=\"_blank\" rel=\"noreferrer noopener\"><strong>Sense International din \u00eentreaga lume<\/strong><\/a>.\u00a0<\/p>\n\n\n\n<h3 class=\"wp-block-heading\">Informa\u021bii suplimentare&nbsp;<\/h3>\n\n\n\n<p>Dac\u0103 dori\u021bi s\u0103 afla\u021bi mai multe despre Sense International, inclusiv informa\u021bii suplimentare despre viziunea, misiunea \u0219i activitatea noastr\u0103, v\u0103 rug\u0103m s\u0103 vizita\u021bi <a href=\"https:\/\/senseinternational.org.uk\/\" target=\"_blank\" rel=\"noreferrer noopener\"><strong>site-ul nostru<\/strong><\/a>. Pute\u021bi g\u0103si, de asemenea, detalii despre politicile noastre, inclusiv <a href=\"https:\/\/senseinternational.org.uk\/footer-links\/our-policies\/\" target=\"_blank\" rel=\"noreferrer noopener\"><strong>despre modul de depunere a unei pl\u00e2ngeri<\/strong><\/a>, aici.&nbsp;<\/p>\n","protected":false},"excerpt":{"rendered":"<p>Centrul Global de Resurse pentru Surdocecitate este gestionat de Sense International UK \u00een numele familiei Sense International. Dac\u0103 ave\u021bi sugestii cu privire la acest site, v\u0103 rug\u0103m s\u0103 contacta\u021bi echipa noastr\u0103 din Marea Britanie folosind&hellip;<\/p>\n","protected":false},"author":12,"featured_media":0,"parent":0,"menu_order":0,"comment_status":"closed","ping_status":"closed","template":"","meta":{"_acf_changed":false,"footnotes":""},"class_list":["post-2485","page","type-page","status-publish","hentry"],"acf":[],"yoast_head":"<!-- This site is optimized with the Yoast SEO plugin v26.9 - https:\/\/yoast.com\/product\/yoast-seo-wordpress\/ -->\n<title>Contacta\u021bi-ne\u00a0\u00a0 - Global Deafblindness Resource Hub<\/title>\n<meta name=\"robots\" content=\"index, follow, max-snippet:-1, max-image-preview:large, max-video-preview:-1\" \/>\n<link rel=\"canonical\" href=\"https:\/\/deafblindness.info\/ro\/contactati-ne\/\" \/>\n<meta property=\"og:locale\" content=\"ro_RO\" \/>\n<meta property=\"og:type\" content=\"article\" \/>\n<meta property=\"og:title\" content=\"Contacta\u021bi-ne\u00a0\u00a0 - Global Deafblindness Resource Hub\" \/>\n<meta property=\"og:description\" content=\"Centrul Global de Resurse pentru Surdocecitate este gestionat de Sense International UK \u00een numele familiei Sense International. Dac\u0103 ave\u021bi sugestii cu privire la acest site, v\u0103 rug\u0103m s\u0103 contacta\u021bi echipa noastr\u0103 din Marea Britanie folosind&hellip;\" \/>\n<meta property=\"og:url\" content=\"https:\/\/deafblindness.info\/ro\/contactati-ne\/\" \/>\n<meta property=\"og:site_name\" content=\"Global Deafblindness Resource Hub\" \/>\n<meta property=\"article:modified_time\" content=\"2025-02-24T15:54:04+00:00\" \/>\n<meta name=\"twitter:card\" content=\"summary_large_image\" \/>\n<meta name=\"twitter:label1\" content=\"Est. reading time\" \/>\n\t<meta name=\"twitter:data1\" content=\"1 minut\" \/>\n<script type=\"application\/ld+json\" class=\"yoast-schema-graph\">{\"@context\":\"https:\/\/schema.org\",\"@graph\":[{\"@type\":\"WebPage\",\"@id\":\"https:\/\/deafblindness.info\/ro\/contactati-ne\/\",\"url\":\"https:\/\/deafblindness.info\/ro\/contactati-ne\/\",\"name\":\"Contacta\u021bi-ne\u00a0\u00a0 - Global Deafblindness Resource Hub\",\"isPartOf\":{\"@id\":\"https:\/\/deafblindness.info\/ro\/#website\"},\"datePublished\":\"2025-01-22T16:13:31+00:00\",\"dateModified\":\"2025-02-24T15:54:04+00:00\",\"breadcrumb\":{\"@id\":\"https:\/\/deafblindness.info\/ro\/contactati-ne\/#breadcrumb\"},\"inLanguage\":\"ro-RO\",\"potentialAction\":[{\"@type\":\"ReadAction\",\"target\":[\"https:\/\/deafblindness.info\/ro\/contactati-ne\/\"]}]},{\"@type\":\"BreadcrumbList\",\"@id\":\"https:\/\/deafblindness.info\/ro\/contactati-ne\/#breadcrumb\",\"itemListElement\":[{\"@type\":\"ListItem\",\"position\":1,\"name\":\"Home\",\"item\":\"https:\/\/deafblindness.info\/ro\/\"},{\"@type\":\"ListItem\",\"position\":2,\"name\":\"Contacta\u021bi-ne\u00a0\u00a0\"}]},{\"@type\":\"WebSite\",\"@id\":\"https:\/\/deafblindness.info\/ro\/#website\",\"url\":\"https:\/\/deafblindness.info\/ro\/\",\"name\":\"Global Deafblindness Resource Hub\",\"description\":\"Connecting people with deafblindness to the world around them\",\"publisher\":{\"@id\":\"https:\/\/deafblindness.info\/ro\/#organization\"},\"potentialAction\":[{\"@type\":\"SearchAction\",\"target\":{\"@type\":\"EntryPoint\",\"urlTemplate\":\"https:\/\/deafblindness.info\/ro\/?s={search_term_string}\"},\"query-input\":{\"@type\":\"PropertyValueSpecification\",\"valueRequired\":true,\"valueName\":\"search_term_string\"}}],\"inLanguage\":\"ro-RO\"},{\"@type\":\"Organization\",\"@id\":\"https:\/\/deafblindness.info\/ro\/#organization\",\"name\":\"Global Deafblindness Resource Hub\",\"url\":\"https:\/\/deafblindness.info\/ro\/\",\"logo\":{\"@type\":\"ImageObject\",\"inLanguage\":\"ro-RO\",\"@id\":\"https:\/\/deafblindness.info\/ro\/#\/schema\/logo\/image\/\",\"url\":\"https:\/\/deafblindness.info\/wp-content\/uploads\/2024\/09\/logo-icon.svg\",\"contentUrl\":\"https:\/\/deafblindness.info\/wp-content\/uploads\/2024\/09\/logo-icon.svg\",\"width\":50,\"height\":50,\"caption\":\"Global Deafblindness Resource Hub\"},\"image\":{\"@id\":\"https:\/\/deafblindness.info\/ro\/#\/schema\/logo\/image\/\"}}]}<\/script>\n<!-- \/ Yoast SEO plugin. -->","yoast_head_json":{"title":"Contacta\u021bi-ne\u00a0\u00a0 - Global Deafblindness Resource Hub","robots":{"index":"index","follow":"follow","max-snippet":"max-snippet:-1","max-image-preview":"max-image-preview:large","max-video-preview":"max-video-preview:-1"},"canonical":"https:\/\/deafblindness.info\/ro\/contactati-ne\/","og_locale":"ro_RO","og_type":"article","og_title":"Contacta\u021bi-ne\u00a0\u00a0 - Global Deafblindness Resource Hub","og_description":"Centrul Global de Resurse pentru Surdocecitate este gestionat de Sense International UK \u00een numele familiei Sense International. Dac\u0103 ave\u021bi sugestii cu privire la acest site, v\u0103 rug\u0103m s\u0103 contacta\u021bi echipa noastr\u0103 din Marea Britanie folosind&hellip;","og_url":"https:\/\/deafblindness.info\/ro\/contactati-ne\/","og_site_name":"Global Deafblindness Resource Hub","article_modified_time":"2025-02-24T15:54:04+00:00","twitter_card":"summary_large_image","twitter_misc":{"Est. reading time":"1 minut"},"schema":{"@context":"https:\/\/schema.org","@graph":[{"@type":"WebPage","@id":"https:\/\/deafblindness.info\/ro\/contactati-ne\/","url":"https:\/\/deafblindness.info\/ro\/contactati-ne\/","name":"Contacta\u021bi-ne\u00a0\u00a0 - Global Deafblindness Resource Hub","isPartOf":{"@id":"https:\/\/deafblindness.info\/ro\/#website"},"datePublished":"2025-01-22T16:13:31+00:00","dateModified":"2025-02-24T15:54:04+00:00","breadcrumb":{"@id":"https:\/\/deafblindness.info\/ro\/contactati-ne\/#breadcrumb"},"inLanguage":"ro-RO","potentialAction":[{"@type":"ReadAction","target":["https:\/\/deafblindness.info\/ro\/contactati-ne\/"]}]},{"@type":"BreadcrumbList","@id":"https:\/\/deafblindness.info\/ro\/contactati-ne\/#breadcrumb","itemListElement":[{"@type":"ListItem","position":1,"name":"Home","item":"https:\/\/deafblindness.info\/ro\/"},{"@type":"ListItem","position":2,"name":"Contacta\u021bi-ne\u00a0\u00a0"}]},{"@type":"WebSite","@id":"https:\/\/deafblindness.info\/ro\/#website","url":"https:\/\/deafblindness.info\/ro\/","name":"Global Deafblindness Resource Hub","description":"Connecting people with deafblindness to the world around them","publisher":{"@id":"https:\/\/deafblindness.info\/ro\/#organization"},"potentialAction":[{"@type":"SearchAction","target":{"@type":"EntryPoint","urlTemplate":"https:\/\/deafblindness.info\/ro\/?s={search_term_string}"},"query-input":{"@type":"PropertyValueSpecification","valueRequired":true,"valueName":"search_term_string"}}],"inLanguage":"ro-RO"},{"@type":"Organization","@id":"https:\/\/deafblindness.info\/ro\/#organization","name":"Global Deafblindness Resource Hub","url":"https:\/\/deafblindness.info\/ro\/","logo":{"@type":"ImageObject","inLanguage":"ro-RO","@id":"https:\/\/deafblindness.info\/ro\/#\/schema\/logo\/image\/","url":"https:\/\/deafblindness.info\/wp-content\/uploads\/2024\/09\/logo-icon.svg","contentUrl":"https:\/\/deafblindness.info\/wp-content\/uploads\/2024\/09\/logo-icon.svg","width":50,"height":50,"caption":"Global Deafblindness Resource Hub"},"image":{"@id":"https:\/\/deafblindness.info\/ro\/#\/schema\/logo\/image\/"}}]}},"_links":{"self":[{"href":"https:\/\/deafblindness.info\/ro\/wp-json\/wp\/v2\/pages\/2485","targetHints":{"allow":["GET"]}}],"collection":[{"href":"https:\/\/deafblindness.info\/ro\/wp-json\/wp\/v2\/pages"}],"about":[{"href":"https:\/\/deafblindness.info\/ro\/wp-json\/wp\/v2\/types\/page"}],"author":[{"embeddable":true,"href":"https:\/\/deafblindness.info\/ro\/wp-json\/wp\/v2\/users\/12"}],"replies":[{"embeddable":true,"href":"https:\/\/deafblindness.info\/ro\/wp-json\/wp\/v2\/comments?post=2485"}],"version-history":[{"count":0,"href":"https:\/\/deafblindness.info\/ro\/wp-json\/wp\/v2\/pages\/2485\/revisions"}],"wp:attachment":[{"href":"https:\/\/deafblindness.info\/ro\/wp-json\/wp\/v2\/media?parent=2485"}],"curies":[{"name":"wp","href":"https:\/\/api.w.org\/{rel}","templated":true}]}}