{"id":2682,"date":"2025-01-27T16:40:44","date_gmt":"2025-01-27T16:40:44","guid":{"rendered":"https:\/\/deafblindness.info\/?page_id=2682"},"modified":"2026-02-18T12:49:40","modified_gmt":"2026-02-18T12:49:40","slug":"romania","status":"publish","type":"page","link":"https:\/\/deafblindness.info\/ro\/informatii-despre-tara\/romania\/","title":{"rendered":"Rom\u00e2nia"},"content":{"rendered":"\n<div class=\"wp-block-acf-box  box  box--padded  is-style-default  alignright\">\n\n  <div class=\"acf-innerblocks-container\">\n\n<p class=\"is-style-intro has-primary-color has-text-color has-link-color wp-elements-162ae3049f84f19d5e25751c9fc422e6\">\u00cen Rom\u00e2nia, se estimeaz\u0103 c\u0103 aproximativ 387.000 de persoane tr\u0103iesc cu o form\u0103 u\u0219oar\u0103 de\u00a0surdocecitate, iar peste 38.000 de persoane\u00a0tr\u0103iesc cu\u00a0o form\u0103 sever\u0103 de surdocecitate.*\u00a0<\/p>\n\n\n\n<p class=\"has-x-small-font-size\">*World\u00a0Federation\u00a0of\u00a0the\u00a0Deafblind\u00a0(WFDB), 2018 \u2013\u00a0<em>At\u00a0risk\u00a0of\u00a0exclusion\u00a0from\u00a0CRPD\u00a0and\u00a0SDGs\u00a0implementation:\u00a0Inequality\u00a0and\u00a0persons\u00a0with\u00a0deafblindness.<\/em>\u00a0<\/p>\n\n<\/div>\n\n<\/div>\n\n\n<p>\u00cencep\u00e2nd cu anul 2006, legisla\u021bia din Rom\u00e2nia recunoa\u0219te surdocecitatea ca dizabilitate distinct\u0103, ca rezultat al activit\u0103\u021bilor de advocacy \u0219i lobby desf\u0103\u0219urate de Sense Interna\u021bional Rom\u00e2nia. De asemenea, aceasta recunoa\u0219te dreptul persoanelor cu surdocecitate de a beneficia de interpre\u021bi \u00een toate aspectele vie\u021bii sociale.<\/p>\n\n\n\n<p>De\u0219i aceast\u0103 schimbare legislativ\u0103 a reprezentat un progres important, persoanele cu surdocecitate din Rom\u00e2nia continu\u0103 s\u0103 se confrunte cu marginalizare \u0219i izolare, deoarece legisla\u021bia nu este mereu pus\u0103 \u00een aplicare.<\/p>\n\n\n\n<p>Accesul la tehnologie poate fi un factor de schimbare major pentru persoanele cu surdocecitate, oferindu-le noi modalit\u0103\u021bi de a accesa informa\u021bii, de a comunica cu ceilal\u021bi \u0219i de a participa activ la via\u021ba de zi cu zi. <\/p>\n\n\n\n<p>Aceste resurse le vor sprijini at\u00e2t pe persoanele cu surdocecitate, c\u00e2t \u0219i pe cei care le sus\u021bin, pentru a putea tr\u0103i, \u00eenv\u0103\u021ba \u0219i evolua.<\/p>\n\n\n<div class=\"wp-block-acf-resource-grid  resourceGrid  alignwide\">\n\t\t\t<ul class=\"resourceGrid__list\">\n\t\t\t\t\t\t\t<li class=\"resourceGrid__item\">\n\t\t\t\t\t<div class=\"box  box--textured-tidy  box--padded\">\n  <h3 class=\"h5\"><a href=\"https:\/\/deafblindness.info\/ro\/resource\/primii-pasi-un-ghid-pentru-parintii-copiilor-cu-surdocecitate-si-dizabilitati-senzoriale\/\">Primii pa\u0219i: un ghid pentru p\u0103rin\u021bii copiilor cu surdocecitate \u0219i dizabilit\u0103\u021bi senzoriale<\/a><\/h3>\n  <p>Ghidul pentru p\u0103rin\u021bii copiilor cu surdocecitate \u0219i dizabilit\u0103\u021bi senzoriale este o resurs\u0103 menit\u0103 s\u0103 ofere acestora sprijinul \u0219i informa\u021biile de care au nevoie c\u00e2t mai repede posibil, pentru a putea sus\u021bine dezvoltarea copilului lor.<\/p>\n<\/div>\t\t\t\t<\/li>\n\t\t\t\t\t\t\t<li class=\"resourceGrid__item\">\n\t\t\t\t\t<div class=\"box  box--textured-tidy  box--padded\">\n  <h3 class=\"h5\"><a href=\"https:\/\/deafblindness.info\/ro\/resource\/guvern-ong-uri-si-resurse-locale\/\">Guvern, ONG-uri \u0219i resurse locale<\/a><\/h3>\n  <p>Consulta\u021bi aceste organiza\u021bii locale care v\u0103 pot oferi mai mult sprijin \u0219i resurse.<\/p>\n<\/div>\t\t\t\t<\/li>\n\t\t\t\t\t\t\t<li class=\"resourceGrid__item\">\n\t\t\t\t\t<div class=\"box  box--textured-tidy  box--padded\">\n  <h3 class=\"h5\"><a href=\"https:\/\/deafblindness.info\/ro\/resource\/cyberbullying-rom\/\">Sensi Episodul 1. Cyberbullying \u2013 \u201cAlegerea lui Sensi\u201d\u00a0<\/a><\/h3>\n  <p>Acest videoclip face parte din seria \u201cAventurile online ale lui Sensi\u201d, \u00een care personajul Sensi, un adolescent cu surdocecitate, trece prin diverse scenarii ce implic\u0103 pericolele din mediul online \u0219i ofer\u0103 sfaturi utile despre siguran\u021ba online.\u00a0<\/p>\n<\/div>\t\t\t\t<\/li>\n\t\t\t\t\t<\/ul>\n\t<\/div>\n\n\n<div class=\"wp-block-buttons is-layout-flex wp-block-buttons-is-layout-flex\">\n<div class=\"wp-block-button\"><a class=\"wp-block-button__link has-text-align-left wp-element-button\" href=\"https:\/\/deafblindness.info\/ro\/resurse\/\">Vizualiza\u021bi toate resursele noastre<\/a><\/div>\n<\/div>\n\n\n\n<p><\/p>\n","protected":false},"excerpt":{"rendered":"<p>\u00cencep\u00e2nd cu anul 2006, legisla\u021bia din Rom\u00e2nia recunoa\u0219te surdocecitatea ca dizabilitate distinct\u0103, ca rezultat al activit\u0103\u021bilor de advocacy \u0219i lobby desf\u0103\u0219urate de Sense Interna\u021bional Rom\u00e2nia. De asemenea, aceasta recunoa\u0219te dreptul persoanelor cu surdocecitate de a&hellip;<\/p>\n","protected":false},"author":12,"featured_media":0,"parent":2194,"menu_order":0,"comment_status":"closed","ping_status":"closed","template":"","meta":{"_acf_changed":false,"footnotes":""},"class_list":["post-2682","page","type-page","status-publish","hentry"],"acf":[],"yoast_head":"<!-- This site is optimized with the Yoast SEO plugin v26.9 - https:\/\/yoast.com\/product\/yoast-seo-wordpress\/ -->\n<title>Rom\u00e2nia - Global Deafblindness Resource Hub<\/title>\n<meta name=\"description\" content=\"Afl\u0103 mai multe despre surdocecitate \u00een Rom\u00e2nia.\" \/>\n<meta name=\"robots\" content=\"index, follow, max-snippet:-1, max-image-preview:large, max-video-preview:-1\" \/>\n<link rel=\"canonical\" href=\"https:\/\/deafblindness.info\/ro\/informatii-despre-tara\/romania\/\" \/>\n<meta property=\"og:locale\" content=\"ro_RO\" \/>\n<meta property=\"og:type\" content=\"article\" \/>\n<meta property=\"og:title\" content=\"Rom\u00e2nia - Global Deafblindness Resource Hub\" \/>\n<meta property=\"og:description\" content=\"Afl\u0103 mai multe despre surdocecitate \u00een Rom\u00e2nia.\" \/>\n<meta property=\"og:url\" content=\"https:\/\/deafblindness.info\/ro\/informatii-despre-tara\/romania\/\" \/>\n<meta property=\"og:site_name\" content=\"Global Deafblindness Resource Hub\" \/>\n<meta property=\"article:modified_time\" content=\"2026-02-18T12:49:40+00:00\" \/>\n<meta name=\"twitter:card\" content=\"summary_large_image\" \/>\n<meta name=\"twitter:label1\" content=\"Est. reading time\" \/>\n\t<meta name=\"twitter:data1\" content=\"1 minut\" \/>\n<script type=\"application\/ld+json\" class=\"yoast-schema-graph\">{\"@context\":\"https:\/\/schema.org\",\"@graph\":[{\"@type\":\"WebPage\",\"@id\":\"https:\/\/deafblindness.info\/ro\/informatii-despre-tara\/romania\/\",\"url\":\"https:\/\/deafblindness.info\/ro\/informatii-despre-tara\/romania\/\",\"name\":\"Rom\u00e2nia - Global Deafblindness Resource Hub\",\"isPartOf\":{\"@id\":\"https:\/\/deafblindness.info\/ro\/#website\"},\"datePublished\":\"2025-01-27T16:40:44+00:00\",\"dateModified\":\"2026-02-18T12:49:40+00:00\",\"description\":\"Afl\u0103 mai multe despre surdocecitate \u00een Rom\u00e2nia.\",\"breadcrumb\":{\"@id\":\"https:\/\/deafblindness.info\/ro\/informatii-despre-tara\/romania\/#breadcrumb\"},\"inLanguage\":\"ro-RO\",\"potentialAction\":[{\"@type\":\"ReadAction\",\"target\":[\"https:\/\/deafblindness.info\/ro\/informatii-despre-tara\/romania\/\"]}]},{\"@type\":\"BreadcrumbList\",\"@id\":\"https:\/\/deafblindness.info\/ro\/informatii-despre-tara\/romania\/#breadcrumb\",\"itemListElement\":[{\"@type\":\"ListItem\",\"position\":1,\"name\":\"Home\",\"item\":\"https:\/\/deafblindness.info\/ro\/\"},{\"@type\":\"ListItem\",\"position\":2,\"name\":\"Informa\u021bii despre \u021b\u0103ri\",\"item\":\"https:\/\/deafblindness.info\/ro\/informatii-despre-tara\/\"},{\"@type\":\"ListItem\",\"position\":3,\"name\":\"Rom\u00e2nia\"}]},{\"@type\":\"WebSite\",\"@id\":\"https:\/\/deafblindness.info\/ro\/#website\",\"url\":\"https:\/\/deafblindness.info\/ro\/\",\"name\":\"Global Deafblindness Resource Hub\",\"description\":\"Connecting people with deafblindness to the world around them\",\"publisher\":{\"@id\":\"https:\/\/deafblindness.info\/ro\/#organization\"},\"potentialAction\":[{\"@type\":\"SearchAction\",\"target\":{\"@type\":\"EntryPoint\",\"urlTemplate\":\"https:\/\/deafblindness.info\/ro\/?s={search_term_string}\"},\"query-input\":{\"@type\":\"PropertyValueSpecification\",\"valueRequired\":true,\"valueName\":\"search_term_string\"}}],\"inLanguage\":\"ro-RO\"},{\"@type\":\"Organization\",\"@id\":\"https:\/\/deafblindness.info\/ro\/#organization\",\"name\":\"Global Deafblindness Resource Hub\",\"url\":\"https:\/\/deafblindness.info\/ro\/\",\"logo\":{\"@type\":\"ImageObject\",\"inLanguage\":\"ro-RO\",\"@id\":\"https:\/\/deafblindness.info\/ro\/#\/schema\/logo\/image\/\",\"url\":\"https:\/\/deafblindness.info\/wp-content\/uploads\/2024\/09\/logo-icon.svg\",\"contentUrl\":\"https:\/\/deafblindness.info\/wp-content\/uploads\/2024\/09\/logo-icon.svg\",\"width\":50,\"height\":50,\"caption\":\"Global Deafblindness Resource Hub\"},\"image\":{\"@id\":\"https:\/\/deafblindness.info\/ro\/#\/schema\/logo\/image\/\"}}]}<\/script>\n<!-- \/ Yoast SEO plugin. -->","yoast_head_json":{"title":"Rom\u00e2nia - Global Deafblindness Resource Hub","description":"Afl\u0103 mai multe despre surdocecitate \u00een Rom\u00e2nia.","robots":{"index":"index","follow":"follow","max-snippet":"max-snippet:-1","max-image-preview":"max-image-preview:large","max-video-preview":"max-video-preview:-1"},"canonical":"https:\/\/deafblindness.info\/ro\/informatii-despre-tara\/romania\/","og_locale":"ro_RO","og_type":"article","og_title":"Rom\u00e2nia - Global Deafblindness Resource Hub","og_description":"Afl\u0103 mai multe despre surdocecitate \u00een Rom\u00e2nia.","og_url":"https:\/\/deafblindness.info\/ro\/informatii-despre-tara\/romania\/","og_site_name":"Global Deafblindness Resource Hub","article_modified_time":"2026-02-18T12:49:40+00:00","twitter_card":"summary_large_image","twitter_misc":{"Est. reading time":"1 minut"},"schema":{"@context":"https:\/\/schema.org","@graph":[{"@type":"WebPage","@id":"https:\/\/deafblindness.info\/ro\/informatii-despre-tara\/romania\/","url":"https:\/\/deafblindness.info\/ro\/informatii-despre-tara\/romania\/","name":"Rom\u00e2nia - Global Deafblindness Resource Hub","isPartOf":{"@id":"https:\/\/deafblindness.info\/ro\/#website"},"datePublished":"2025-01-27T16:40:44+00:00","dateModified":"2026-02-18T12:49:40+00:00","description":"Afl\u0103 mai multe despre surdocecitate \u00een Rom\u00e2nia.","breadcrumb":{"@id":"https:\/\/deafblindness.info\/ro\/informatii-despre-tara\/romania\/#breadcrumb"},"inLanguage":"ro-RO","potentialAction":[{"@type":"ReadAction","target":["https:\/\/deafblindness.info\/ro\/informatii-despre-tara\/romania\/"]}]},{"@type":"BreadcrumbList","@id":"https:\/\/deafblindness.info\/ro\/informatii-despre-tara\/romania\/#breadcrumb","itemListElement":[{"@type":"ListItem","position":1,"name":"Home","item":"https:\/\/deafblindness.info\/ro\/"},{"@type":"ListItem","position":2,"name":"Informa\u021bii despre \u021b\u0103ri","item":"https:\/\/deafblindness.info\/ro\/informatii-despre-tara\/"},{"@type":"ListItem","position":3,"name":"Rom\u00e2nia"}]},{"@type":"WebSite","@id":"https:\/\/deafblindness.info\/ro\/#website","url":"https:\/\/deafblindness.info\/ro\/","name":"Global Deafblindness Resource Hub","description":"Connecting people with deafblindness to the world around them","publisher":{"@id":"https:\/\/deafblindness.info\/ro\/#organization"},"potentialAction":[{"@type":"SearchAction","target":{"@type":"EntryPoint","urlTemplate":"https:\/\/deafblindness.info\/ro\/?s={search_term_string}"},"query-input":{"@type":"PropertyValueSpecification","valueRequired":true,"valueName":"search_term_string"}}],"inLanguage":"ro-RO"},{"@type":"Organization","@id":"https:\/\/deafblindness.info\/ro\/#organization","name":"Global Deafblindness Resource Hub","url":"https:\/\/deafblindness.info\/ro\/","logo":{"@type":"ImageObject","inLanguage":"ro-RO","@id":"https:\/\/deafblindness.info\/ro\/#\/schema\/logo\/image\/","url":"https:\/\/deafblindness.info\/wp-content\/uploads\/2024\/09\/logo-icon.svg","contentUrl":"https:\/\/deafblindness.info\/wp-content\/uploads\/2024\/09\/logo-icon.svg","width":50,"height":50,"caption":"Global Deafblindness Resource Hub"},"image":{"@id":"https:\/\/deafblindness.info\/ro\/#\/schema\/logo\/image\/"}}]}},"_links":{"self":[{"href":"https:\/\/deafblindness.info\/ro\/wp-json\/wp\/v2\/pages\/2682","targetHints":{"allow":["GET"]}}],"collection":[{"href":"https:\/\/deafblindness.info\/ro\/wp-json\/wp\/v2\/pages"}],"about":[{"href":"https:\/\/deafblindness.info\/ro\/wp-json\/wp\/v2\/types\/page"}],"author":[{"embeddable":true,"href":"https:\/\/deafblindness.info\/ro\/wp-json\/wp\/v2\/users\/12"}],"replies":[{"embeddable":true,"href":"https:\/\/deafblindness.info\/ro\/wp-json\/wp\/v2\/comments?post=2682"}],"version-history":[{"count":0,"href":"https:\/\/deafblindness.info\/ro\/wp-json\/wp\/v2\/pages\/2682\/revisions"}],"up":[{"embeddable":true,"href":"https:\/\/deafblindness.info\/ro\/wp-json\/wp\/v2\/pages\/2194"}],"wp:attachment":[{"href":"https:\/\/deafblindness.info\/ro\/wp-json\/wp\/v2\/media?parent=2682"}],"curies":[{"name":"wp","href":"https:\/\/api.w.org\/{rel}","templated":true}]}}