{"id":3195,"date":"2025-02-20T11:30:57","date_gmt":"2025-02-20T11:30:57","guid":{"rendered":"https:\/\/deafblindness.info\/?page_id=3195"},"modified":"2025-02-20T11:31:02","modified_gmt":"2025-02-20T11:31:02","slug":"bangladesh","status":"publish","type":"page","link":"https:\/\/deafblindness.info\/ro\/informatii-despre-tara\/bangladesh\/","title":{"rendered":"Bangladesh"},"content":{"rendered":"\n<div class=\"wp-block-acf-box  box  box--padded  is-style-default  alignright\">\n\n  <div class=\"acf-innerblocks-container\">\n\n<p class=\"is-style-intro has-primary-color has-text-color has-link-color wp-elements-1c092f709bcfa8cee030d9dbe2e32fd1\">\u00cen Bangladesh, se estimeaz\u0103 c\u0103 aproape 66.000 de persoane au surdocecitate.<\/p>\n\n\n\n<p class=\"has-x-small-font-size\">*World Federation of the Deafblind (Federa\u021bia Mondial\u0103 a Persoanelor cu Surdocecitate \u2013 WFDB), 2018 <em>\u00cen pericol de excludere de la punerea \u00een aplicare a Conven\u021biei privind Drepturile Persoanelor cu Dizabilit\u0103\u021bi (CDPD) \u0219i a Obiectivelor de Dezvoltare Durabil\u0103 (ODD): Inegalitatea \u0219i persoanele cu surdocecitate.<\/em><\/p>\n\n<\/div>\n\n<\/div>\n\n\n<p>\u00cen Bangladesh, persoanele cu surdocecitate sunt considerate a reprezenta unul dintre cele mai marginalizate \u0219i vulnerabile grupuri.<\/p>\n\n\n\n<p>\u00cen aceast\u0103 \u021bar\u0103, surdocecitatea a fost recunoscut\u0103 ca o dizabilitate distinct\u0103 \u00een anul 2013. \u00cenainte de anul 2013, persoanele cu surdocecitate erau considerate persoane cu dizabilit\u0103\u021bi multiple \u0219i era nevoie ca acestea s\u0103 solicite sprijin de la centrele care ofer\u0103 servicii persoanelor cu deficien\u021be de vedere \u0219i de auz.&nbsp;&nbsp;&nbsp;&nbsp;&nbsp;<\/p>\n\n\n\n<p>\u00cen 2013, guvernul din Bangladesh a adoptat Legea privind drepturile \u0219i protec\u021bia persoanelor cu dizabilit\u0103\u021bi (LDPPD), prin care surdocecitatea a fost recunoscut\u0103 ca un tip distinct de dizabilitate. \u00cen total, legea recunoa\u0219te 12 tipuri de dizabilit\u0103\u021bi, iar surdocecitatea este unul dintre ele.&nbsp;&nbsp;&nbsp;<\/p>\n\n\n\n<p>Legea privind drepturile \u0219i protec\u021bia persoanelor cu dizabilit\u0103\u021bi include drepturi generale, cum ar fi dreptul de a fi pe deplin viu \u0219i dezvoltat, recunoa\u0219terea egalit\u0103\u021bii \u00een fa\u021ba legii \u0219i a sistemului de justi\u021bie, drepturile de mo\u0219tenire, libertatea de exprimare, opinie \u0219i informare, dreptul de a tr\u0103i cu propria familie \u0219i de a-\u0219i forma o familie, precum \u0219i dreptul de a participa activ \u00een societate.&nbsp;<\/p>\n\n\n\n<p>Cealalt\u0103 categorie este reprezentat\u0103 de drepturile fundamentale, care includ: accesibilitatea, accesul la toate nivelurile de educa\u021bie, angajarea \u00een organiza\u021bii guvernamentale \u0219i neguvernamentale, ob\u021binerea de compensa\u021bii pentru dizabilitate \u00een timpul angaj\u0103rii, ob\u021binerea de asisten\u021b\u0103 medical\u0103, accesul la servicii juridice.<\/p>\n\n\n\n<p>De\u0219i, \u00een general, nu se cunoa\u0219te \u00eenc\u0103 legea suficient de bine, aceasta le-a permis persoanelor \u00eempricinate s\u0103 \u00ee\u0219i cunoasc\u0103 mai bine drepturile \u0219i s\u0103 \u00een\u021beleag\u0103 ce fel de sprijin pot primi.<\/p>\n\n\n\n<p>Accesul la tehnologie poate reprezenta o schimbare radical\u0103 pentru persoanele cu surdocecitate, oferind noi modalit\u0103\u021bi de ajungere la informa\u021bii, de comunicare cu ceilal\u021bi \u0219i de participare la via\u021ba de zi cu zi. Aceste resurse le vor permite persoanelor cu surdocecitate, precum \u0219i celor care le sprijin\u0103, s\u0103 tr\u0103iasc\u0103, s\u0103 \u00eenve\u021be \u0219i s\u0103 se dezvolte la maximul lor poten\u021bial.<\/p>\n\n\n\n<div class=\"wp-block-buttons is-layout-flex wp-block-buttons-is-layout-flex\">\n<div class=\"wp-block-button\"><a class=\"wp-block-button__link wp-element-button\" href=\"https:\/\/deafblindness.info\/bn\/%e0%a6%b8%e0%a6%ae%e0%a7%8d%e0%a6%aa%e0%a6%a6\/\">Vezi resursele din Bangladesh<\/a><\/div>\n<\/div>\n","protected":false},"excerpt":{"rendered":"<p>\u00cen Bangladesh, persoanele cu surdocecitate sunt considerate a reprezenta unul dintre cele mai marginalizate \u0219i vulnerabile grupuri. \u00cen aceast\u0103 \u021bar\u0103, surdocecitatea a fost recunoscut\u0103 ca o dizabilitate distinct\u0103 \u00een anul 2013. \u00cenainte de anul 2013,&hellip;<\/p>\n","protected":false},"author":12,"featured_media":0,"parent":2194,"menu_order":0,"comment_status":"closed","ping_status":"closed","template":"","meta":{"_acf_changed":false,"footnotes":""},"class_list":["post-3195","page","type-page","status-publish","hentry"],"acf":[],"yoast_head":"<!-- This site is optimized with the Yoast SEO plugin v26.9 - https:\/\/yoast.com\/product\/yoast-seo-wordpress\/ -->\n<title>Bangladesh - Global Deafblindness Resource Hub<\/title>\n<meta name=\"robots\" content=\"index, follow, max-snippet:-1, max-image-preview:large, max-video-preview:-1\" \/>\n<link rel=\"canonical\" href=\"https:\/\/deafblindness.info\/ro\/informatii-despre-tara\/bangladesh\/\" \/>\n<meta property=\"og:locale\" content=\"ro_RO\" \/>\n<meta property=\"og:type\" content=\"article\" \/>\n<meta property=\"og:title\" content=\"Bangladesh - Global Deafblindness Resource Hub\" \/>\n<meta property=\"og:description\" content=\"\u00cen Bangladesh, persoanele cu surdocecitate sunt considerate a reprezenta unul dintre cele mai marginalizate \u0219i vulnerabile grupuri. \u00cen aceast\u0103 \u021bar\u0103, surdocecitatea a fost recunoscut\u0103 ca o dizabilitate distinct\u0103 \u00een anul 2013. \u00cenainte de anul 2013,&hellip;\" \/>\n<meta property=\"og:url\" content=\"https:\/\/deafblindness.info\/ro\/informatii-despre-tara\/bangladesh\/\" \/>\n<meta property=\"og:site_name\" content=\"Global Deafblindness Resource Hub\" \/>\n<meta property=\"article:modified_time\" content=\"2025-02-20T11:31:02+00:00\" \/>\n<meta name=\"twitter:card\" content=\"summary_large_image\" \/>\n<meta name=\"twitter:label1\" content=\"Est. reading time\" \/>\n\t<meta name=\"twitter:data1\" content=\"2 minute\" \/>\n<script type=\"application\/ld+json\" class=\"yoast-schema-graph\">{\"@context\":\"https:\/\/schema.org\",\"@graph\":[{\"@type\":\"WebPage\",\"@id\":\"https:\/\/deafblindness.info\/ro\/informatii-despre-tara\/bangladesh\/\",\"url\":\"https:\/\/deafblindness.info\/ro\/informatii-despre-tara\/bangladesh\/\",\"name\":\"Bangladesh - Global Deafblindness Resource Hub\",\"isPartOf\":{\"@id\":\"https:\/\/deafblindness.info\/ro\/#website\"},\"datePublished\":\"2025-02-20T11:30:57+00:00\",\"dateModified\":\"2025-02-20T11:31:02+00:00\",\"breadcrumb\":{\"@id\":\"https:\/\/deafblindness.info\/ro\/informatii-despre-tara\/bangladesh\/#breadcrumb\"},\"inLanguage\":\"ro-RO\",\"potentialAction\":[{\"@type\":\"ReadAction\",\"target\":[\"https:\/\/deafblindness.info\/ro\/informatii-despre-tara\/bangladesh\/\"]}]},{\"@type\":\"BreadcrumbList\",\"@id\":\"https:\/\/deafblindness.info\/ro\/informatii-despre-tara\/bangladesh\/#breadcrumb\",\"itemListElement\":[{\"@type\":\"ListItem\",\"position\":1,\"name\":\"Home\",\"item\":\"https:\/\/deafblindness.info\/ro\/\"},{\"@type\":\"ListItem\",\"position\":2,\"name\":\"Informa\u021bii despre \u021b\u0103ri\",\"item\":\"https:\/\/deafblindness.info\/ro\/informatii-despre-tara\/\"},{\"@type\":\"ListItem\",\"position\":3,\"name\":\"Bangladesh\"}]},{\"@type\":\"WebSite\",\"@id\":\"https:\/\/deafblindness.info\/ro\/#website\",\"url\":\"https:\/\/deafblindness.info\/ro\/\",\"name\":\"Global Deafblindness Resource Hub\",\"description\":\"Connecting people with deafblindness to the world around them\",\"publisher\":{\"@id\":\"https:\/\/deafblindness.info\/ro\/#organization\"},\"potentialAction\":[{\"@type\":\"SearchAction\",\"target\":{\"@type\":\"EntryPoint\",\"urlTemplate\":\"https:\/\/deafblindness.info\/ro\/?s={search_term_string}\"},\"query-input\":{\"@type\":\"PropertyValueSpecification\",\"valueRequired\":true,\"valueName\":\"search_term_string\"}}],\"inLanguage\":\"ro-RO\"},{\"@type\":\"Organization\",\"@id\":\"https:\/\/deafblindness.info\/ro\/#organization\",\"name\":\"Global Deafblindness Resource Hub\",\"url\":\"https:\/\/deafblindness.info\/ro\/\",\"logo\":{\"@type\":\"ImageObject\",\"inLanguage\":\"ro-RO\",\"@id\":\"https:\/\/deafblindness.info\/ro\/#\/schema\/logo\/image\/\",\"url\":\"https:\/\/deafblindness.info\/wp-content\/uploads\/2024\/09\/logo-icon.svg\",\"contentUrl\":\"https:\/\/deafblindness.info\/wp-content\/uploads\/2024\/09\/logo-icon.svg\",\"width\":50,\"height\":50,\"caption\":\"Global Deafblindness Resource Hub\"},\"image\":{\"@id\":\"https:\/\/deafblindness.info\/ro\/#\/schema\/logo\/image\/\"}}]}<\/script>\n<!-- \/ Yoast SEO plugin. -->","yoast_head_json":{"title":"Bangladesh - Global Deafblindness Resource Hub","robots":{"index":"index","follow":"follow","max-snippet":"max-snippet:-1","max-image-preview":"max-image-preview:large","max-video-preview":"max-video-preview:-1"},"canonical":"https:\/\/deafblindness.info\/ro\/informatii-despre-tara\/bangladesh\/","og_locale":"ro_RO","og_type":"article","og_title":"Bangladesh - Global Deafblindness Resource Hub","og_description":"\u00cen Bangladesh, persoanele cu surdocecitate sunt considerate a reprezenta unul dintre cele mai marginalizate \u0219i vulnerabile grupuri. \u00cen aceast\u0103 \u021bar\u0103, surdocecitatea a fost recunoscut\u0103 ca o dizabilitate distinct\u0103 \u00een anul 2013. \u00cenainte de anul 2013,&hellip;","og_url":"https:\/\/deafblindness.info\/ro\/informatii-despre-tara\/bangladesh\/","og_site_name":"Global Deafblindness Resource Hub","article_modified_time":"2025-02-20T11:31:02+00:00","twitter_card":"summary_large_image","twitter_misc":{"Est. reading time":"2 minute"},"schema":{"@context":"https:\/\/schema.org","@graph":[{"@type":"WebPage","@id":"https:\/\/deafblindness.info\/ro\/informatii-despre-tara\/bangladesh\/","url":"https:\/\/deafblindness.info\/ro\/informatii-despre-tara\/bangladesh\/","name":"Bangladesh - Global Deafblindness Resource Hub","isPartOf":{"@id":"https:\/\/deafblindness.info\/ro\/#website"},"datePublished":"2025-02-20T11:30:57+00:00","dateModified":"2025-02-20T11:31:02+00:00","breadcrumb":{"@id":"https:\/\/deafblindness.info\/ro\/informatii-despre-tara\/bangladesh\/#breadcrumb"},"inLanguage":"ro-RO","potentialAction":[{"@type":"ReadAction","target":["https:\/\/deafblindness.info\/ro\/informatii-despre-tara\/bangladesh\/"]}]},{"@type":"BreadcrumbList","@id":"https:\/\/deafblindness.info\/ro\/informatii-despre-tara\/bangladesh\/#breadcrumb","itemListElement":[{"@type":"ListItem","position":1,"name":"Home","item":"https:\/\/deafblindness.info\/ro\/"},{"@type":"ListItem","position":2,"name":"Informa\u021bii despre \u021b\u0103ri","item":"https:\/\/deafblindness.info\/ro\/informatii-despre-tara\/"},{"@type":"ListItem","position":3,"name":"Bangladesh"}]},{"@type":"WebSite","@id":"https:\/\/deafblindness.info\/ro\/#website","url":"https:\/\/deafblindness.info\/ro\/","name":"Global Deafblindness Resource Hub","description":"Connecting people with deafblindness to the world around them","publisher":{"@id":"https:\/\/deafblindness.info\/ro\/#organization"},"potentialAction":[{"@type":"SearchAction","target":{"@type":"EntryPoint","urlTemplate":"https:\/\/deafblindness.info\/ro\/?s={search_term_string}"},"query-input":{"@type":"PropertyValueSpecification","valueRequired":true,"valueName":"search_term_string"}}],"inLanguage":"ro-RO"},{"@type":"Organization","@id":"https:\/\/deafblindness.info\/ro\/#organization","name":"Global Deafblindness Resource Hub","url":"https:\/\/deafblindness.info\/ro\/","logo":{"@type":"ImageObject","inLanguage":"ro-RO","@id":"https:\/\/deafblindness.info\/ro\/#\/schema\/logo\/image\/","url":"https:\/\/deafblindness.info\/wp-content\/uploads\/2024\/09\/logo-icon.svg","contentUrl":"https:\/\/deafblindness.info\/wp-content\/uploads\/2024\/09\/logo-icon.svg","width":50,"height":50,"caption":"Global Deafblindness Resource Hub"},"image":{"@id":"https:\/\/deafblindness.info\/ro\/#\/schema\/logo\/image\/"}}]}},"_links":{"self":[{"href":"https:\/\/deafblindness.info\/ro\/wp-json\/wp\/v2\/pages\/3195","targetHints":{"allow":["GET"]}}],"collection":[{"href":"https:\/\/deafblindness.info\/ro\/wp-json\/wp\/v2\/pages"}],"about":[{"href":"https:\/\/deafblindness.info\/ro\/wp-json\/wp\/v2\/types\/page"}],"author":[{"embeddable":true,"href":"https:\/\/deafblindness.info\/ro\/wp-json\/wp\/v2\/users\/12"}],"replies":[{"embeddable":true,"href":"https:\/\/deafblindness.info\/ro\/wp-json\/wp\/v2\/comments?post=3195"}],"version-history":[{"count":0,"href":"https:\/\/deafblindness.info\/ro\/wp-json\/wp\/v2\/pages\/3195\/revisions"}],"up":[{"embeddable":true,"href":"https:\/\/deafblindness.info\/ro\/wp-json\/wp\/v2\/pages\/2194"}],"wp:attachment":[{"href":"https:\/\/deafblindness.info\/ro\/wp-json\/wp\/v2\/media?parent=3195"}],"curies":[{"name":"wp","href":"https:\/\/api.w.org\/{rel}","templated":true}]}}