{"id":3197,"date":"2025-02-20T11:36:18","date_gmt":"2025-02-20T11:36:18","guid":{"rendered":"https:\/\/deafblindness.info\/?page_id=3197"},"modified":"2025-02-20T11:36:19","modified_gmt":"2025-02-20T11:36:19","slug":"india","status":"publish","type":"page","link":"https:\/\/deafblindness.info\/ro\/informatii-despre-tara\/india\/","title":{"rendered":"India"},"content":{"rendered":"\n<div class=\"wp-block-acf-box  box  box--padded  is-style-default  alignright\">\n\n  <div class=\"acf-innerblocks-container\">\n\n<p class=\"is-style-intro has-primary-color has-text-color has-link-color wp-elements-128e8871f841327ef331e4e0e5b39495\">\u00cen India, se estimeaz\u0103 c\u0103 aproximativ 552.000 de persoane tr\u0103iesc cu surdocecitate.*<\/p>\n\n\n\n<p class=\"has-x-small-font-size\">*World Federation of the Deafblind (Federa\u021bia Mondial\u0103 a Persoanelor cu Surdocecitate \u2013 WFDB), 2018 <em>\u00cen pericol de excludere de la punerea \u00een aplicare a Conven\u021biei privind Drepturile Persoanelor cu Dizabilit\u0103\u021bi (CDPD) \u0219i a Obiectivelor de Dezvoltare Durabil\u0103 (ODD): Inegalitatea \u0219i persoanele cu surdocecitate.<\/em><\/p>\n\n<\/div>\n\n<\/div>\n\n\n<p>\u00cen contextul indian, surdocecitatea este definit\u0103 de \u201dLegea privind drepturilor persoanelor cu dizabilit\u0103\u021bi, 2016\u201d ca reprezent\u00e2nd \u201do afec\u021biune \u00een care o persoan\u0103 poate avea o combina\u021bie de deficien\u021be auditive \u0219i vizuale ce cauzeaz\u0103 probleme grave de comunicare, dezvoltare \u0219i educa\u021bie\u201d. Ca urmare a faptului c\u0103 peste 500.000 de persoane tr\u0103iesc cu surdocecitate \u00een India, doar un num\u0103r limitat de organiza\u021bii sunt dedicate sprijinirii acestei popula\u021bii.<\/p>\n\n\n\n<p>\u00cen 1997, exista o singur\u0103 \u0219coal\u0103 \u00een India care asigura programe educa\u021bionale \u0219i alte servicii unui num\u0103r de 23 de copii cu surdocecitate.<\/p>\n\n\n\n<p>\u00cen prezent, Sense India lucreaz\u0103 \u00een 23 de state din aceast\u0103 \u021bar\u0103, dispun\u00e2nd de o re\u021bea de 60 de ONG-uri partenere \u0219i transform\u00e2nd astfel vie\u021bile a peste 80.000 de persoane cu surdocecitate \u2013 care au trecut de la izolare \u0219i neglijare la \u00een\u021belegerea lumii \u00een care se afl\u0103 \u0219i la o via\u021b\u0103 activ\u0103 \u0219i plin\u0103.<\/p>\n\n\n\n<p>Accesul la tehnologie poate reprezenta o schimbare radical\u0103 pentru persoanele cu surdocecitate, oferind noi modalit\u0103\u021bi de ajungere la informa\u021bii, de comunicare cu ceilal\u021bi \u0219i de participare la via\u021ba de zi cu zi.  Aceste resurse le vor permite persoanelor cu surdocecitate, precum \u0219i celor care le sprijin\u0103, s\u0103 tr\u0103iasc\u0103, s\u0103 \u00eenve\u021be \u0219i s\u0103 se dezvolte la maximul lor poten\u021bial.<\/p>\n\n\n\n<div class=\"wp-block-buttons is-layout-flex wp-block-buttons-is-layout-flex\">\n<div class=\"wp-block-button\"><a class=\"wp-block-button__link wp-element-button\" href=\"https:\/\/deafblindness.info\/hi\/%e0%a4%b8%e0%a4%82%e0%a4%b8%e0%a4%be%e0%a4%a7%e0%a4%a8\/\">Vezi resursele din India<\/a><\/div>\n<\/div>\n","protected":false},"excerpt":{"rendered":"<p>\u00cen contextul indian, surdocecitatea este definit\u0103 de \u201dLegea privind drepturilor persoanelor cu dizabilit\u0103\u021bi, 2016\u201d ca reprezent\u00e2nd \u201do afec\u021biune \u00een care o persoan\u0103 poate avea o combina\u021bie de deficien\u021be auditive \u0219i vizuale ce cauzeaz\u0103 probleme grave&hellip;<\/p>\n","protected":false},"author":12,"featured_media":0,"parent":2194,"menu_order":0,"comment_status":"closed","ping_status":"closed","template":"","meta":{"_acf_changed":false,"footnotes":""},"class_list":["post-3197","page","type-page","status-publish","hentry"],"acf":[],"yoast_head":"<!-- This site is optimized with the Yoast SEO plugin v26.9 - https:\/\/yoast.com\/product\/yoast-seo-wordpress\/ -->\n<title>India - Global Deafblindness Resource Hub<\/title>\n<meta name=\"robots\" content=\"index, follow, max-snippet:-1, max-image-preview:large, max-video-preview:-1\" \/>\n<link rel=\"canonical\" href=\"https:\/\/deafblindness.info\/ro\/informatii-despre-tara\/india\/\" \/>\n<meta property=\"og:locale\" content=\"ro_RO\" \/>\n<meta property=\"og:type\" content=\"article\" \/>\n<meta property=\"og:title\" content=\"India - Global Deafblindness Resource Hub\" \/>\n<meta property=\"og:description\" content=\"\u00cen contextul indian, surdocecitatea este definit\u0103 de \u201dLegea privind drepturilor persoanelor cu dizabilit\u0103\u021bi, 2016\u201d ca reprezent\u00e2nd \u201do afec\u021biune \u00een care o persoan\u0103 poate avea o combina\u021bie de deficien\u021be auditive \u0219i vizuale ce cauzeaz\u0103 probleme grave&hellip;\" \/>\n<meta property=\"og:url\" content=\"https:\/\/deafblindness.info\/ro\/informatii-despre-tara\/india\/\" \/>\n<meta property=\"og:site_name\" content=\"Global Deafblindness Resource Hub\" \/>\n<meta property=\"article:modified_time\" content=\"2025-02-20T11:36:19+00:00\" \/>\n<meta name=\"twitter:card\" content=\"summary_large_image\" \/>\n<meta name=\"twitter:label1\" content=\"Est. reading time\" \/>\n\t<meta name=\"twitter:data1\" content=\"2 minute\" \/>\n<script type=\"application\/ld+json\" class=\"yoast-schema-graph\">{\"@context\":\"https:\/\/schema.org\",\"@graph\":[{\"@type\":\"WebPage\",\"@id\":\"https:\/\/deafblindness.info\/ro\/informatii-despre-tara\/india\/\",\"url\":\"https:\/\/deafblindness.info\/ro\/informatii-despre-tara\/india\/\",\"name\":\"India - Global Deafblindness Resource Hub\",\"isPartOf\":{\"@id\":\"https:\/\/deafblindness.info\/ro\/#website\"},\"datePublished\":\"2025-02-20T11:36:18+00:00\",\"dateModified\":\"2025-02-20T11:36:19+00:00\",\"breadcrumb\":{\"@id\":\"https:\/\/deafblindness.info\/ro\/informatii-despre-tara\/india\/#breadcrumb\"},\"inLanguage\":\"ro-RO\",\"potentialAction\":[{\"@type\":\"ReadAction\",\"target\":[\"https:\/\/deafblindness.info\/ro\/informatii-despre-tara\/india\/\"]}]},{\"@type\":\"BreadcrumbList\",\"@id\":\"https:\/\/deafblindness.info\/ro\/informatii-despre-tara\/india\/#breadcrumb\",\"itemListElement\":[{\"@type\":\"ListItem\",\"position\":1,\"name\":\"Home\",\"item\":\"https:\/\/deafblindness.info\/ro\/\"},{\"@type\":\"ListItem\",\"position\":2,\"name\":\"Informa\u021bii despre \u021b\u0103ri\",\"item\":\"https:\/\/deafblindness.info\/ro\/informatii-despre-tara\/\"},{\"@type\":\"ListItem\",\"position\":3,\"name\":\"India\"}]},{\"@type\":\"WebSite\",\"@id\":\"https:\/\/deafblindness.info\/ro\/#website\",\"url\":\"https:\/\/deafblindness.info\/ro\/\",\"name\":\"Global Deafblindness Resource Hub\",\"description\":\"Connecting people with deafblindness to the world around them\",\"publisher\":{\"@id\":\"https:\/\/deafblindness.info\/ro\/#organization\"},\"potentialAction\":[{\"@type\":\"SearchAction\",\"target\":{\"@type\":\"EntryPoint\",\"urlTemplate\":\"https:\/\/deafblindness.info\/ro\/?s={search_term_string}\"},\"query-input\":{\"@type\":\"PropertyValueSpecification\",\"valueRequired\":true,\"valueName\":\"search_term_string\"}}],\"inLanguage\":\"ro-RO\"},{\"@type\":\"Organization\",\"@id\":\"https:\/\/deafblindness.info\/ro\/#organization\",\"name\":\"Global Deafblindness Resource Hub\",\"url\":\"https:\/\/deafblindness.info\/ro\/\",\"logo\":{\"@type\":\"ImageObject\",\"inLanguage\":\"ro-RO\",\"@id\":\"https:\/\/deafblindness.info\/ro\/#\/schema\/logo\/image\/\",\"url\":\"https:\/\/deafblindness.info\/wp-content\/uploads\/2024\/09\/logo-icon.svg\",\"contentUrl\":\"https:\/\/deafblindness.info\/wp-content\/uploads\/2024\/09\/logo-icon.svg\",\"width\":50,\"height\":50,\"caption\":\"Global Deafblindness Resource Hub\"},\"image\":{\"@id\":\"https:\/\/deafblindness.info\/ro\/#\/schema\/logo\/image\/\"}}]}<\/script>\n<!-- \/ Yoast SEO plugin. -->","yoast_head_json":{"title":"India - Global Deafblindness Resource Hub","robots":{"index":"index","follow":"follow","max-snippet":"max-snippet:-1","max-image-preview":"max-image-preview:large","max-video-preview":"max-video-preview:-1"},"canonical":"https:\/\/deafblindness.info\/ro\/informatii-despre-tara\/india\/","og_locale":"ro_RO","og_type":"article","og_title":"India - Global Deafblindness Resource Hub","og_description":"\u00cen contextul indian, surdocecitatea este definit\u0103 de \u201dLegea privind drepturilor persoanelor cu dizabilit\u0103\u021bi, 2016\u201d ca reprezent\u00e2nd \u201do afec\u021biune \u00een care o persoan\u0103 poate avea o combina\u021bie de deficien\u021be auditive \u0219i vizuale ce cauzeaz\u0103 probleme grave&hellip;","og_url":"https:\/\/deafblindness.info\/ro\/informatii-despre-tara\/india\/","og_site_name":"Global Deafblindness Resource Hub","article_modified_time":"2025-02-20T11:36:19+00:00","twitter_card":"summary_large_image","twitter_misc":{"Est. reading time":"2 minute"},"schema":{"@context":"https:\/\/schema.org","@graph":[{"@type":"WebPage","@id":"https:\/\/deafblindness.info\/ro\/informatii-despre-tara\/india\/","url":"https:\/\/deafblindness.info\/ro\/informatii-despre-tara\/india\/","name":"India - Global Deafblindness Resource Hub","isPartOf":{"@id":"https:\/\/deafblindness.info\/ro\/#website"},"datePublished":"2025-02-20T11:36:18+00:00","dateModified":"2025-02-20T11:36:19+00:00","breadcrumb":{"@id":"https:\/\/deafblindness.info\/ro\/informatii-despre-tara\/india\/#breadcrumb"},"inLanguage":"ro-RO","potentialAction":[{"@type":"ReadAction","target":["https:\/\/deafblindness.info\/ro\/informatii-despre-tara\/india\/"]}]},{"@type":"BreadcrumbList","@id":"https:\/\/deafblindness.info\/ro\/informatii-despre-tara\/india\/#breadcrumb","itemListElement":[{"@type":"ListItem","position":1,"name":"Home","item":"https:\/\/deafblindness.info\/ro\/"},{"@type":"ListItem","position":2,"name":"Informa\u021bii despre \u021b\u0103ri","item":"https:\/\/deafblindness.info\/ro\/informatii-despre-tara\/"},{"@type":"ListItem","position":3,"name":"India"}]},{"@type":"WebSite","@id":"https:\/\/deafblindness.info\/ro\/#website","url":"https:\/\/deafblindness.info\/ro\/","name":"Global Deafblindness Resource Hub","description":"Connecting people with deafblindness to the world around them","publisher":{"@id":"https:\/\/deafblindness.info\/ro\/#organization"},"potentialAction":[{"@type":"SearchAction","target":{"@type":"EntryPoint","urlTemplate":"https:\/\/deafblindness.info\/ro\/?s={search_term_string}"},"query-input":{"@type":"PropertyValueSpecification","valueRequired":true,"valueName":"search_term_string"}}],"inLanguage":"ro-RO"},{"@type":"Organization","@id":"https:\/\/deafblindness.info\/ro\/#organization","name":"Global Deafblindness Resource Hub","url":"https:\/\/deafblindness.info\/ro\/","logo":{"@type":"ImageObject","inLanguage":"ro-RO","@id":"https:\/\/deafblindness.info\/ro\/#\/schema\/logo\/image\/","url":"https:\/\/deafblindness.info\/wp-content\/uploads\/2024\/09\/logo-icon.svg","contentUrl":"https:\/\/deafblindness.info\/wp-content\/uploads\/2024\/09\/logo-icon.svg","width":50,"height":50,"caption":"Global Deafblindness Resource Hub"},"image":{"@id":"https:\/\/deafblindness.info\/ro\/#\/schema\/logo\/image\/"}}]}},"_links":{"self":[{"href":"https:\/\/deafblindness.info\/ro\/wp-json\/wp\/v2\/pages\/3197","targetHints":{"allow":["GET"]}}],"collection":[{"href":"https:\/\/deafblindness.info\/ro\/wp-json\/wp\/v2\/pages"}],"about":[{"href":"https:\/\/deafblindness.info\/ro\/wp-json\/wp\/v2\/types\/page"}],"author":[{"embeddable":true,"href":"https:\/\/deafblindness.info\/ro\/wp-json\/wp\/v2\/users\/12"}],"replies":[{"embeddable":true,"href":"https:\/\/deafblindness.info\/ro\/wp-json\/wp\/v2\/comments?post=3197"}],"version-history":[{"count":0,"href":"https:\/\/deafblindness.info\/ro\/wp-json\/wp\/v2\/pages\/3197\/revisions"}],"up":[{"embeddable":true,"href":"https:\/\/deafblindness.info\/ro\/wp-json\/wp\/v2\/pages\/2194"}],"wp:attachment":[{"href":"https:\/\/deafblindness.info\/ro\/wp-json\/wp\/v2\/media?parent=3197"}],"curies":[{"name":"wp","href":"https:\/\/api.w.org\/{rel}","templated":true}]}}