{"id":3198,"date":"2025-02-20T11:38:19","date_gmt":"2025-02-20T11:38:19","guid":{"rendered":"https:\/\/deafblindness.info\/?page_id=3198"},"modified":"2025-02-20T11:38:21","modified_gmt":"2025-02-20T11:38:21","slug":"kenya","status":"publish","type":"page","link":"https:\/\/deafblindness.info\/ro\/informatii-despre-tara\/kenya\/","title":{"rendered":"Kenya"},"content":{"rendered":"\n<div class=\"wp-block-acf-box  box  box--padded  is-style-default  alignright\">\n\n  <div class=\"acf-innerblocks-container\">\n\n<p class=\"is-style-intro has-primary-color has-text-color has-link-color wp-elements-85a2c20c215e71de4472e6f978f811a5\">La nivel global, cercet\u0103rile indic\u0103 faptul c\u0103 aproximativ 2% din popula\u021bia Terrei are forme mai u\u0219oare de surdocecitate, \u00een timp ce aproximativ 0,2% tr\u0103iesc cu surdocecitate sever\u0103*.<\/p>\n\n\n\n<p class=\"is-style-intro has-primary-color has-text-color has-link-color wp-elements-4e38732110ee8a01a06a73345a70a410\">Dac\u0103 ne g\u00e2ndim la popula\u021bia Kenyei, aceste procente \u00eenseamn\u0103, de fapt, un num\u0103r semnificativ de oameni afecta\u021bi, adic\u0103 aproximativ un milion de persoane cu o form\u0103 mai u\u0219oar\u0103 de surdocecitate \u0219i 100.000 cu o form\u0103 mai sever\u0103.<\/p>\n\n\n\n<p class=\"has-x-small-font-size\">*World Federation of the Deafblind (Federa\u021bia Mondial\u0103 a Persoanelor cu Surdocecitate \u2013 WFDB), 2018 <em>\u00cen pericol de excludere de la punerea \u00een aplicare a Conven\u021biei privind Drepturile Persoanelor cu Dizabilit\u0103\u021bi (CDPD) \u0219i a Obiectivelor de Dezvoltare Durabil\u0103 (ODD): Inegalitatea \u0219i persoanele cu surdocecitate.<\/em><\/p>\n\n<\/div>\n\n<\/div>\n\n\n<p>\u00cen prezent, nu exist\u0103 nicio lege specific\u0103, dedicat\u0103 exclusiv abord\u0103rii nevoilor persoanelor cu surdocecitate din Kenya. Acest lucru \u00eenseamn\u0103 c\u0103 persoanele cu surdocecitate continu\u0103 s\u0103 beneficieze de o cunoa\u0219tere limitat\u0103 \u0219i de servicii reduse care s\u0103 le r\u0103spund\u0103 nevoilor lor specifice.\u00a0<\/p>\n\n\n\n<p> \u00cen Kenya, surdocecitatea r\u0103m\u00e2ne, \u00een mare m\u0103sur\u0103, insuficient cercetat\u0103, neluat\u0103 \u00een considerare \u0219i ne\u00een\u021beleas\u0103, ceea ce contribuie la o mare lips\u0103 \u00een materie de con\u0219tientizare din partea publicului larg. De\u0219i Internetul a sporit accesul la informa\u021bii \u0219i posibilit\u0103\u021bile de comunicare pentru persoanele cu surdocecitate, barierele \u00eenc\u0103 existente \u00eempiedic\u0103 participarea \u0219i incluziunea lor deplin\u0103 \u00een societate.<\/p>\n\n\n\n<p>Cu toate acestea, s-au \u00eenregistrat unele progrese \u00een ceea ce prive\u0219te incluziunea persoanelor cu surdocecitate \u00een Kenya. Cadrul legal \u0219i de politici care reglementeaz\u0103 dizabilit\u0103\u021bile, tehnologia informa\u021biei \u0219i a comunica\u021biei (TIC), precum \u0219i accesul la informa\u021bii \u00een Kenya, este esen\u021bial pentru asigurarea accesului echitabil \u0219i incluziunii pentru to\u021bi oamenii, inclusiv pentru persoanele cu dizabilit\u0103\u021bi. Legile respective nu numai c\u0103 pun accentul pe adapt\u0103rile rezonabile \u0219i pe accesibilitate, dar \u0219i acord\u0103 prioritate difuz\u0103rii informa\u021biilor \u00een formate incluzive \u0219i accesibile tuturor, indiferent de abilit\u0103\u021bile lor.<\/p>\n\n\n\n<p>Accesul la tehnologie poate reprezenta o schimbare radical\u0103 pentru persoanele cu surdocecitate, oferind noi modalit\u0103\u021bi de ajungere la informa\u021bii, de comunicare cu ceilal\u021bi \u0219i de participare la via\u021ba de zi cu zi.  Aceste resurse le vor permite persoanelor cu surdocecitate, precum \u0219i celor care le sprijin\u0103, s\u0103 tr\u0103iasc\u0103, s\u0103 \u00eenve\u021be \u0219i s\u0103 se dezvolte la maximul lor poten\u021bial.<\/p>\n\n\n\n<div class=\"wp-block-buttons is-layout-flex wp-block-buttons-is-layout-flex\">\n<div class=\"wp-block-button\"><a class=\"wp-block-button__link wp-element-button\" href=\"https:\/\/deafblindness.info\/resources\/?_countries=kenya-2\">Vezi resursele din Kenya<\/a><\/div>\n<\/div>\n","protected":false},"excerpt":{"rendered":"<p>\u00cen prezent, nu exist\u0103 nicio lege specific\u0103, dedicat\u0103 exclusiv abord\u0103rii nevoilor persoanelor cu surdocecitate din Kenya. Acest lucru \u00eenseamn\u0103 c\u0103 persoanele cu surdocecitate continu\u0103 s\u0103 beneficieze de o cunoa\u0219tere limitat\u0103 \u0219i de servicii reduse care&hellip;<\/p>\n","protected":false},"author":12,"featured_media":0,"parent":2194,"menu_order":0,"comment_status":"closed","ping_status":"closed","template":"","meta":{"_acf_changed":false,"footnotes":""},"class_list":["post-3198","page","type-page","status-publish","hentry"],"acf":[],"yoast_head":"<!-- This site is optimized with the Yoast SEO plugin v26.9 - https:\/\/yoast.com\/product\/yoast-seo-wordpress\/ -->\n<title>Kenya - Global Deafblindness Resource Hub<\/title>\n<meta name=\"robots\" content=\"index, follow, max-snippet:-1, max-image-preview:large, max-video-preview:-1\" \/>\n<link rel=\"canonical\" href=\"https:\/\/deafblindness.info\/ro\/informatii-despre-tara\/kenya\/\" \/>\n<meta property=\"og:locale\" content=\"ro_RO\" \/>\n<meta property=\"og:type\" content=\"article\" \/>\n<meta property=\"og:title\" content=\"Kenya - Global Deafblindness Resource Hub\" \/>\n<meta property=\"og:description\" content=\"\u00cen prezent, nu exist\u0103 nicio lege specific\u0103, dedicat\u0103 exclusiv abord\u0103rii nevoilor persoanelor cu surdocecitate din Kenya. Acest lucru \u00eenseamn\u0103 c\u0103 persoanele cu surdocecitate continu\u0103 s\u0103 beneficieze de o cunoa\u0219tere limitat\u0103 \u0219i de servicii reduse care&hellip;\" \/>\n<meta property=\"og:url\" content=\"https:\/\/deafblindness.info\/ro\/informatii-despre-tara\/kenya\/\" \/>\n<meta property=\"og:site_name\" content=\"Global Deafblindness Resource Hub\" \/>\n<meta property=\"article:modified_time\" content=\"2025-02-20T11:38:21+00:00\" \/>\n<meta name=\"twitter:card\" content=\"summary_large_image\" \/>\n<meta name=\"twitter:label1\" content=\"Est. reading time\" \/>\n\t<meta name=\"twitter:data1\" content=\"2 minute\" \/>\n<script type=\"application\/ld+json\" class=\"yoast-schema-graph\">{\"@context\":\"https:\/\/schema.org\",\"@graph\":[{\"@type\":\"WebPage\",\"@id\":\"https:\/\/deafblindness.info\/ro\/informatii-despre-tara\/kenya\/\",\"url\":\"https:\/\/deafblindness.info\/ro\/informatii-despre-tara\/kenya\/\",\"name\":\"Kenya - Global Deafblindness Resource Hub\",\"isPartOf\":{\"@id\":\"https:\/\/deafblindness.info\/ro\/#website\"},\"datePublished\":\"2025-02-20T11:38:19+00:00\",\"dateModified\":\"2025-02-20T11:38:21+00:00\",\"breadcrumb\":{\"@id\":\"https:\/\/deafblindness.info\/ro\/informatii-despre-tara\/kenya\/#breadcrumb\"},\"inLanguage\":\"ro-RO\",\"potentialAction\":[{\"@type\":\"ReadAction\",\"target\":[\"https:\/\/deafblindness.info\/ro\/informatii-despre-tara\/kenya\/\"]}]},{\"@type\":\"BreadcrumbList\",\"@id\":\"https:\/\/deafblindness.info\/ro\/informatii-despre-tara\/kenya\/#breadcrumb\",\"itemListElement\":[{\"@type\":\"ListItem\",\"position\":1,\"name\":\"Home\",\"item\":\"https:\/\/deafblindness.info\/ro\/\"},{\"@type\":\"ListItem\",\"position\":2,\"name\":\"Informa\u021bii despre \u021b\u0103ri\",\"item\":\"https:\/\/deafblindness.info\/ro\/informatii-despre-tara\/\"},{\"@type\":\"ListItem\",\"position\":3,\"name\":\"Kenya\"}]},{\"@type\":\"WebSite\",\"@id\":\"https:\/\/deafblindness.info\/ro\/#website\",\"url\":\"https:\/\/deafblindness.info\/ro\/\",\"name\":\"Global Deafblindness Resource Hub\",\"description\":\"Connecting people with deafblindness to the world around them\",\"publisher\":{\"@id\":\"https:\/\/deafblindness.info\/ro\/#organization\"},\"potentialAction\":[{\"@type\":\"SearchAction\",\"target\":{\"@type\":\"EntryPoint\",\"urlTemplate\":\"https:\/\/deafblindness.info\/ro\/?s={search_term_string}\"},\"query-input\":{\"@type\":\"PropertyValueSpecification\",\"valueRequired\":true,\"valueName\":\"search_term_string\"}}],\"inLanguage\":\"ro-RO\"},{\"@type\":\"Organization\",\"@id\":\"https:\/\/deafblindness.info\/ro\/#organization\",\"name\":\"Global Deafblindness Resource Hub\",\"url\":\"https:\/\/deafblindness.info\/ro\/\",\"logo\":{\"@type\":\"ImageObject\",\"inLanguage\":\"ro-RO\",\"@id\":\"https:\/\/deafblindness.info\/ro\/#\/schema\/logo\/image\/\",\"url\":\"https:\/\/deafblindness.info\/wp-content\/uploads\/2024\/09\/logo-icon.svg\",\"contentUrl\":\"https:\/\/deafblindness.info\/wp-content\/uploads\/2024\/09\/logo-icon.svg\",\"width\":50,\"height\":50,\"caption\":\"Global Deafblindness Resource Hub\"},\"image\":{\"@id\":\"https:\/\/deafblindness.info\/ro\/#\/schema\/logo\/image\/\"}}]}<\/script>\n<!-- \/ Yoast SEO plugin. -->","yoast_head_json":{"title":"Kenya - Global Deafblindness Resource Hub","robots":{"index":"index","follow":"follow","max-snippet":"max-snippet:-1","max-image-preview":"max-image-preview:large","max-video-preview":"max-video-preview:-1"},"canonical":"https:\/\/deafblindness.info\/ro\/informatii-despre-tara\/kenya\/","og_locale":"ro_RO","og_type":"article","og_title":"Kenya - Global Deafblindness Resource Hub","og_description":"\u00cen prezent, nu exist\u0103 nicio lege specific\u0103, dedicat\u0103 exclusiv abord\u0103rii nevoilor persoanelor cu surdocecitate din Kenya. Acest lucru \u00eenseamn\u0103 c\u0103 persoanele cu surdocecitate continu\u0103 s\u0103 beneficieze de o cunoa\u0219tere limitat\u0103 \u0219i de servicii reduse care&hellip;","og_url":"https:\/\/deafblindness.info\/ro\/informatii-despre-tara\/kenya\/","og_site_name":"Global Deafblindness Resource Hub","article_modified_time":"2025-02-20T11:38:21+00:00","twitter_card":"summary_large_image","twitter_misc":{"Est. reading time":"2 minute"},"schema":{"@context":"https:\/\/schema.org","@graph":[{"@type":"WebPage","@id":"https:\/\/deafblindness.info\/ro\/informatii-despre-tara\/kenya\/","url":"https:\/\/deafblindness.info\/ro\/informatii-despre-tara\/kenya\/","name":"Kenya - Global Deafblindness Resource Hub","isPartOf":{"@id":"https:\/\/deafblindness.info\/ro\/#website"},"datePublished":"2025-02-20T11:38:19+00:00","dateModified":"2025-02-20T11:38:21+00:00","breadcrumb":{"@id":"https:\/\/deafblindness.info\/ro\/informatii-despre-tara\/kenya\/#breadcrumb"},"inLanguage":"ro-RO","potentialAction":[{"@type":"ReadAction","target":["https:\/\/deafblindness.info\/ro\/informatii-despre-tara\/kenya\/"]}]},{"@type":"BreadcrumbList","@id":"https:\/\/deafblindness.info\/ro\/informatii-despre-tara\/kenya\/#breadcrumb","itemListElement":[{"@type":"ListItem","position":1,"name":"Home","item":"https:\/\/deafblindness.info\/ro\/"},{"@type":"ListItem","position":2,"name":"Informa\u021bii despre \u021b\u0103ri","item":"https:\/\/deafblindness.info\/ro\/informatii-despre-tara\/"},{"@type":"ListItem","position":3,"name":"Kenya"}]},{"@type":"WebSite","@id":"https:\/\/deafblindness.info\/ro\/#website","url":"https:\/\/deafblindness.info\/ro\/","name":"Global Deafblindness Resource Hub","description":"Connecting people with deafblindness to the world around them","publisher":{"@id":"https:\/\/deafblindness.info\/ro\/#organization"},"potentialAction":[{"@type":"SearchAction","target":{"@type":"EntryPoint","urlTemplate":"https:\/\/deafblindness.info\/ro\/?s={search_term_string}"},"query-input":{"@type":"PropertyValueSpecification","valueRequired":true,"valueName":"search_term_string"}}],"inLanguage":"ro-RO"},{"@type":"Organization","@id":"https:\/\/deafblindness.info\/ro\/#organization","name":"Global Deafblindness Resource Hub","url":"https:\/\/deafblindness.info\/ro\/","logo":{"@type":"ImageObject","inLanguage":"ro-RO","@id":"https:\/\/deafblindness.info\/ro\/#\/schema\/logo\/image\/","url":"https:\/\/deafblindness.info\/wp-content\/uploads\/2024\/09\/logo-icon.svg","contentUrl":"https:\/\/deafblindness.info\/wp-content\/uploads\/2024\/09\/logo-icon.svg","width":50,"height":50,"caption":"Global Deafblindness Resource Hub"},"image":{"@id":"https:\/\/deafblindness.info\/ro\/#\/schema\/logo\/image\/"}}]}},"_links":{"self":[{"href":"https:\/\/deafblindness.info\/ro\/wp-json\/wp\/v2\/pages\/3198","targetHints":{"allow":["GET"]}}],"collection":[{"href":"https:\/\/deafblindness.info\/ro\/wp-json\/wp\/v2\/pages"}],"about":[{"href":"https:\/\/deafblindness.info\/ro\/wp-json\/wp\/v2\/types\/page"}],"author":[{"embeddable":true,"href":"https:\/\/deafblindness.info\/ro\/wp-json\/wp\/v2\/users\/12"}],"replies":[{"embeddable":true,"href":"https:\/\/deafblindness.info\/ro\/wp-json\/wp\/v2\/comments?post=3198"}],"version-history":[{"count":0,"href":"https:\/\/deafblindness.info\/ro\/wp-json\/wp\/v2\/pages\/3198\/revisions"}],"up":[{"embeddable":true,"href":"https:\/\/deafblindness.info\/ro\/wp-json\/wp\/v2\/pages\/2194"}],"wp:attachment":[{"href":"https:\/\/deafblindness.info\/ro\/wp-json\/wp\/v2\/media?parent=3198"}],"curies":[{"name":"wp","href":"https:\/\/api.w.org\/{rel}","templated":true}]}}