{"id":3199,"date":"2025-02-20T11:41:14","date_gmt":"2025-02-20T11:41:14","guid":{"rendered":"https:\/\/deafblindness.info\/?page_id=3199"},"modified":"2025-02-21T16:15:18","modified_gmt":"2025-02-21T16:15:18","slug":"nepal","status":"publish","type":"page","link":"https:\/\/deafblindness.info\/ro\/informatii-despre-tara\/nepal\/","title":{"rendered":"Nepal"},"content":{"rendered":"\n<div class=\"wp-block-acf-box  box  box--padded  is-style-default  alignright\">\n\n  <div class=\"acf-innerblocks-container\">\n\n<p class=\"is-style-intro has-primary-color has-text-color has-link-color wp-elements-e02e582558f0013e1f22499a519082d9\">\u00cen Nepal, se estimeaz\u0103 c\u0103 <strong>peste 11.500 de persoane <\/strong>tr\u0103iesc cu surdocecitate.<\/p>\n\n\n\n<p class=\"has-x-small-font-size\">*World Federation of the Deafblind (Federa\u021bia Mondial\u0103 a Persoanelor cu Surdocecitate \u2013 WFDB), 2018 <em>\u00cen pericol de excludere de la punerea \u00een aplicare a Conven\u021biei privind Drepturile Persoanelor cu Dizabilit\u0103\u021bi (CDPD) \u0219i a Obiectivelor de Dezvoltare Durabil\u0103 (ODD): Inegalitatea \u0219i persoanele cu surdocecitate.<\/em><\/p>\n\n<\/div>\n\n<\/div>\n\n\n<p>\u00cen Nepal, persoanele cu surdocecitate sunt considerate a fi unul dintre cele mai marginalizate \u0219i vulnerabile grupuri.<\/p>\n\n\n\n<p>Conform defini\u021biei \u0219i clasific\u0103rii anterioare a dizabilit\u0103\u021bilor de c\u0103tre guvernul Nepalului, surdocecitatea era considerat\u0103 doar un alt tip care f\u0103cea parte din categoria dizabilit\u0103\u021bilor multiple. Acest lucru \u00eengreuna posibilitatea persoanelor cu surdocecitate de a primi sprijinul \u0219i asisten\u021ba specifice de care aveau nevoie.<\/p>\n\n\n\n<p>Datorit\u0103 ac\u021biunilor de lobby ale comunit\u0103\u021bii conduse de Federa\u021bia Na\u021bional\u0103 a Persoanelor cu Dizabilit\u0103\u021bi din Nepal [FNPD], guvernul a f\u0103cut \u00een sf\u00e2r\u0219it deosebirea dintre surdocecitate \u0219i dizabilit\u0103\u021bile multiple, recunoscut-o ca dizabilitate distinct\u0103 \u00een anul 2006. Totu\u0219i, \u00een ciuda acestei recunoa\u0219teri oficiale, persoanele cu surdocecitate se confrunt\u0103 \u00een continuare cu provoc\u0103ri semnificative \u00een ob\u021binerea de informa\u021bii, asigurarea drepturilor pe care le au \u0219i accesul la sprijinul de care au nevoie.<\/p>\n\n\n\n<p>Accesul la tehnologie poate reprezenta o schimbare radical\u0103 pentru persoanele cu surdocecitate, oferind noi modalit\u0103\u021bi de ajungere la informa\u021bii, de comunicare cu ceilal\u021bi \u0219i de participare la via\u021ba de zi cu zi. <\/p>\n\n\n\n<p>Aceste resurse le vor permite persoanelor cu surdocecitate, precum \u0219i celor care le sprijin\u0103, s\u0103 tr\u0103iasc\u0103, s\u0103 \u00eenve\u021be \u0219i s\u0103 se dezvolte la maximul lor poten\u021bial.<\/p>\n\n\n\n<div class=\"wp-block-buttons is-layout-flex wp-block-buttons-is-layout-flex\">\n<div class=\"wp-block-button\"><a class=\"wp-block-button__link wp-element-button\" href=\"https:\/\/deafblindness.info\/ne\/%e0%a4%b8%e0%a5%8d%e0%a4%b0%e0%a5%8b%e0%a4%a4%e0%a4%b9%e0%a4%b0%e0%a5%82\/\">Vezi resursele Nepal<\/a><\/div>\n<\/div>\n\n\n\n<p><\/p>\n","protected":false},"excerpt":{"rendered":"<p>\u00cen Nepal, persoanele cu surdocecitate sunt considerate a fi unul dintre cele mai marginalizate \u0219i vulnerabile grupuri. Conform defini\u021biei \u0219i clasific\u0103rii anterioare a dizabilit\u0103\u021bilor de c\u0103tre guvernul Nepalului, surdocecitatea era considerat\u0103 doar un alt tip&hellip;<\/p>\n","protected":false},"author":12,"featured_media":0,"parent":2194,"menu_order":0,"comment_status":"closed","ping_status":"closed","template":"","meta":{"_acf_changed":false,"footnotes":""},"class_list":["post-3199","page","type-page","status-publish","hentry"],"acf":[],"yoast_head":"<!-- This site is optimized with the Yoast SEO plugin v26.9 - https:\/\/yoast.com\/product\/yoast-seo-wordpress\/ -->\n<title>Nepal - Global Deafblindness Resource Hub<\/title>\n<meta name=\"robots\" content=\"index, follow, max-snippet:-1, max-image-preview:large, max-video-preview:-1\" \/>\n<link rel=\"canonical\" href=\"https:\/\/deafblindness.info\/ro\/informatii-despre-tara\/nepal\/\" \/>\n<meta property=\"og:locale\" content=\"ro_RO\" \/>\n<meta property=\"og:type\" content=\"article\" \/>\n<meta property=\"og:title\" content=\"Nepal - Global Deafblindness Resource Hub\" \/>\n<meta property=\"og:description\" content=\"\u00cen Nepal, persoanele cu surdocecitate sunt considerate a fi unul dintre cele mai marginalizate \u0219i vulnerabile grupuri. Conform defini\u021biei \u0219i clasific\u0103rii anterioare a dizabilit\u0103\u021bilor de c\u0103tre guvernul Nepalului, surdocecitatea era considerat\u0103 doar un alt tip&hellip;\" \/>\n<meta property=\"og:url\" content=\"https:\/\/deafblindness.info\/ro\/informatii-despre-tara\/nepal\/\" \/>\n<meta property=\"og:site_name\" content=\"Global Deafblindness Resource Hub\" \/>\n<meta property=\"article:modified_time\" content=\"2025-02-21T16:15:18+00:00\" \/>\n<meta name=\"twitter:card\" content=\"summary_large_image\" \/>\n<meta name=\"twitter:label1\" content=\"Est. reading time\" \/>\n\t<meta name=\"twitter:data1\" content=\"2 minute\" \/>\n<script type=\"application\/ld+json\" class=\"yoast-schema-graph\">{\"@context\":\"https:\/\/schema.org\",\"@graph\":[{\"@type\":\"WebPage\",\"@id\":\"https:\/\/deafblindness.info\/ro\/informatii-despre-tara\/nepal\/\",\"url\":\"https:\/\/deafblindness.info\/ro\/informatii-despre-tara\/nepal\/\",\"name\":\"Nepal - Global Deafblindness Resource Hub\",\"isPartOf\":{\"@id\":\"https:\/\/deafblindness.info\/ro\/#website\"},\"datePublished\":\"2025-02-20T11:41:14+00:00\",\"dateModified\":\"2025-02-21T16:15:18+00:00\",\"breadcrumb\":{\"@id\":\"https:\/\/deafblindness.info\/ro\/informatii-despre-tara\/nepal\/#breadcrumb\"},\"inLanguage\":\"ro-RO\",\"potentialAction\":[{\"@type\":\"ReadAction\",\"target\":[\"https:\/\/deafblindness.info\/ro\/informatii-despre-tara\/nepal\/\"]}]},{\"@type\":\"BreadcrumbList\",\"@id\":\"https:\/\/deafblindness.info\/ro\/informatii-despre-tara\/nepal\/#breadcrumb\",\"itemListElement\":[{\"@type\":\"ListItem\",\"position\":1,\"name\":\"Home\",\"item\":\"https:\/\/deafblindness.info\/ro\/\"},{\"@type\":\"ListItem\",\"position\":2,\"name\":\"Informa\u021bii despre \u021b\u0103ri\",\"item\":\"https:\/\/deafblindness.info\/ro\/informatii-despre-tara\/\"},{\"@type\":\"ListItem\",\"position\":3,\"name\":\"Nepal\"}]},{\"@type\":\"WebSite\",\"@id\":\"https:\/\/deafblindness.info\/ro\/#website\",\"url\":\"https:\/\/deafblindness.info\/ro\/\",\"name\":\"Global Deafblindness Resource Hub\",\"description\":\"Connecting people with deafblindness to the world around them\",\"publisher\":{\"@id\":\"https:\/\/deafblindness.info\/ro\/#organization\"},\"potentialAction\":[{\"@type\":\"SearchAction\",\"target\":{\"@type\":\"EntryPoint\",\"urlTemplate\":\"https:\/\/deafblindness.info\/ro\/?s={search_term_string}\"},\"query-input\":{\"@type\":\"PropertyValueSpecification\",\"valueRequired\":true,\"valueName\":\"search_term_string\"}}],\"inLanguage\":\"ro-RO\"},{\"@type\":\"Organization\",\"@id\":\"https:\/\/deafblindness.info\/ro\/#organization\",\"name\":\"Global Deafblindness Resource Hub\",\"url\":\"https:\/\/deafblindness.info\/ro\/\",\"logo\":{\"@type\":\"ImageObject\",\"inLanguage\":\"ro-RO\",\"@id\":\"https:\/\/deafblindness.info\/ro\/#\/schema\/logo\/image\/\",\"url\":\"https:\/\/deafblindness.info\/wp-content\/uploads\/2024\/09\/logo-icon.svg\",\"contentUrl\":\"https:\/\/deafblindness.info\/wp-content\/uploads\/2024\/09\/logo-icon.svg\",\"width\":50,\"height\":50,\"caption\":\"Global Deafblindness Resource Hub\"},\"image\":{\"@id\":\"https:\/\/deafblindness.info\/ro\/#\/schema\/logo\/image\/\"}}]}<\/script>\n<!-- \/ Yoast SEO plugin. -->","yoast_head_json":{"title":"Nepal - Global Deafblindness Resource Hub","robots":{"index":"index","follow":"follow","max-snippet":"max-snippet:-1","max-image-preview":"max-image-preview:large","max-video-preview":"max-video-preview:-1"},"canonical":"https:\/\/deafblindness.info\/ro\/informatii-despre-tara\/nepal\/","og_locale":"ro_RO","og_type":"article","og_title":"Nepal - Global Deafblindness Resource Hub","og_description":"\u00cen Nepal, persoanele cu surdocecitate sunt considerate a fi unul dintre cele mai marginalizate \u0219i vulnerabile grupuri. Conform defini\u021biei \u0219i clasific\u0103rii anterioare a dizabilit\u0103\u021bilor de c\u0103tre guvernul Nepalului, surdocecitatea era considerat\u0103 doar un alt tip&hellip;","og_url":"https:\/\/deafblindness.info\/ro\/informatii-despre-tara\/nepal\/","og_site_name":"Global Deafblindness Resource Hub","article_modified_time":"2025-02-21T16:15:18+00:00","twitter_card":"summary_large_image","twitter_misc":{"Est. reading time":"2 minute"},"schema":{"@context":"https:\/\/schema.org","@graph":[{"@type":"WebPage","@id":"https:\/\/deafblindness.info\/ro\/informatii-despre-tara\/nepal\/","url":"https:\/\/deafblindness.info\/ro\/informatii-despre-tara\/nepal\/","name":"Nepal - Global Deafblindness Resource Hub","isPartOf":{"@id":"https:\/\/deafblindness.info\/ro\/#website"},"datePublished":"2025-02-20T11:41:14+00:00","dateModified":"2025-02-21T16:15:18+00:00","breadcrumb":{"@id":"https:\/\/deafblindness.info\/ro\/informatii-despre-tara\/nepal\/#breadcrumb"},"inLanguage":"ro-RO","potentialAction":[{"@type":"ReadAction","target":["https:\/\/deafblindness.info\/ro\/informatii-despre-tara\/nepal\/"]}]},{"@type":"BreadcrumbList","@id":"https:\/\/deafblindness.info\/ro\/informatii-despre-tara\/nepal\/#breadcrumb","itemListElement":[{"@type":"ListItem","position":1,"name":"Home","item":"https:\/\/deafblindness.info\/ro\/"},{"@type":"ListItem","position":2,"name":"Informa\u021bii despre \u021b\u0103ri","item":"https:\/\/deafblindness.info\/ro\/informatii-despre-tara\/"},{"@type":"ListItem","position":3,"name":"Nepal"}]},{"@type":"WebSite","@id":"https:\/\/deafblindness.info\/ro\/#website","url":"https:\/\/deafblindness.info\/ro\/","name":"Global Deafblindness Resource Hub","description":"Connecting people with deafblindness to the world around them","publisher":{"@id":"https:\/\/deafblindness.info\/ro\/#organization"},"potentialAction":[{"@type":"SearchAction","target":{"@type":"EntryPoint","urlTemplate":"https:\/\/deafblindness.info\/ro\/?s={search_term_string}"},"query-input":{"@type":"PropertyValueSpecification","valueRequired":true,"valueName":"search_term_string"}}],"inLanguage":"ro-RO"},{"@type":"Organization","@id":"https:\/\/deafblindness.info\/ro\/#organization","name":"Global Deafblindness Resource Hub","url":"https:\/\/deafblindness.info\/ro\/","logo":{"@type":"ImageObject","inLanguage":"ro-RO","@id":"https:\/\/deafblindness.info\/ro\/#\/schema\/logo\/image\/","url":"https:\/\/deafblindness.info\/wp-content\/uploads\/2024\/09\/logo-icon.svg","contentUrl":"https:\/\/deafblindness.info\/wp-content\/uploads\/2024\/09\/logo-icon.svg","width":50,"height":50,"caption":"Global Deafblindness Resource Hub"},"image":{"@id":"https:\/\/deafblindness.info\/ro\/#\/schema\/logo\/image\/"}}]}},"_links":{"self":[{"href":"https:\/\/deafblindness.info\/ro\/wp-json\/wp\/v2\/pages\/3199","targetHints":{"allow":["GET"]}}],"collection":[{"href":"https:\/\/deafblindness.info\/ro\/wp-json\/wp\/v2\/pages"}],"about":[{"href":"https:\/\/deafblindness.info\/ro\/wp-json\/wp\/v2\/types\/page"}],"author":[{"embeddable":true,"href":"https:\/\/deafblindness.info\/ro\/wp-json\/wp\/v2\/users\/12"}],"replies":[{"embeddable":true,"href":"https:\/\/deafblindness.info\/ro\/wp-json\/wp\/v2\/comments?post=3199"}],"version-history":[{"count":0,"href":"https:\/\/deafblindness.info\/ro\/wp-json\/wp\/v2\/pages\/3199\/revisions"}],"up":[{"embeddable":true,"href":"https:\/\/deafblindness.info\/ro\/wp-json\/wp\/v2\/pages\/2194"}],"wp:attachment":[{"href":"https:\/\/deafblindness.info\/ro\/wp-json\/wp\/v2\/media?parent=3199"}],"curies":[{"name":"wp","href":"https:\/\/api.w.org\/{rel}","templated":true}]}}