{"id":3203,"date":"2025-02-20T11:49:44","date_gmt":"2025-02-20T11:49:44","guid":{"rendered":"https:\/\/deafblindness.info\/?page_id=3203"},"modified":"2025-02-20T11:49:45","modified_gmt":"2025-02-20T11:49:45","slug":"tanzania","status":"publish","type":"page","link":"https:\/\/deafblindness.info\/ro\/informatii-despre-tara\/tanzania\/","title":{"rendered":"Tanzania"},"content":{"rendered":"\n<div class=\"wp-block-acf-box  box  box--padded  is-style-default  alignright\">\n\n  <div class=\"acf-innerblocks-container\">\n\n<p class=\"is-style-intro has-primary-color has-text-color has-link-color wp-elements-113f499fbaea9b6cef74e5c9e5e47403\">\u00cen Tanzania, se estimeaz\u0103 c\u0103 1,16 milioane de persoane tr\u0103iesc cu o form\u0103 u\u0219oar\u0103 de surdocecitate, iar peste 115.000 de oameni tr\u0103iesc cu o form\u0103 sever\u0103 de surdocecitate.<\/p>\n\n\n\n<p class=\"has-x-small-font-size\">*World Federation of the Deafblind (Federa\u021bia Mondial\u0103 a Persoanelor cu Surdocecitate \u2013 WFDB), 2018 <em>\u00cen pericol de excludere de la punerea \u00een aplicare a Conven\u021biei privind Drepturile Persoanelor cu Dizabilit\u0103\u021bi (CDPD) \u0219i a Obiectivelor de Dezvoltare Durabil\u0103 (ODD): Inegalitatea \u0219i persoanele cu surdocecitate.<\/em><\/p>\n\n<\/div>\n\n<\/div>\n\n\n<p>Persoanele cu dizabilit\u0103\u021bi se num\u0103r\u0103 printre cele mai s\u0103race \u0219i marginalizate grupuri din Tanzania. Surdocecitatea nu este \u00eenc\u0103 recunoscut\u0103 ca fiind o dizabilitate distinct\u0103 \u0219i, prin urmare, accesul la servicii \u0219i sprijin pentru nevoile lor specifice este mai greu.<\/p>\n\n\n\n<p>\u00cen schimb, Legea din 2010 privind persoanele cu dizabilit\u0103\u021bi prevede acordarea de asisten\u021b\u0103 medical\u0103, sprijin social, accesibilitate, reabilitare, educa\u021bie \u0219i formare profesional\u0103, comunicare, protec\u021bia muncii \u0219i promovarea drepturilor fundamentale ale persoanelor cu dizabilit\u0103\u021bi, precum \u0219i alte aspecte ce \u021bin de drepturile lor.<\/p>\n\n\n\n<p>Persoanele cu surdocecitate, indiferent de originea deficien\u021bei lor, \u00eent\u00e2mpin\u0103 dificult\u0103\u021bi \u00een ceea ce prive\u0219te accesul la informa\u021bii relevante, la \u0219tiri, comunicare, sporturi, \u00een activitatea lor de zi cu zi \u0219i \u00een interac\u021biunile sociale. De\u0219i aceste experien\u021be sunt diferite la persoanele cu afec\u021biuni congenitale, de exemplu, fa\u021b\u0103 de persoanele cu afec\u021biuni dob\u00e2ndite, acestea se confrunt\u0103, \u00een general, cu provoc\u0103ri similare \u00een ceea ce prive\u0219te accesul la sprijinul individual de care au nevoie.<\/p>\n\n\n\n<p>Accesul la tehnologie poate reprezenta o schimbare radical\u0103 pentru persoanele cu surdocecitate, oferind noi modalit\u0103\u021bi de ajungere la informa\u021bii, de comunicare cu ceilal\u021bi \u0219i de participare la via\u021ba de zi cu zi. Aceste resurse le vor permite persoanelor cu surdocecitate, precum \u0219i celor care le sprijin\u0103, s\u0103 tr\u0103iasc\u0103, s\u0103 \u00eenve\u021be \u0219i s\u0103 se dezvolte la maximul lor poten\u021bial.<\/p>\n\n\n\n<div class=\"wp-block-buttons is-layout-flex wp-block-buttons-is-layout-flex\">\n<div class=\"wp-block-button\"><a class=\"wp-block-button__link wp-element-button\" href=\"https:\/\/deafblindness.info\/sw\/rasilimali\/\">Vezi resursele din Tanzania<\/a><\/div>\n<\/div>\n\n\n\n<p><\/p>\n","protected":false},"excerpt":{"rendered":"<p>Persoanele cu dizabilit\u0103\u021bi se num\u0103r\u0103 printre cele mai s\u0103race \u0219i marginalizate grupuri din Tanzania. Surdocecitatea nu este \u00eenc\u0103 recunoscut\u0103 ca fiind o dizabilitate distinct\u0103 \u0219i, prin urmare, accesul la servicii \u0219i sprijin pentru nevoile lor&hellip;<\/p>\n","protected":false},"author":12,"featured_media":0,"parent":2194,"menu_order":0,"comment_status":"closed","ping_status":"closed","template":"","meta":{"_acf_changed":false,"footnotes":""},"class_list":["post-3203","page","type-page","status-publish","hentry"],"acf":[],"yoast_head":"<!-- This site is optimized with the Yoast SEO plugin v26.9 - https:\/\/yoast.com\/product\/yoast-seo-wordpress\/ -->\n<title>Tanzania - Global Deafblindness Resource Hub<\/title>\n<meta name=\"robots\" content=\"index, follow, max-snippet:-1, max-image-preview:large, max-video-preview:-1\" \/>\n<link rel=\"canonical\" href=\"https:\/\/deafblindness.info\/ro\/informatii-despre-tara\/tanzania\/\" \/>\n<meta property=\"og:locale\" content=\"ro_RO\" \/>\n<meta property=\"og:type\" content=\"article\" \/>\n<meta property=\"og:title\" content=\"Tanzania - Global Deafblindness Resource Hub\" \/>\n<meta property=\"og:description\" content=\"Persoanele cu dizabilit\u0103\u021bi se num\u0103r\u0103 printre cele mai s\u0103race \u0219i marginalizate grupuri din Tanzania. Surdocecitatea nu este \u00eenc\u0103 recunoscut\u0103 ca fiind o dizabilitate distinct\u0103 \u0219i, prin urmare, accesul la servicii \u0219i sprijin pentru nevoile lor&hellip;\" \/>\n<meta property=\"og:url\" content=\"https:\/\/deafblindness.info\/ro\/informatii-despre-tara\/tanzania\/\" \/>\n<meta property=\"og:site_name\" content=\"Global Deafblindness Resource Hub\" \/>\n<meta property=\"article:modified_time\" content=\"2025-02-20T11:49:45+00:00\" \/>\n<meta name=\"twitter:card\" content=\"summary_large_image\" \/>\n<meta name=\"twitter:label1\" content=\"Est. reading time\" \/>\n\t<meta name=\"twitter:data1\" content=\"2 minute\" \/>\n<script type=\"application\/ld+json\" class=\"yoast-schema-graph\">{\"@context\":\"https:\/\/schema.org\",\"@graph\":[{\"@type\":\"WebPage\",\"@id\":\"https:\/\/deafblindness.info\/ro\/informatii-despre-tara\/tanzania\/\",\"url\":\"https:\/\/deafblindness.info\/ro\/informatii-despre-tara\/tanzania\/\",\"name\":\"Tanzania - Global Deafblindness Resource Hub\",\"isPartOf\":{\"@id\":\"https:\/\/deafblindness.info\/ro\/#website\"},\"datePublished\":\"2025-02-20T11:49:44+00:00\",\"dateModified\":\"2025-02-20T11:49:45+00:00\",\"breadcrumb\":{\"@id\":\"https:\/\/deafblindness.info\/ro\/informatii-despre-tara\/tanzania\/#breadcrumb\"},\"inLanguage\":\"ro-RO\",\"potentialAction\":[{\"@type\":\"ReadAction\",\"target\":[\"https:\/\/deafblindness.info\/ro\/informatii-despre-tara\/tanzania\/\"]}]},{\"@type\":\"BreadcrumbList\",\"@id\":\"https:\/\/deafblindness.info\/ro\/informatii-despre-tara\/tanzania\/#breadcrumb\",\"itemListElement\":[{\"@type\":\"ListItem\",\"position\":1,\"name\":\"Home\",\"item\":\"https:\/\/deafblindness.info\/ro\/\"},{\"@type\":\"ListItem\",\"position\":2,\"name\":\"Informa\u021bii despre \u021b\u0103ri\",\"item\":\"https:\/\/deafblindness.info\/ro\/informatii-despre-tara\/\"},{\"@type\":\"ListItem\",\"position\":3,\"name\":\"Tanzania\"}]},{\"@type\":\"WebSite\",\"@id\":\"https:\/\/deafblindness.info\/ro\/#website\",\"url\":\"https:\/\/deafblindness.info\/ro\/\",\"name\":\"Global Deafblindness Resource Hub\",\"description\":\"Connecting people with deafblindness to the world around them\",\"publisher\":{\"@id\":\"https:\/\/deafblindness.info\/ro\/#organization\"},\"potentialAction\":[{\"@type\":\"SearchAction\",\"target\":{\"@type\":\"EntryPoint\",\"urlTemplate\":\"https:\/\/deafblindness.info\/ro\/?s={search_term_string}\"},\"query-input\":{\"@type\":\"PropertyValueSpecification\",\"valueRequired\":true,\"valueName\":\"search_term_string\"}}],\"inLanguage\":\"ro-RO\"},{\"@type\":\"Organization\",\"@id\":\"https:\/\/deafblindness.info\/ro\/#organization\",\"name\":\"Global Deafblindness Resource Hub\",\"url\":\"https:\/\/deafblindness.info\/ro\/\",\"logo\":{\"@type\":\"ImageObject\",\"inLanguage\":\"ro-RO\",\"@id\":\"https:\/\/deafblindness.info\/ro\/#\/schema\/logo\/image\/\",\"url\":\"https:\/\/deafblindness.info\/wp-content\/uploads\/2024\/09\/logo-icon.svg\",\"contentUrl\":\"https:\/\/deafblindness.info\/wp-content\/uploads\/2024\/09\/logo-icon.svg\",\"width\":50,\"height\":50,\"caption\":\"Global Deafblindness Resource Hub\"},\"image\":{\"@id\":\"https:\/\/deafblindness.info\/ro\/#\/schema\/logo\/image\/\"}}]}<\/script>\n<!-- \/ Yoast SEO plugin. -->","yoast_head_json":{"title":"Tanzania - Global Deafblindness Resource Hub","robots":{"index":"index","follow":"follow","max-snippet":"max-snippet:-1","max-image-preview":"max-image-preview:large","max-video-preview":"max-video-preview:-1"},"canonical":"https:\/\/deafblindness.info\/ro\/informatii-despre-tara\/tanzania\/","og_locale":"ro_RO","og_type":"article","og_title":"Tanzania - Global Deafblindness Resource Hub","og_description":"Persoanele cu dizabilit\u0103\u021bi se num\u0103r\u0103 printre cele mai s\u0103race \u0219i marginalizate grupuri din Tanzania. Surdocecitatea nu este \u00eenc\u0103 recunoscut\u0103 ca fiind o dizabilitate distinct\u0103 \u0219i, prin urmare, accesul la servicii \u0219i sprijin pentru nevoile lor&hellip;","og_url":"https:\/\/deafblindness.info\/ro\/informatii-despre-tara\/tanzania\/","og_site_name":"Global Deafblindness Resource Hub","article_modified_time":"2025-02-20T11:49:45+00:00","twitter_card":"summary_large_image","twitter_misc":{"Est. reading time":"2 minute"},"schema":{"@context":"https:\/\/schema.org","@graph":[{"@type":"WebPage","@id":"https:\/\/deafblindness.info\/ro\/informatii-despre-tara\/tanzania\/","url":"https:\/\/deafblindness.info\/ro\/informatii-despre-tara\/tanzania\/","name":"Tanzania - Global Deafblindness Resource Hub","isPartOf":{"@id":"https:\/\/deafblindness.info\/ro\/#website"},"datePublished":"2025-02-20T11:49:44+00:00","dateModified":"2025-02-20T11:49:45+00:00","breadcrumb":{"@id":"https:\/\/deafblindness.info\/ro\/informatii-despre-tara\/tanzania\/#breadcrumb"},"inLanguage":"ro-RO","potentialAction":[{"@type":"ReadAction","target":["https:\/\/deafblindness.info\/ro\/informatii-despre-tara\/tanzania\/"]}]},{"@type":"BreadcrumbList","@id":"https:\/\/deafblindness.info\/ro\/informatii-despre-tara\/tanzania\/#breadcrumb","itemListElement":[{"@type":"ListItem","position":1,"name":"Home","item":"https:\/\/deafblindness.info\/ro\/"},{"@type":"ListItem","position":2,"name":"Informa\u021bii despre \u021b\u0103ri","item":"https:\/\/deafblindness.info\/ro\/informatii-despre-tara\/"},{"@type":"ListItem","position":3,"name":"Tanzania"}]},{"@type":"WebSite","@id":"https:\/\/deafblindness.info\/ro\/#website","url":"https:\/\/deafblindness.info\/ro\/","name":"Global Deafblindness Resource Hub","description":"Connecting people with deafblindness to the world around them","publisher":{"@id":"https:\/\/deafblindness.info\/ro\/#organization"},"potentialAction":[{"@type":"SearchAction","target":{"@type":"EntryPoint","urlTemplate":"https:\/\/deafblindness.info\/ro\/?s={search_term_string}"},"query-input":{"@type":"PropertyValueSpecification","valueRequired":true,"valueName":"search_term_string"}}],"inLanguage":"ro-RO"},{"@type":"Organization","@id":"https:\/\/deafblindness.info\/ro\/#organization","name":"Global Deafblindness Resource Hub","url":"https:\/\/deafblindness.info\/ro\/","logo":{"@type":"ImageObject","inLanguage":"ro-RO","@id":"https:\/\/deafblindness.info\/ro\/#\/schema\/logo\/image\/","url":"https:\/\/deafblindness.info\/wp-content\/uploads\/2024\/09\/logo-icon.svg","contentUrl":"https:\/\/deafblindness.info\/wp-content\/uploads\/2024\/09\/logo-icon.svg","width":50,"height":50,"caption":"Global Deafblindness Resource Hub"},"image":{"@id":"https:\/\/deafblindness.info\/ro\/#\/schema\/logo\/image\/"}}]}},"_links":{"self":[{"href":"https:\/\/deafblindness.info\/ro\/wp-json\/wp\/v2\/pages\/3203","targetHints":{"allow":["GET"]}}],"collection":[{"href":"https:\/\/deafblindness.info\/ro\/wp-json\/wp\/v2\/pages"}],"about":[{"href":"https:\/\/deafblindness.info\/ro\/wp-json\/wp\/v2\/types\/page"}],"author":[{"embeddable":true,"href":"https:\/\/deafblindness.info\/ro\/wp-json\/wp\/v2\/users\/12"}],"replies":[{"embeddable":true,"href":"https:\/\/deafblindness.info\/ro\/wp-json\/wp\/v2\/comments?post=3203"}],"version-history":[{"count":0,"href":"https:\/\/deafblindness.info\/ro\/wp-json\/wp\/v2\/pages\/3203\/revisions"}],"up":[{"embeddable":true,"href":"https:\/\/deafblindness.info\/ro\/wp-json\/wp\/v2\/pages\/2194"}],"wp:attachment":[{"href":"https:\/\/deafblindness.info\/ro\/wp-json\/wp\/v2\/media?parent=3203"}],"curies":[{"name":"wp","href":"https:\/\/api.w.org\/{rel}","templated":true}]}}