{"id":4266,"date":"2025-06-19T11:32:26","date_gmt":"2025-06-19T10:32:26","guid":{"rendered":"https:\/\/deafblindness.info\/?page_id=4266"},"modified":"2026-02-11T16:02:19","modified_gmt":"2026-02-11T16:02:19","slug":"suport-pentru-accesibilitate","status":"publish","type":"page","link":"https:\/\/deafblindness.info\/ro\/suport-pentru-accesibilitate\/","title":{"rendered":"Suport pentru accesibilitate"},"content":{"rendered":"\n<p>Ne angaj\u0103m s\u0103 respect\u0103m cele mai recente&nbsp; <a href=\"https:\/\/www.w3.org\/TR\/WCAG22\/\" target=\"_blank\" rel=\"noreferrer noopener\">linii directoare WCAG<\/a> \u00een cea mai mare m\u0103sur\u0103 posibil\u0103 \u0219i s\u0103 ne asigur\u0103m c\u0103 con\u021binutul nostru este accesibil indiferent dac\u0103 accesa\u021bi Centrul de Resurse pentru Surdocecitate prin vedere, atingere sau vorbire.<\/p>\n\n\n\n<p>Cu toate acestea, este, de asemenea, important s\u0103 re\u021bine\u021bi c\u0103 sistemul de operare al computerului \u0219i browserul de internet au, de asemenea, func\u021bii de accesibilitate \u00eencorporate pe care le pute\u021bi utiliza. Prin modificarea set\u0103rilor de pe dispozitiv, \u00eenseamn\u0103 c\u0103 preferin\u021bele tale sunt salvate, prin urmare orice site web pe care \u00eel vizitezi se va ajusta automat \u00een func\u021bie de set\u0103rile de accesibilitate salvate.<\/p>\n\n\n\n<div class=\"wp-block-buttons is-layout-flex wp-block-buttons-is-layout-flex\">\n<div class=\"wp-block-button\"><a class=\"wp-block-button__link wp-element-button\" href=\"https:\/\/deafblindness.info\/ro\/cum-sa-accesati-rapid-un-site-web-de-pe-telefonul-dumneavoastra\/\"><strong>G\u0103si\u021bi cu u\u0219urin\u021b\u0103 Hub-ul pe telefon<\/strong><\/a><\/div>\n<\/div>\n\n\n\n<p>Exemple comune de ajust\u0103ri includ modificarea set\u0103rilor pentru a ajuta la lucruri precum contrastul culorilor \u0219i cre\u0219terea dimensiunii textului. Iat\u0103 c\u00e2teva \u00eendrum\u0103ri despre cum s\u0103 face\u021bi acest lucru. V\u0103 rug\u0103m s\u0103 re\u021bine\u021bi c\u0103 aceste instruc\u021biuni pot varia \u00een func\u021bie de dispozitivul \u0219i de versiunea de software pe care o utiliza\u021bi.<\/p>\n\n\n\n<h2 class=\"wp-block-heading\">Cum s\u0103 m\u0103ri\u021bi textul<\/h2>\n\n\n\n<ul class=\"wp-block-list\">\n<li><strong>Pe un computer<\/strong>:<\/li>\n<\/ul>\n\n\n\n<ul class=\"wp-block-list\">\n<li>Ap\u0103sa\u021bi <strong>Ctrl + Plus (+)<\/strong> pentru a m\u0103ri textul.<\/li>\n\n\n\n<li>Ap\u0103sa\u021bi <strong>Ctrl + Minus (-)<\/strong> pentru a mic\u0219ora textul.<\/li>\n\n\n\n<li>Ap\u0103sa\u021bi <strong>Ctrl + 0<\/strong> pentru a reseta dimensiunea.<\/li>\n\n\n\n<li>Pe un Mac, utiliza\u021bi <strong>Cmd<\/strong> \u00een loc de Ctrl.<\/li>\n\n\n\n<li>Sau accesa\u021bi <strong>Set\u0103rile<\/strong> browserului \u0219i&nbsp; c\u0103uta\u021bi &#8222;Zoom&#8221; sau &#8222;Dimensiunea fontului&#8221;.<\/li>\n\n\n\n<li><strong>Pe Mac:<\/strong><\/li>\n<\/ul>\n\n\n\n<p>Pe Mac, selecta\u021bi meniul Apple <span style=\"font-size: revert;\">&gt; Set\u0103ri de sistem, apoi ap\u0103sa\u021bi pe Accesibilitate \u00een bara lateral\u0103.<\/span><\/p>\n\n\n\n<ul class=\"wp-block-list\">\n<li>Ap\u0103sa\u021bi pe Afi\u0219are, derula\u021bi \u00een jos p\u00e2n\u0103 la Text, apoi ap\u0103sa\u021bi pe &#8222;Dimensiune text&#8221;.<\/li>\n\n\n\n<li>Trage\u021bi glisorul spre dreapta pentru a m\u0103ri dimensiunea textului pe desktop, \u00een barele laterale ale aplica\u021biilor \u0219i \u00een aplica\u021biile listate (dac\u0103 sunt setate la Utiliza\u021bi dimensiunea de citire preferat\u0103).<\/li>\n\n\n\n<li><strong>Pe un iPhone (Safari)<\/strong>: Accesa\u021bi <strong>Set\u0103ri<\/strong> &gt; <strong>Aplica\u021bii<\/strong> &gt; <strong>Safari<\/strong> &gt; <strong>Zoom pagin\u0103<\/strong> \u0219i alege\u021bi o dimensiune.<\/li>\n\n\n\n<li><strong>Pe un dispozitiv Android (Chrome):<\/strong> Atinge\u021bi cele <strong>trei puncte<\/strong> (dreapta sus), accesa\u021bi <strong>Set\u0103ri<\/strong> &gt; <strong>Accesibilitate<\/strong>, apoi muta\u021bi glisorul <strong>Scalare text<\/strong>.<\/li>\n<\/ul>\n\n\n\n<p>Urm\u0103ri\u021bi alte moduri de a v\u0103 personaliza Android-ul <a href=\"https:\/\/www.youtube.com\/watch?v=uG1v_7KA37E&amp;list=PL590L5WQmH8dvW6kLjd5jRDN0IiCJHLZZ&amp;index=81\" target=\"_blank\" rel=\"noreferrer noopener\">Prezentare general\u0103 a accesibilit\u0103\u021bii \u00een Android<\/a><\/p>\n\n\n\n<h2 class=\"wp-block-heading\">Cum s\u0103 schimba\u021bi culorile pentru un contrast mai bun<\/h2>\n\n\n\n<p><strong>Ferestre<\/strong>:<br>Utiliza\u021bi instrumente gratuite precum <strong>Dark Reader<\/strong> sau <strong>Midnight Lizard<\/strong>.<br>Accesa\u021bi <strong>Set\u0103ri&gt;Accesibilitate&gt;Teme de contrast<\/strong> pentru a schimba culorile.<br>Ap\u0103sa\u021bi <strong>Alt + Shift st\u00e2nga + PrintScreen<\/strong> pentru a activa\/dezactiva contrastul ridicat.<br><br><strong>Mac (Safari)<\/strong>:<br>\u00cencerca\u021bi <strong>modul \u00eentunecat Nightshift<\/strong> (gratuit).<br>Ap\u0103sa\u021bi <strong>Cmd + Alt + Ctrl + 8<\/strong> pentru a schimba culorile.<br><br><strong>iPhone<\/strong>:<br>Accesa\u021bi <strong>Set\u0103ri &gt; accesibilitate &gt; Dimensiune afi\u0219aj \u0219i text<\/strong>.<br>Activa\u021bi <strong>Cre\u0219te\u021bi<\/strong> contrastul sau <strong>Inversare inteligent\u0103<\/strong>.<br>Pentru a face modific\u0103rile mai rapid, accesa\u021bi <strong>Scurt\u0103tura accesibilitate<\/strong> \u0219i configura\u021bi accesul rapid.~<br><br><strong>Chromebook (browser Chrome):<\/strong> ap\u0103sa\u021bi <strong>Ctrl + C\u0103utare + H<\/strong> pentru a schimba culorile.<br><strong>Android<\/strong> (op\u021biunile depind de dispozitiv):<br><br><strong>Samsung<\/strong>: Accesa\u021bi <strong>Set\u0103ri &gt; Accesibilitate &gt; \u00cembun\u0103t\u0103\u021biri de vizibilitate &gt; Inversare culoare sau Set\u0103ri &gt; Tem\u0103&gt;Selecta\u021bi tema<\/strong><br><strong>Google Pixel<\/strong>: Accesa\u021bi <strong>Set\u0103ri &gt; Accesibilitate &gt; Culoare \u0219i mi\u0219care &gt; Inversare culoare<\/strong>.<br><strong>Tableta Fire<\/strong>: Accesa\u021bi <strong>Set\u0103ri &gt; accesibilitate &gt; inversarea culorilor<\/strong>.<br><br><strong>Chromebook (browser Chrome):<\/strong> ap\u0103sa\u021bi <strong>Ctrl + C\u0103utare + H<\/strong> pentru a schimba culorile.<br><br>Exist\u0103 o mul\u021bime de alte modalit\u0103\u021bi de a \u00eembun\u0103t\u0103\u021bi accesibilitatea prin browser, sistem de operare \u0219i computer, smartphone sau tablet\u0103. Arunca\u021bi o privire la pagina noastr\u0103 de informa\u021bii despre <a href=\"https:\/\/deafblindness.info\/resource\/mobile-apps\/\" target=\"_blank\" rel=\"noreferrer noopener\"><strong>aplica\u021biile mobile<\/strong><\/a><strong> <\/strong>care v\u0103 pot ajuta s\u0103 v\u0103 \u00eembun\u0103t\u0103\u021bi\u021bi \u00een continuare experien\u021ba online.<\/p>\n\n\n\n<h2 class=\"wp-block-heading\">Alte caracteristici de accesibilitate<\/h2>\n\n\n\n<h3 class=\"wp-block-heading\">Android \u0219i Chromebook<\/h3>\n\n\n\n<p><a href=\"https:\/\/support.google.com\/accessibility\/android\/answer\/9728765?sjid=5605212918941831912-EU\" target=\"_blank\" rel=\"noreferrer noopener\">Afi\u0219aj Braille<\/a><\/p>\n\n\n\n<p><a href=\"https:\/\/support.google.com\/accessibility\/android\/answer\/9350862?hl=en-GB\" target=\"_blank\" rel=\"noreferrer noopener\">Subtitrare live<\/a><\/p>\n\n\n\n<p><a href=\"https:\/\/support.google.com\/accessibility\/android\/answer\/9426888?hl=en-GB&amp;ref_topic=9078842\" target=\"_blank\" rel=\"noreferrer noopener\">Aparate auditive<\/a><\/p>\n\n\n\n<p><a href=\"https:\/\/support.google.com\/accessibility\/android\/answer\/6006564?hl=en\" target=\"_blank\" rel=\"noreferrer noopener\">Func\u021bii de accesibilitate Android<\/a>&nbsp;&nbsp;<\/p>\n\n\n\n<p><a href=\"https:\/\/support.google.com\/chromebook\/answer\/177893?hl=en-GB\" target=\"_blank\" rel=\"noreferrer noopener\">Func\u021bii de accesibilitate Chromebook<\/a><\/p>\n\n\n\n<p><a href=\"https:\/\/www.youtube.com\/watch?v=9s9PrpxOrb4&amp;list=PL590L5WQmH8dvW6kLjd5jRDN0IiCJHLZZ&amp;index=1\" target=\"_blank\" rel=\"noreferrer noopener\">De asemenea, pute\u021bi viziona cele mai recente actualiz\u0103ri de accesibilitate de la Google pentru dispozitivul Android<\/a><\/p>\n\n\n\n<h3 class=\"wp-block-heading\">IOS &nbsp;&#8211; Apple<\/h3>\n\n\n\n<p><a href=\"https:\/\/support.apple.com\/en-gb\/guide\/iphone\/iph73b8c43\/ios\" target=\"_blank\" rel=\"noreferrer noopener\">Afi\u0219aj Braille<\/a><\/p>\n\n\n\n<p><a href=\"https:\/\/support.apple.com\/en-gb\/guide\/iphone\/iph32deb9296\/18.0\/ios\/18.0\" target=\"_blank\" rel=\"noreferrer noopener\">Descriere live<\/a><\/p>\n\n\n\n<p><a href=\"https:\/\/support.apple.com\/en-gb\/guide\/iphone\/iphb210be03a\/ios\" target=\"_blank\" rel=\"noreferrer noopener\">Func\u021bii de accesibilitate pentru auz <\/a>&nbsp;<\/p>\n\n\n\n<p><a href=\"https:\/\/support.apple.com\/en-gb\/guide\/iphone\/iph732dc028d\/18.0\/ios\/18.0\" target=\"_blank\" rel=\"noreferrer noopener\">Func\u021bii de accesibilitate pentru vedere<\/a><\/p>\n\n\n\n<p><a href=\"https:\/\/support.apple.com\/en-gb\/guide\/iphone\/iph8b6c223ac\/ios\" target=\"_blank\" rel=\"noreferrer noopener\">Func\u021bii de accesibilitate pentru vorbire<\/a><\/p>\n\n\n\n<p><a href=\"https:\/\/support.apple.com\/en-gb\/guide\/iphone\/iph76d37ce7d\/ios\" target=\"_blank\" rel=\"noreferrer noopener\">Func\u021bii de accesibilitate pentru mobilitate<\/a><\/p>\n\n\n\n<h2 class=\"wp-block-heading\">Func\u021bii de accesibilitate ale browserului<\/h2>\n\n\n\n<p>Multe browsere au instrumente suplimentare pentru a ajuta. Face\u021bi clic pe linkurile unora dintre cele populare pentru a afla despre caracteristicile lor de accesibilitate:<\/p>\n\n\n\n<ul class=\"wp-block-list\">\n<li><a href=\"https:\/\/www.google.com\/accessibility\/products-features\/#:~:text=Chrome%20browser\" target=\"_blank\" rel=\"noreferrer noopener\"><strong>Google Chrome<\/strong><\/a><strong>&nbsp;<\/strong><\/li>\n\n\n\n<li><a href=\"https:\/\/support.apple.com\/en-gb\/guide\/safari\/ibrw1075\/14.0\/mac\/11.0\" target=\"_blank\" rel=\"noreferrer noopener\"><strong>Safari<\/strong><\/a><strong>&nbsp;<\/strong><\/li>\n\n\n\n<li><a href=\"https:\/\/support.microsoft.com\/en-us\/microsoft-edge\/accessibility-features-in-microsoft-edge-4c696192-338e-9465-b2cd-bd9b698ad19a\" target=\"_blank\" rel=\"noreferrer noopener\"><strong>Microsoft Edge<\/strong><\/a><strong>&nbsp;<\/strong><\/li>\n\n\n\n<li><a href=\"https:\/\/support.mozilla.org\/en-US\/kb\/accessibility-features-firefox-make-firefox-and-we?esab=a&amp;s=accessibility&amp;r=0&amp;as=s\" target=\"_blank\" rel=\"noreferrer noopener\"><strong>Firefox<\/strong><\/a><strong>&nbsp;<\/strong><\/li>\n<\/ul>\n\n\n\n<p><a href=\"https:\/\/deafblindness.info\/ro\/declaratie-privind-accesibilitatea-pe-internet\/\">Citi\u021bi declara\u021bia noastr\u0103 de accesibilitate aici<\/a><\/p>\n","protected":false},"excerpt":{"rendered":"<p>Ne angaj\u0103m s\u0103 respect\u0103m cele mai recente&nbsp; linii directoare WCAG \u00een cea mai mare m\u0103sur\u0103 posibil\u0103 \u0219i s\u0103 ne asigur\u0103m c\u0103 con\u021binutul nostru este accesibil indiferent dac\u0103 accesa\u021bi Centrul de Resurse pentru Surdocecitate prin vedere,&hellip;<\/p>\n","protected":false},"author":12,"featured_media":0,"parent":0,"menu_order":0,"comment_status":"closed","ping_status":"closed","template":"","meta":{"_acf_changed":false,"footnotes":""},"class_list":["post-4266","page","type-page","status-publish","hentry"],"acf":[],"yoast_head":"<!-- This site is optimized with the Yoast SEO plugin v26.9 - https:\/\/yoast.com\/product\/yoast-seo-wordpress\/ -->\n<title>Suport pentru accesibilitate - Global Deafblindness Resource Hub<\/title>\n<meta name=\"robots\" content=\"index, follow, max-snippet:-1, max-image-preview:large, max-video-preview:-1\" \/>\n<link rel=\"canonical\" href=\"https:\/\/deafblindness.info\/ro\/suport-pentru-accesibilitate\/\" \/>\n<meta property=\"og:locale\" content=\"ro_RO\" \/>\n<meta property=\"og:type\" content=\"article\" \/>\n<meta property=\"og:title\" content=\"Suport pentru accesibilitate - Global Deafblindness Resource Hub\" \/>\n<meta property=\"og:description\" content=\"Ne angaj\u0103m s\u0103 respect\u0103m cele mai recente&nbsp; linii directoare WCAG \u00een cea mai mare m\u0103sur\u0103 posibil\u0103 \u0219i s\u0103 ne asigur\u0103m c\u0103 con\u021binutul nostru este accesibil indiferent dac\u0103 accesa\u021bi Centrul de Resurse pentru Surdocecitate prin vedere,&hellip;\" \/>\n<meta property=\"og:url\" content=\"https:\/\/deafblindness.info\/ro\/suport-pentru-accesibilitate\/\" \/>\n<meta property=\"og:site_name\" content=\"Global Deafblindness Resource Hub\" \/>\n<meta property=\"article:modified_time\" content=\"2026-02-11T16:02:19+00:00\" \/>\n<meta name=\"twitter:card\" content=\"summary_large_image\" \/>\n<meta name=\"twitter:label1\" content=\"Est. reading time\" \/>\n\t<meta name=\"twitter:data1\" content=\"3 minute\" \/>\n<script type=\"application\/ld+json\" class=\"yoast-schema-graph\">{\"@context\":\"https:\/\/schema.org\",\"@graph\":[{\"@type\":\"WebPage\",\"@id\":\"https:\/\/deafblindness.info\/ro\/suport-pentru-accesibilitate\/\",\"url\":\"https:\/\/deafblindness.info\/ro\/suport-pentru-accesibilitate\/\",\"name\":\"Suport pentru accesibilitate - Global Deafblindness Resource Hub\",\"isPartOf\":{\"@id\":\"https:\/\/deafblindness.info\/ro\/#website\"},\"datePublished\":\"2025-06-19T10:32:26+00:00\",\"dateModified\":\"2026-02-11T16:02:19+00:00\",\"breadcrumb\":{\"@id\":\"https:\/\/deafblindness.info\/ro\/suport-pentru-accesibilitate\/#breadcrumb\"},\"inLanguage\":\"ro-RO\",\"potentialAction\":[{\"@type\":\"ReadAction\",\"target\":[\"https:\/\/deafblindness.info\/ro\/suport-pentru-accesibilitate\/\"]}]},{\"@type\":\"BreadcrumbList\",\"@id\":\"https:\/\/deafblindness.info\/ro\/suport-pentru-accesibilitate\/#breadcrumb\",\"itemListElement\":[{\"@type\":\"ListItem\",\"position\":1,\"name\":\"Home\",\"item\":\"https:\/\/deafblindness.info\/ro\/\"},{\"@type\":\"ListItem\",\"position\":2,\"name\":\"Suport pentru accesibilitate\"}]},{\"@type\":\"WebSite\",\"@id\":\"https:\/\/deafblindness.info\/ro\/#website\",\"url\":\"https:\/\/deafblindness.info\/ro\/\",\"name\":\"Global Deafblindness Resource Hub\",\"description\":\"Connecting people with deafblindness to the world around them\",\"publisher\":{\"@id\":\"https:\/\/deafblindness.info\/ro\/#organization\"},\"potentialAction\":[{\"@type\":\"SearchAction\",\"target\":{\"@type\":\"EntryPoint\",\"urlTemplate\":\"https:\/\/deafblindness.info\/ro\/?s={search_term_string}\"},\"query-input\":{\"@type\":\"PropertyValueSpecification\",\"valueRequired\":true,\"valueName\":\"search_term_string\"}}],\"inLanguage\":\"ro-RO\"},{\"@type\":\"Organization\",\"@id\":\"https:\/\/deafblindness.info\/ro\/#organization\",\"name\":\"Global Deafblindness Resource Hub\",\"url\":\"https:\/\/deafblindness.info\/ro\/\",\"logo\":{\"@type\":\"ImageObject\",\"inLanguage\":\"ro-RO\",\"@id\":\"https:\/\/deafblindness.info\/ro\/#\/schema\/logo\/image\/\",\"url\":\"https:\/\/deafblindness.info\/wp-content\/uploads\/2024\/09\/logo-icon.svg\",\"contentUrl\":\"https:\/\/deafblindness.info\/wp-content\/uploads\/2024\/09\/logo-icon.svg\",\"width\":50,\"height\":50,\"caption\":\"Global Deafblindness Resource Hub\"},\"image\":{\"@id\":\"https:\/\/deafblindness.info\/ro\/#\/schema\/logo\/image\/\"}}]}<\/script>\n<!-- \/ Yoast SEO plugin. -->","yoast_head_json":{"title":"Suport pentru accesibilitate - Global Deafblindness Resource Hub","robots":{"index":"index","follow":"follow","max-snippet":"max-snippet:-1","max-image-preview":"max-image-preview:large","max-video-preview":"max-video-preview:-1"},"canonical":"https:\/\/deafblindness.info\/ro\/suport-pentru-accesibilitate\/","og_locale":"ro_RO","og_type":"article","og_title":"Suport pentru accesibilitate - Global Deafblindness Resource Hub","og_description":"Ne angaj\u0103m s\u0103 respect\u0103m cele mai recente&nbsp; linii directoare WCAG \u00een cea mai mare m\u0103sur\u0103 posibil\u0103 \u0219i s\u0103 ne asigur\u0103m c\u0103 con\u021binutul nostru este accesibil indiferent dac\u0103 accesa\u021bi Centrul de Resurse pentru Surdocecitate prin vedere,&hellip;","og_url":"https:\/\/deafblindness.info\/ro\/suport-pentru-accesibilitate\/","og_site_name":"Global Deafblindness Resource Hub","article_modified_time":"2026-02-11T16:02:19+00:00","twitter_card":"summary_large_image","twitter_misc":{"Est. reading time":"3 minute"},"schema":{"@context":"https:\/\/schema.org","@graph":[{"@type":"WebPage","@id":"https:\/\/deafblindness.info\/ro\/suport-pentru-accesibilitate\/","url":"https:\/\/deafblindness.info\/ro\/suport-pentru-accesibilitate\/","name":"Suport pentru accesibilitate - Global Deafblindness Resource Hub","isPartOf":{"@id":"https:\/\/deafblindness.info\/ro\/#website"},"datePublished":"2025-06-19T10:32:26+00:00","dateModified":"2026-02-11T16:02:19+00:00","breadcrumb":{"@id":"https:\/\/deafblindness.info\/ro\/suport-pentru-accesibilitate\/#breadcrumb"},"inLanguage":"ro-RO","potentialAction":[{"@type":"ReadAction","target":["https:\/\/deafblindness.info\/ro\/suport-pentru-accesibilitate\/"]}]},{"@type":"BreadcrumbList","@id":"https:\/\/deafblindness.info\/ro\/suport-pentru-accesibilitate\/#breadcrumb","itemListElement":[{"@type":"ListItem","position":1,"name":"Home","item":"https:\/\/deafblindness.info\/ro\/"},{"@type":"ListItem","position":2,"name":"Suport pentru accesibilitate"}]},{"@type":"WebSite","@id":"https:\/\/deafblindness.info\/ro\/#website","url":"https:\/\/deafblindness.info\/ro\/","name":"Global Deafblindness Resource Hub","description":"Connecting people with deafblindness to the world around them","publisher":{"@id":"https:\/\/deafblindness.info\/ro\/#organization"},"potentialAction":[{"@type":"SearchAction","target":{"@type":"EntryPoint","urlTemplate":"https:\/\/deafblindness.info\/ro\/?s={search_term_string}"},"query-input":{"@type":"PropertyValueSpecification","valueRequired":true,"valueName":"search_term_string"}}],"inLanguage":"ro-RO"},{"@type":"Organization","@id":"https:\/\/deafblindness.info\/ro\/#organization","name":"Global Deafblindness Resource Hub","url":"https:\/\/deafblindness.info\/ro\/","logo":{"@type":"ImageObject","inLanguage":"ro-RO","@id":"https:\/\/deafblindness.info\/ro\/#\/schema\/logo\/image\/","url":"https:\/\/deafblindness.info\/wp-content\/uploads\/2024\/09\/logo-icon.svg","contentUrl":"https:\/\/deafblindness.info\/wp-content\/uploads\/2024\/09\/logo-icon.svg","width":50,"height":50,"caption":"Global Deafblindness Resource Hub"},"image":{"@id":"https:\/\/deafblindness.info\/ro\/#\/schema\/logo\/image\/"}}]}},"_links":{"self":[{"href":"https:\/\/deafblindness.info\/ro\/wp-json\/wp\/v2\/pages\/4266","targetHints":{"allow":["GET"]}}],"collection":[{"href":"https:\/\/deafblindness.info\/ro\/wp-json\/wp\/v2\/pages"}],"about":[{"href":"https:\/\/deafblindness.info\/ro\/wp-json\/wp\/v2\/types\/page"}],"author":[{"embeddable":true,"href":"https:\/\/deafblindness.info\/ro\/wp-json\/wp\/v2\/users\/12"}],"replies":[{"embeddable":true,"href":"https:\/\/deafblindness.info\/ro\/wp-json\/wp\/v2\/comments?post=4266"}],"version-history":[{"count":0,"href":"https:\/\/deafblindness.info\/ro\/wp-json\/wp\/v2\/pages\/4266\/revisions"}],"wp:attachment":[{"href":"https:\/\/deafblindness.info\/ro\/wp-json\/wp\/v2\/media?parent=4266"}],"curies":[{"name":"wp","href":"https:\/\/api.w.org\/{rel}","templated":true}]}}