{"id":4810,"date":"2025-10-15T12:22:09","date_gmt":"2025-10-15T11:22:09","guid":{"rendered":"https:\/\/deafblindness.info\/?page_id=4810"},"modified":"2025-10-15T12:22:09","modified_gmt":"2025-10-15T11:22:09","slug":"impartaseste-ne-feedback-ul-tau","status":"publish","type":"page","link":"https:\/\/deafblindness.info\/ro\/impartaseste-ne-feedback-ul-tau\/","title":{"rendered":"\u00cemp\u0103rt\u0103\u0219e\u0219te-ne feedback-ul t\u0103u"},"content":{"rendered":"\n<p>Apreciem cu adev\u0103rat feedbackul dvs., care ne va ajuta s\u0103 \u00eembun\u0103t\u0103\u021bim Hub-ul pentru toat\u0103 lumea \u0219i s\u0103 ne ghideze urm\u0103torii pa\u0219i \u00een dezvoltarea \u0219i optimizarea experien\u021bei dvs.<\/p>\n\n\n<script type=\"text\/javascript\">\n\/* <![CDATA[ *\/\nvar gform;gform||(document.addEventListener(\"gform_main_scripts_loaded\",function(){gform.scriptsLoaded=!0}),document.addEventListener(\"gform\/theme\/scripts_loaded\",function(){gform.themeScriptsLoaded=!0}),window.addEventListener(\"DOMContentLoaded\",function(){gform.domLoaded=!0}),gform={domLoaded:!1,scriptsLoaded:!1,themeScriptsLoaded:!1,isFormEditor:()=>\"function\"==typeof InitializeEditor,callIfLoaded:function(o){return!(!gform.domLoaded||!gform.scriptsLoaded||!gform.themeScriptsLoaded&&!gform.isFormEditor()||(gform.isFormEditor()&&console.warn(\"The use of gform.initializeOnLoaded() is deprecated in the form editor context and will be removed in Gravity Forms 3.1.\"),o(),0))},initializeOnLoaded:function(o){gform.callIfLoaded(o)||(document.addEventListener(\"gform_main_scripts_loaded\",()=>{gform.scriptsLoaded=!0,gform.callIfLoaded(o)}),document.addEventListener(\"gform\/theme\/scripts_loaded\",()=>{gform.themeScriptsLoaded=!0,gform.callIfLoaded(o)}),window.addEventListener(\"DOMContentLoaded\",()=>{gform.domLoaded=!0,gform.callIfLoaded(o)}))},hooks:{action:{},filter:{}},addAction:function(o,r,e,t){gform.addHook(\"action\",o,r,e,t)},addFilter:function(o,r,e,t){gform.addHook(\"filter\",o,r,e,t)},doAction:function(o){gform.doHook(\"action\",o,arguments)},applyFilters:function(o){return gform.doHook(\"filter\",o,arguments)},removeAction:function(o,r){gform.removeHook(\"action\",o,r)},removeFilter:function(o,r,e){gform.removeHook(\"filter\",o,r,e)},addHook:function(o,r,e,t,n){null==gform.hooks[o][r]&&(gform.hooks[o][r]=[]);var d=gform.hooks[o][r];null==n&&(n=r+\"_\"+d.length),gform.hooks[o][r].push({tag:n,callable:e,priority:t=null==t?10:t})},doHook:function(r,o,e){var t;if(e=Array.prototype.slice.call(e,1),null!=gform.hooks[r][o]&&((o=gform.hooks[r][o]).sort(function(o,r){return o.priority-r.priority}),o.forEach(function(o){\"function\"!=typeof(t=o.callable)&&(t=window[t]),\"action\"==r?t.apply(null,e):e[0]=t.apply(null,e)})),\"filter\"==r)return e[0]},removeHook:function(o,r,t,n){var e;null!=gform.hooks[o][r]&&(e=(e=gform.hooks[o][r]).filter(function(o,r,e){return!!(null!=n&&n!=o.tag||null!=t&&t!=o.priority)}),gform.hooks[o][r]=e)}});\n\/* ]]> *\/\n<\/script>\n\n                <div class='gf_browser_gecko gform_wrapper gravity-theme gform-theme--no-framework' data-form-theme='gravity-theme' data-form-index='0' id='gform_wrapper_6' style='display:none'>\n                        <div class='gform_heading'>\n                            <h2 class=\"gform_title\">Formular de feedback<\/h2>\n                            <p class='gform_description'><\/p>\n                        <\/div><form method='post' enctype='multipart\/form-data'  id='gform_6'  action='\/ro\/wp-json\/wp\/v2\/pages\/4810' data-formid='6' novalidate>\n                        <div class='gform-body gform_body'><div id='gform_fields_6' class='gform_fields top_label form_sublabel_below description_below validation_below'><fieldset id=\"field_6_15\" class=\"gfield gfield--type-checkbox gfield--type-choice gfield--input-type-checkbox gfield--width-full field_sublabel_below gfield--no-description field_description_below field_validation_below gfield_visibility_visible\"  ><legend class='gfield_label gform-field-label gfield_label_before_complex' >Eu sunt<\/legend><div class='ginput_container ginput_container_checkbox'><div class='gfield_checkbox ' id='input_6_15'><div class='gchoice gchoice_6_15_1'>\n\t\t\t\t\t\t\t\t<input class='gfield-choice-input' name='input_15.1' type='checkbox'  value='P\u0103rinte\/\u00eengrijitor\/membru al familiei'  id='choice_6_15_1'   \/>\n\t\t\t\t\t\t\t\t<label for='choice_6_15_1' id='label_6_15_1' class='gform-field-label gform-field-label--type-inline'>P\u0103rinte\/\u00eengrijitor\/membru al familiei<\/label>\n\t\t\t\t\t\t\t<\/div><div class='gchoice gchoice_6_15_2'>\n\t\t\t\t\t\t\t\t<input class='gfield-choice-input' name='input_15.2' type='checkbox'  value='Persoanelor cu surdocecitate'  id='choice_6_15_2'   \/>\n\t\t\t\t\t\t\t\t<label for='choice_6_15_2' id='label_6_15_2' class='gform-field-label gform-field-label--type-inline'>Persoanelor cu surdocecitate<\/label>\n\t\t\t\t\t\t\t<\/div><div class='gchoice gchoice_6_15_3'>\n\t\t\t\t\t\t\t\t<input class='gfield-choice-input' name='input_15.3' type='checkbox'  value='Specialist \u00een educa\u021bie'  id='choice_6_15_3'   \/>\n\t\t\t\t\t\t\t\t<label for='choice_6_15_3' id='label_6_15_3' class='gform-field-label gform-field-label--type-inline'>Specialist \u00een educa\u021bie<\/label>\n\t\t\t\t\t\t\t<\/div><div class='gchoice gchoice_6_15_4'>\n\t\t\t\t\t\t\t\t<input class='gfield-choice-input' name='input_15.4' type='checkbox'  value='Specialist \u00een domeniul s\u0103n\u0103t\u0103\u021bii'  id='choice_6_15_4'   \/>\n\t\t\t\t\t\t\t\t<label for='choice_6_15_4' id='label_6_15_4' class='gform-field-label gform-field-label--type-inline'>Specialist \u00een domeniul s\u0103n\u0103t\u0103\u021bii<\/label>\n\t\t\t\t\t\t\t<\/div><div class='gchoice gchoice_6_15_5'>\n\t\t\t\t\t\t\t\t<input class='gfield-choice-input' name='input_15.5' type='checkbox'  value='Angajat \u00een sectorul guvernamental'  id='choice_6_15_5'   \/>\n\t\t\t\t\t\t\t\t<label for='choice_6_15_5' id='label_6_15_5' class='gform-field-label gform-field-label--type-inline'>Angajat \u00een sectorul guvernamental<\/label>\n\t\t\t\t\t\t\t<\/div><div class='gchoice gchoice_6_15_6'>\n\t\t\t\t\t\t\t\t<input class='gfield-choice-input' name='input_15.6' type='checkbox'  value='Altceva'  id='choice_6_15_6'   \/>\n\t\t\t\t\t\t\t\t<label for='choice_6_15_6' id='label_6_15_6' class='gform-field-label gform-field-label--type-inline'>Altceva<\/label>\n\t\t\t\t\t\t\t<\/div><\/div><\/div><\/fieldset><div id=\"field_6_17\" class=\"gfield gfield--type-text gfield--input-type-text gfield--width-full field_sublabel_below gfield--no-description field_description_below field_validation_below gfield_visibility_visible\"  ><label class='gfield_label gform-field-label' for='input_6_17'>Dac\u0103 a\u021bi bifat \u201eAltceva\u201d, v\u0103 rug\u0103m s\u0103 specifica\u021bi profesia<\/label><div class='ginput_container ginput_container_text'><input name='input_17' id='input_6_17' type='text' value='' class='large'      aria-invalid=\"false\"   \/><\/div><\/div><div id=\"field_6_10\" class=\"gfield gfield--type-textarea gfield--input-type-textarea gfield--width-full field_sublabel_below gfield--no-description field_description_below field_validation_below gfield_visibility_visible\"  ><label class='gfield_label gform-field-label' for='input_6_10'>Ce v\u0103 place cel mai mult la Hub?<\/label><div class='ginput_container ginput_container_textarea'><textarea name='input_10' id='input_6_10' class='textarea small'      aria-invalid=\"false\"   rows='10' cols='50'><\/textarea><\/div><\/div><div id=\"field_6_11\" class=\"gfield gfield--type-textarea gfield--input-type-textarea gfield--width-full field_sublabel_below gfield--no-description field_description_below field_validation_below gfield_visibility_visible\"  ><label class='gfield_label gform-field-label' for='input_6_11'>Cum a\u021bi g\u0103sit accesibilitatea resurselor din Hub? Exist\u0103 ceva ce am putea face pentru a o \u00eembun\u0103t\u0103\u021bi?<\/label><div class='ginput_container ginput_container_textarea'><textarea name='input_11' id='input_6_11' class='textarea small'      aria-invalid=\"false\"   rows='10' cols='50'><\/textarea><\/div><\/div><div id=\"field_6_12\" class=\"gfield gfield--type-textarea gfield--input-type-textarea gfield--width-full field_sublabel_below gfield--no-description field_description_below field_validation_below gfield_visibility_visible\"  ><label class='gfield_label gform-field-label' for='input_6_12'>Crede\u021bi c\u0103 lipse\u0219te ceva din Hub?<\/label><div class='ginput_container ginput_container_textarea'><textarea name='input_12' id='input_6_12' class='textarea small'      aria-invalid=\"false\"   rows='10' cols='50'><\/textarea><\/div><\/div><div id=\"field_6_13\" class=\"gfield gfield--type-textarea gfield--input-type-textarea gfield--width-full field_sublabel_below gfield--no-description field_description_below field_validation_below gfield_visibility_visible\"  ><label class='gfield_label gform-field-label' for='input_6_13'>Exist\u0103 resurse specifice pe care a\u021bi dori s\u0103 le vede\u021bi pe Hub \u00een viitor?<\/label><div class='ginput_container ginput_container_textarea'><textarea name='input_13' id='input_6_13' class='textarea small'      aria-invalid=\"false\"   rows='10' cols='50'><\/textarea><\/div><\/div><div id=\"field_6_14\" class=\"gfield gfield--type-textarea gfield--input-type-textarea gfield--width-full field_sublabel_below gfield--no-description field_description_below field_validation_below gfield_visibility_visible\"  ><label class='gfield_label gform-field-label' for='input_6_14'>Alte comentarii sau sugestii pe care a\u021bi dori s\u0103 le ad\u0103uga\u021bi.<\/label><div class='ginput_container ginput_container_textarea'><textarea name='input_14' id='input_6_14' class='textarea small'      aria-invalid=\"false\"   rows='10' cols='50'><\/textarea><\/div><\/div><\/div><\/div>\n        <div class='gform-footer gform_footer top_label'> <input type='submit' id='gform_submit_button_6' class='gform_button button' onclick='gform.submission.handleButtonClick(this);' data-submission-type='submit' value='Trimite'  \/> \n            <input type='hidden' class='gform_hidden' name='gform_submission_method' data-js='gform_submission_method_6' value='postback' \/>\n            <input type='hidden' class='gform_hidden' name='gform_theme' data-js='gform_theme_6' id='gform_theme_6' value='gravity-theme' \/>\n            <input type='hidden' class='gform_hidden' name='gform_style_settings' data-js='gform_style_settings_6' id='gform_style_settings_6' value='{&quot;inputPrimaryColor&quot;:&quot;#204ce5&quot;}' \/>\n            <input type='hidden' class='gform_hidden' name='is_submit_6' value='1' \/>\n            <input type='hidden' class='gform_hidden' name='gform_submit' value='6' \/>\n            \n            <input type='hidden' class='gform_hidden' name='gform_currency' data-currency='GBP' value='USoXh23YxewgMyD\/MpKMCScDt9ShK6Hc1iHvC4ttLWCf7gM9aF3Swj4IrDUmJa6E\/QczHHln62r3hmEtGV1HWoHOcThyCTj37pGk0xKXvfZXkr4=' \/>\n            <input type='hidden' class='gform_hidden' name='gform_unique_id' value='' \/>\n            <input type='hidden' class='gform_hidden' name='state_6' value='WyJ7XCIxNS4xXCI6XCIyNDhjNGNkNmQyMWY0NDRmOWM5Y2MxOTcxMjJlODllMlwiLFwiMTUuMlwiOlwiNmQ0ODA0MzQ4ZWJmYjE4MWVlYmRiMTYzMmRmNTMxMDdcIixcIjE1LjNcIjpcImY3N2U0NTQ2NmY5OWRkY2E4NDhkYzhhZjM4NThmYjZmXCIsXCIxNS40XCI6XCIyMzUwYjRmM2ZmOGIxZmFmZjU5MzkyMDY1ZWE1ZDExN1wiLFwiMTUuNVwiOlwiY2ViODA2NWI4OTFmODY0ZDIwYzU0ZTgxZDg2MjI1NjRcIixcIjE1LjZcIjpcIjRmMDg3ODAzNWMyMDBkMWU5ODRiZGMxNDk4ZjY5MWM5XCJ9IiwiMTZiN2U3OTQ0NGFlYzVkOWNmMjkxMjAxOThmODRhMDciXQ==' \/>\n            <input type='hidden' autocomplete='off' class='gform_hidden' name='gform_target_page_number_6' id='gform_target_page_number_6' value='0' \/>\n            <input type='hidden' autocomplete='off' class='gform_hidden' name='gform_source_page_number_6' id='gform_source_page_number_6' value='1' \/>\n            <input type='hidden' name='gform_field_values' value='' \/>\n            \n        <\/div>\n                        <\/form>\n                        <\/div><script type=\"text\/javascript\">\n\/* <![CDATA[ *\/\n gform.initializeOnLoaded( function() {gformInitSpinner( 6, 'https:\/\/deafblindness.info\/wp-content\/plugins\/gravityforms\/images\/spinner.svg', true );jQuery('#gform_ajax_frame_6').on('load',function(){var contents = jQuery(this).contents().find('*').html();var is_postback = contents.indexOf('GF_AJAX_POSTBACK') >= 0;if(!is_postback){return;}var form_content = jQuery(this).contents().find('#gform_wrapper_6');var is_confirmation = jQuery(this).contents().find('#gform_confirmation_wrapper_6').length > 0;var is_redirect = contents.indexOf('gformRedirect(){') >= 0;var is_form = form_content.length > 0 && ! is_redirect && ! is_confirmation;var mt = parseInt(jQuery('html').css('margin-top'), 10) + parseInt(jQuery('body').css('margin-top'), 10) + 100;if(is_form){form_content.find('form').css('opacity', 0);jQuery('#gform_wrapper_6').html(form_content.html());if(form_content.hasClass('gform_validation_error')){jQuery('#gform_wrapper_6').addClass('gform_validation_error');} else {jQuery('#gform_wrapper_6').removeClass('gform_validation_error');}setTimeout( function() { \/* delay the scroll by 50 milliseconds to fix a bug in chrome *\/  }, 50 );if(window['gformInitDatepicker']) {gformInitDatepicker();}if(window['gformInitPriceFields']) {gformInitPriceFields();}var current_page = jQuery('#gform_source_page_number_6').val();gformInitSpinner( 6, 'https:\/\/deafblindness.info\/wp-content\/plugins\/gravityforms\/images\/spinner.svg', true );jQuery(document).trigger('gform_page_loaded', [6, current_page]);window['gf_submitting_6'] = false;}else if(!is_redirect){var confirmation_content = jQuery(this).contents().find('.GF_AJAX_POSTBACK').html();if(!confirmation_content){confirmation_content = contents;}jQuery('#gform_wrapper_6').replaceWith(confirmation_content);jQuery(document).trigger('gform_confirmation_loaded', [6]);window['gf_submitting_6'] = false;wp.a11y.speak(jQuery('#gform_confirmation_message_6').text());}else{jQuery('#gform_6').append(contents);if(window['gformRedirect']) {gformRedirect();}}jQuery(document).trigger(\"gform_pre_post_render\", [{ formId: \"6\", currentPage: \"current_page\", abort: function() { this.preventDefault(); } }]);        if (event && event.defaultPrevented) {                return;        }        const gformWrapperDiv = document.getElementById( \"gform_wrapper_6\" );        if ( gformWrapperDiv ) {            const visibilitySpan = document.createElement( \"span\" );            visibilitySpan.id = \"gform_visibility_test_6\";            gformWrapperDiv.insertAdjacentElement( \"afterend\", visibilitySpan );        }        const visibilityTestDiv = document.getElementById( \"gform_visibility_test_6\" );        let postRenderFired = false;        function triggerPostRender() {            if ( postRenderFired ) {                return;            }            postRenderFired = true;            gform.core.triggerPostRenderEvents( 6, current_page );            if ( visibilityTestDiv ) {                visibilityTestDiv.parentNode.removeChild( visibilityTestDiv );            }        }        function debounce( func, wait, immediate ) {            var timeout;            return function() {                var context = this, args = arguments;                var later = function() {                    timeout = null;                    if ( !immediate ) func.apply( context, args );                };                var callNow = immediate && !timeout;                clearTimeout( timeout );                timeout = setTimeout( later, wait );                if ( callNow ) func.apply( context, args );            };        }        const debouncedTriggerPostRender = debounce( function() {            triggerPostRender();        }, 200 );        if ( visibilityTestDiv && visibilityTestDiv.offsetParent === null ) {            const observer = new MutationObserver( ( mutations ) => {                mutations.forEach( ( mutation ) => {                    if ( mutation.type === 'attributes' && visibilityTestDiv.offsetParent !== null ) {                        debouncedTriggerPostRender();                        observer.disconnect();                    }                });            });            observer.observe( document.body, {                attributes: true,                childList: false,                subtree: true,                attributeFilter: [ 'style', 'class' ],            });        } else {            triggerPostRender();        }    } );} ); \n\/* ]]> *\/\n<\/script>\n","protected":false},"excerpt":{"rendered":"<p>Apreciem cu adev\u0103rat feedbackul dvs., care ne va ajuta s\u0103 \u00eembun\u0103t\u0103\u021bim Hub-ul pentru toat\u0103 lumea \u0219i s\u0103 ne ghideze urm\u0103torii pa\u0219i \u00een dezvoltarea \u0219i optimizarea experien\u021bei dvs.<\/p>\n","protected":false},"author":12,"featured_media":0,"parent":0,"menu_order":0,"comment_status":"closed","ping_status":"closed","template":"","meta":{"_acf_changed":false,"footnotes":""},"class_list":["post-4810","page","type-page","status-publish","hentry"],"acf":[],"yoast_head":"<!-- This site is optimized with the Yoast SEO plugin v26.9 - https:\/\/yoast.com\/product\/yoast-seo-wordpress\/ -->\n<title>\u00cemp\u0103rt\u0103\u0219e\u0219te-ne feedback-ul t\u0103u - Global Deafblindness Resource Hub<\/title>\n<meta name=\"robots\" content=\"index, follow, max-snippet:-1, max-image-preview:large, max-video-preview:-1\" \/>\n<link rel=\"canonical\" href=\"https:\/\/deafblindness.info\/ro\/impartaseste-ne-feedback-ul-tau\/\" \/>\n<meta property=\"og:locale\" content=\"ro_RO\" \/>\n<meta property=\"og:type\" content=\"article\" \/>\n<meta property=\"og:title\" content=\"\u00cemp\u0103rt\u0103\u0219e\u0219te-ne feedback-ul t\u0103u - Global Deafblindness Resource Hub\" \/>\n<meta property=\"og:description\" content=\"Apreciem cu adev\u0103rat feedbackul dvs., care ne va ajuta s\u0103 \u00eembun\u0103t\u0103\u021bim Hub-ul pentru toat\u0103 lumea \u0219i s\u0103 ne ghideze urm\u0103torii pa\u0219i \u00een dezvoltarea \u0219i optimizarea experien\u021bei dvs.\" \/>\n<meta property=\"og:url\" content=\"https:\/\/deafblindness.info\/ro\/impartaseste-ne-feedback-ul-tau\/\" \/>\n<meta property=\"og:site_name\" content=\"Global Deafblindness Resource Hub\" \/>\n<meta name=\"twitter:card\" content=\"summary_large_image\" \/>\n<meta name=\"twitter:label1\" content=\"Est. reading time\" \/>\n\t<meta name=\"twitter:data1\" content=\"1 minut\" \/>\n<script type=\"application\/ld+json\" class=\"yoast-schema-graph\">{\"@context\":\"https:\/\/schema.org\",\"@graph\":[{\"@type\":\"WebPage\",\"@id\":\"https:\/\/deafblindness.info\/ro\/impartaseste-ne-feedback-ul-tau\/\",\"url\":\"https:\/\/deafblindness.info\/ro\/impartaseste-ne-feedback-ul-tau\/\",\"name\":\"\u00cemp\u0103rt\u0103\u0219e\u0219te-ne feedback-ul t\u0103u - Global Deafblindness Resource Hub\",\"isPartOf\":{\"@id\":\"https:\/\/deafblindness.info\/ro\/#website\"},\"datePublished\":\"2025-10-15T11:22:09+00:00\",\"breadcrumb\":{\"@id\":\"https:\/\/deafblindness.info\/ro\/impartaseste-ne-feedback-ul-tau\/#breadcrumb\"},\"inLanguage\":\"ro-RO\",\"potentialAction\":[{\"@type\":\"ReadAction\",\"target\":[\"https:\/\/deafblindness.info\/ro\/impartaseste-ne-feedback-ul-tau\/\"]}]},{\"@type\":\"BreadcrumbList\",\"@id\":\"https:\/\/deafblindness.info\/ro\/impartaseste-ne-feedback-ul-tau\/#breadcrumb\",\"itemListElement\":[{\"@type\":\"ListItem\",\"position\":1,\"name\":\"Home\",\"item\":\"https:\/\/deafblindness.info\/ro\/\"},{\"@type\":\"ListItem\",\"position\":2,\"name\":\"\u00cemp\u0103rt\u0103\u0219e\u0219te-ne feedback-ul t\u0103u\"}]},{\"@type\":\"WebSite\",\"@id\":\"https:\/\/deafblindness.info\/ro\/#website\",\"url\":\"https:\/\/deafblindness.info\/ro\/\",\"name\":\"Global Deafblindness Resource Hub\",\"description\":\"Connecting people with deafblindness to the world around them\",\"publisher\":{\"@id\":\"https:\/\/deafblindness.info\/ro\/#organization\"},\"potentialAction\":[{\"@type\":\"SearchAction\",\"target\":{\"@type\":\"EntryPoint\",\"urlTemplate\":\"https:\/\/deafblindness.info\/ro\/?s={search_term_string}\"},\"query-input\":{\"@type\":\"PropertyValueSpecification\",\"valueRequired\":true,\"valueName\":\"search_term_string\"}}],\"inLanguage\":\"ro-RO\"},{\"@type\":\"Organization\",\"@id\":\"https:\/\/deafblindness.info\/ro\/#organization\",\"name\":\"Global Deafblindness Resource Hub\",\"url\":\"https:\/\/deafblindness.info\/ro\/\",\"logo\":{\"@type\":\"ImageObject\",\"inLanguage\":\"ro-RO\",\"@id\":\"https:\/\/deafblindness.info\/ro\/#\/schema\/logo\/image\/\",\"url\":\"https:\/\/deafblindness.info\/wp-content\/uploads\/2024\/09\/logo-icon.svg\",\"contentUrl\":\"https:\/\/deafblindness.info\/wp-content\/uploads\/2024\/09\/logo-icon.svg\",\"width\":50,\"height\":50,\"caption\":\"Global Deafblindness Resource Hub\"},\"image\":{\"@id\":\"https:\/\/deafblindness.info\/ro\/#\/schema\/logo\/image\/\"}}]}<\/script>\n<!-- \/ Yoast SEO plugin. -->","yoast_head_json":{"title":"\u00cemp\u0103rt\u0103\u0219e\u0219te-ne feedback-ul t\u0103u - Global Deafblindness Resource Hub","robots":{"index":"index","follow":"follow","max-snippet":"max-snippet:-1","max-image-preview":"max-image-preview:large","max-video-preview":"max-video-preview:-1"},"canonical":"https:\/\/deafblindness.info\/ro\/impartaseste-ne-feedback-ul-tau\/","og_locale":"ro_RO","og_type":"article","og_title":"\u00cemp\u0103rt\u0103\u0219e\u0219te-ne feedback-ul t\u0103u - Global Deafblindness Resource Hub","og_description":"Apreciem cu adev\u0103rat feedbackul dvs., care ne va ajuta s\u0103 \u00eembun\u0103t\u0103\u021bim Hub-ul pentru toat\u0103 lumea \u0219i s\u0103 ne ghideze urm\u0103torii pa\u0219i \u00een dezvoltarea \u0219i optimizarea experien\u021bei dvs.","og_url":"https:\/\/deafblindness.info\/ro\/impartaseste-ne-feedback-ul-tau\/","og_site_name":"Global Deafblindness Resource Hub","twitter_card":"summary_large_image","twitter_misc":{"Est. reading time":"1 minut"},"schema":{"@context":"https:\/\/schema.org","@graph":[{"@type":"WebPage","@id":"https:\/\/deafblindness.info\/ro\/impartaseste-ne-feedback-ul-tau\/","url":"https:\/\/deafblindness.info\/ro\/impartaseste-ne-feedback-ul-tau\/","name":"\u00cemp\u0103rt\u0103\u0219e\u0219te-ne feedback-ul t\u0103u - Global Deafblindness Resource Hub","isPartOf":{"@id":"https:\/\/deafblindness.info\/ro\/#website"},"datePublished":"2025-10-15T11:22:09+00:00","breadcrumb":{"@id":"https:\/\/deafblindness.info\/ro\/impartaseste-ne-feedback-ul-tau\/#breadcrumb"},"inLanguage":"ro-RO","potentialAction":[{"@type":"ReadAction","target":["https:\/\/deafblindness.info\/ro\/impartaseste-ne-feedback-ul-tau\/"]}]},{"@type":"BreadcrumbList","@id":"https:\/\/deafblindness.info\/ro\/impartaseste-ne-feedback-ul-tau\/#breadcrumb","itemListElement":[{"@type":"ListItem","position":1,"name":"Home","item":"https:\/\/deafblindness.info\/ro\/"},{"@type":"ListItem","position":2,"name":"\u00cemp\u0103rt\u0103\u0219e\u0219te-ne feedback-ul t\u0103u"}]},{"@type":"WebSite","@id":"https:\/\/deafblindness.info\/ro\/#website","url":"https:\/\/deafblindness.info\/ro\/","name":"Global Deafblindness Resource Hub","description":"Connecting people with deafblindness to the world around them","publisher":{"@id":"https:\/\/deafblindness.info\/ro\/#organization"},"potentialAction":[{"@type":"SearchAction","target":{"@type":"EntryPoint","urlTemplate":"https:\/\/deafblindness.info\/ro\/?s={search_term_string}"},"query-input":{"@type":"PropertyValueSpecification","valueRequired":true,"valueName":"search_term_string"}}],"inLanguage":"ro-RO"},{"@type":"Organization","@id":"https:\/\/deafblindness.info\/ro\/#organization","name":"Global Deafblindness Resource Hub","url":"https:\/\/deafblindness.info\/ro\/","logo":{"@type":"ImageObject","inLanguage":"ro-RO","@id":"https:\/\/deafblindness.info\/ro\/#\/schema\/logo\/image\/","url":"https:\/\/deafblindness.info\/wp-content\/uploads\/2024\/09\/logo-icon.svg","contentUrl":"https:\/\/deafblindness.info\/wp-content\/uploads\/2024\/09\/logo-icon.svg","width":50,"height":50,"caption":"Global Deafblindness Resource Hub"},"image":{"@id":"https:\/\/deafblindness.info\/ro\/#\/schema\/logo\/image\/"}}]}},"_links":{"self":[{"href":"https:\/\/deafblindness.info\/ro\/wp-json\/wp\/v2\/pages\/4810","targetHints":{"allow":["GET"]}}],"collection":[{"href":"https:\/\/deafblindness.info\/ro\/wp-json\/wp\/v2\/pages"}],"about":[{"href":"https:\/\/deafblindness.info\/ro\/wp-json\/wp\/v2\/types\/page"}],"author":[{"embeddable":true,"href":"https:\/\/deafblindness.info\/ro\/wp-json\/wp\/v2\/users\/12"}],"replies":[{"embeddable":true,"href":"https:\/\/deafblindness.info\/ro\/wp-json\/wp\/v2\/comments?post=4810"}],"version-history":[{"count":0,"href":"https:\/\/deafblindness.info\/ro\/wp-json\/wp\/v2\/pages\/4810\/revisions"}],"wp:attachment":[{"href":"https:\/\/deafblindness.info\/ro\/wp-json\/wp\/v2\/media?parent=4810"}],"curies":[{"name":"wp","href":"https:\/\/api.w.org\/{rel}","templated":true}]}}