{"id":976,"date":"2023-03-29T16:20:47","date_gmt":"2023-03-29T15:20:47","guid":{"rendered":"https:\/\/deafblindness.info\/resurse\/"},"modified":"2025-01-22T15:58:52","modified_gmt":"2025-01-22T15:58:52","slug":"resurse","status":"publish","type":"page","link":"https:\/\/deafblindness.info\/ro\/resurse\/","title":{"rendered":"Resurse"},"content":{"rendered":"\n<p class=\"is-style-intro\"><strong>Ghiduri practice, informa\u021bii utile, cercet\u0103ri recente \u2013 \u0219i multe altele!<\/strong><\/p>\n\n\n\n<p class=\"is-style-default\">Fie c\u0103 sunte\u021bi p\u0103rinte, \u00eengrijitor, specialist \u00een educa\u021bie, persoan\u0103 cu surdocecitate sau cineva interesat s\u0103 afle mai multe despre surdocecitate, aici ve\u021bi g\u0103si o gam\u0103 variat\u0103 de materiale relevante.<\/p>\n","protected":false},"excerpt":{"rendered":"<p>Ghiduri practice, informa\u021bii utile, cercet\u0103ri recente \u2013 \u0219i multe altele! Fie c\u0103 sunte\u021bi p\u0103rinte, \u00eengrijitor, specialist \u00een educa\u021bie, persoan\u0103 cu surdocecitate sau cineva interesat s\u0103 afle mai multe despre surdocecitate, aici ve\u021bi g\u0103si o gam\u0103&hellip;<\/p>\n","protected":false},"author":2,"featured_media":568,"parent":0,"menu_order":0,"comment_status":"closed","ping_status":"closed","template":"template-resources-listing.php","meta":{"_acf_changed":false,"footnotes":""},"class_list":["post-976","page","type-page","status-publish","has-post-thumbnail","hentry"],"acf":[],"yoast_head":"<!-- This site is optimized with the Yoast SEO plugin v26.9 - https:\/\/yoast.com\/product\/yoast-seo-wordpress\/ -->\n<title>Resurse - Global Deafblindness Resource Hub<\/title>\n<meta name=\"robots\" content=\"index, follow, max-snippet:-1, max-image-preview:large, max-video-preview:-1\" \/>\n<link rel=\"canonical\" href=\"https:\/\/deafblindness.info\/ro\/resurse\/\" \/>\n<meta property=\"og:locale\" content=\"ro_RO\" \/>\n<meta property=\"og:type\" content=\"article\" \/>\n<meta property=\"og:title\" content=\"Resurse - Global Deafblindness Resource Hub\" \/>\n<meta property=\"og:description\" content=\"Ghiduri practice, informa\u021bii utile, cercet\u0103ri recente \u2013 \u0219i multe altele! Fie c\u0103 sunte\u021bi p\u0103rinte, \u00eengrijitor, specialist \u00een educa\u021bie, persoan\u0103 cu surdocecitate sau cineva interesat s\u0103 afle mai multe despre surdocecitate, aici ve\u021bi g\u0103si o gam\u0103&hellip;\" \/>\n<meta property=\"og:url\" content=\"https:\/\/deafblindness.info\/ro\/resurse\/\" \/>\n<meta property=\"og:site_name\" content=\"Global Deafblindness Resource Hub\" \/>\n<meta property=\"article:modified_time\" content=\"2025-01-22T15:58:52+00:00\" \/>\n<meta property=\"og:image\" content=\"https:\/\/deafblindness.info\/wp-content\/uploads\/2021\/11\/A-teacher-supports-a-student-with-deafblindness-1-scaled.jpeg\" \/>\n\t<meta property=\"og:image:width\" content=\"2560\" \/>\n\t<meta property=\"og:image:height\" content=\"1709\" \/>\n\t<meta property=\"og:image:type\" content=\"image\/jpeg\" \/>\n<meta name=\"twitter:card\" content=\"summary_large_image\" \/>\n<meta name=\"twitter:label1\" content=\"Est. reading time\" \/>\n\t<meta name=\"twitter:data1\" content=\"1 minut\" \/>\n<script type=\"application\/ld+json\" class=\"yoast-schema-graph\">{\"@context\":\"https:\/\/schema.org\",\"@graph\":[{\"@type\":\"WebPage\",\"@id\":\"https:\/\/deafblindness.info\/ro\/resurse\/\",\"url\":\"https:\/\/deafblindness.info\/ro\/resurse\/\",\"name\":\"Resurse - Global Deafblindness Resource Hub\",\"isPartOf\":{\"@id\":\"https:\/\/deafblindness.info\/ro\/#website\"},\"primaryImageOfPage\":{\"@id\":\"https:\/\/deafblindness.info\/ro\/resurse\/#primaryimage\"},\"image\":{\"@id\":\"https:\/\/deafblindness.info\/ro\/resurse\/#primaryimage\"},\"thumbnailUrl\":\"https:\/\/deafblindness.info\/wp-content\/uploads\/2021\/11\/A-teacher-supports-a-student-with-deafblindness-1-scaled.jpeg\",\"datePublished\":\"2023-03-29T15:20:47+00:00\",\"dateModified\":\"2025-01-22T15:58:52+00:00\",\"breadcrumb\":{\"@id\":\"https:\/\/deafblindness.info\/ro\/resurse\/#breadcrumb\"},\"inLanguage\":\"ro-RO\",\"potentialAction\":[{\"@type\":\"ReadAction\",\"target\":[\"https:\/\/deafblindness.info\/ro\/resurse\/\"]}]},{\"@type\":\"ImageObject\",\"inLanguage\":\"ro-RO\",\"@id\":\"https:\/\/deafblindness.info\/ro\/resurse\/#primaryimage\",\"url\":\"https:\/\/deafblindness.info\/wp-content\/uploads\/2021\/11\/A-teacher-supports-a-student-with-deafblindness-1-scaled.jpeg\",\"contentUrl\":\"https:\/\/deafblindness.info\/wp-content\/uploads\/2021\/11\/A-teacher-supports-a-student-with-deafblindness-1-scaled.jpeg\",\"width\":2560,\"height\":1709,\"caption\":\"CEBE San Francisco de Asis. Sense Internacional.\"},{\"@type\":\"BreadcrumbList\",\"@id\":\"https:\/\/deafblindness.info\/ro\/resurse\/#breadcrumb\",\"itemListElement\":[{\"@type\":\"ListItem\",\"position\":1,\"name\":\"Home\",\"item\":\"https:\/\/deafblindness.info\/ro\/\"},{\"@type\":\"ListItem\",\"position\":2,\"name\":\"Resurse\"}]},{\"@type\":\"WebSite\",\"@id\":\"https:\/\/deafblindness.info\/ro\/#website\",\"url\":\"https:\/\/deafblindness.info\/ro\/\",\"name\":\"Global Deafblindness Resource Hub\",\"description\":\"Connecting people with deafblindness to the world around them\",\"publisher\":{\"@id\":\"https:\/\/deafblindness.info\/ro\/#organization\"},\"potentialAction\":[{\"@type\":\"SearchAction\",\"target\":{\"@type\":\"EntryPoint\",\"urlTemplate\":\"https:\/\/deafblindness.info\/ro\/?s={search_term_string}\"},\"query-input\":{\"@type\":\"PropertyValueSpecification\",\"valueRequired\":true,\"valueName\":\"search_term_string\"}}],\"inLanguage\":\"ro-RO\"},{\"@type\":\"Organization\",\"@id\":\"https:\/\/deafblindness.info\/ro\/#organization\",\"name\":\"Global Deafblindness Resource Hub\",\"url\":\"https:\/\/deafblindness.info\/ro\/\",\"logo\":{\"@type\":\"ImageObject\",\"inLanguage\":\"ro-RO\",\"@id\":\"https:\/\/deafblindness.info\/ro\/#\/schema\/logo\/image\/\",\"url\":\"https:\/\/deafblindness.info\/wp-content\/uploads\/2024\/09\/logo-icon.svg\",\"contentUrl\":\"https:\/\/deafblindness.info\/wp-content\/uploads\/2024\/09\/logo-icon.svg\",\"width\":50,\"height\":50,\"caption\":\"Global Deafblindness Resource Hub\"},\"image\":{\"@id\":\"https:\/\/deafblindness.info\/ro\/#\/schema\/logo\/image\/\"}}]}<\/script>\n<!-- \/ Yoast SEO plugin. -->","yoast_head_json":{"title":"Resurse - Global Deafblindness Resource Hub","robots":{"index":"index","follow":"follow","max-snippet":"max-snippet:-1","max-image-preview":"max-image-preview:large","max-video-preview":"max-video-preview:-1"},"canonical":"https:\/\/deafblindness.info\/ro\/resurse\/","og_locale":"ro_RO","og_type":"article","og_title":"Resurse - Global Deafblindness Resource Hub","og_description":"Ghiduri practice, informa\u021bii utile, cercet\u0103ri recente \u2013 \u0219i multe altele! Fie c\u0103 sunte\u021bi p\u0103rinte, \u00eengrijitor, specialist \u00een educa\u021bie, persoan\u0103 cu surdocecitate sau cineva interesat s\u0103 afle mai multe despre surdocecitate, aici ve\u021bi g\u0103si o gam\u0103&hellip;","og_url":"https:\/\/deafblindness.info\/ro\/resurse\/","og_site_name":"Global Deafblindness Resource Hub","article_modified_time":"2025-01-22T15:58:52+00:00","og_image":[{"width":2560,"height":1709,"url":"https:\/\/deafblindness.info\/wp-content\/uploads\/2021\/11\/A-teacher-supports-a-student-with-deafblindness-1-scaled.jpeg","type":"image\/jpeg"}],"twitter_card":"summary_large_image","twitter_misc":{"Est. reading time":"1 minut"},"schema":{"@context":"https:\/\/schema.org","@graph":[{"@type":"WebPage","@id":"https:\/\/deafblindness.info\/ro\/resurse\/","url":"https:\/\/deafblindness.info\/ro\/resurse\/","name":"Resurse - Global Deafblindness Resource Hub","isPartOf":{"@id":"https:\/\/deafblindness.info\/ro\/#website"},"primaryImageOfPage":{"@id":"https:\/\/deafblindness.info\/ro\/resurse\/#primaryimage"},"image":{"@id":"https:\/\/deafblindness.info\/ro\/resurse\/#primaryimage"},"thumbnailUrl":"https:\/\/deafblindness.info\/wp-content\/uploads\/2021\/11\/A-teacher-supports-a-student-with-deafblindness-1-scaled.jpeg","datePublished":"2023-03-29T15:20:47+00:00","dateModified":"2025-01-22T15:58:52+00:00","breadcrumb":{"@id":"https:\/\/deafblindness.info\/ro\/resurse\/#breadcrumb"},"inLanguage":"ro-RO","potentialAction":[{"@type":"ReadAction","target":["https:\/\/deafblindness.info\/ro\/resurse\/"]}]},{"@type":"ImageObject","inLanguage":"ro-RO","@id":"https:\/\/deafblindness.info\/ro\/resurse\/#primaryimage","url":"https:\/\/deafblindness.info\/wp-content\/uploads\/2021\/11\/A-teacher-supports-a-student-with-deafblindness-1-scaled.jpeg","contentUrl":"https:\/\/deafblindness.info\/wp-content\/uploads\/2021\/11\/A-teacher-supports-a-student-with-deafblindness-1-scaled.jpeg","width":2560,"height":1709,"caption":"CEBE San Francisco de Asis. Sense Internacional."},{"@type":"BreadcrumbList","@id":"https:\/\/deafblindness.info\/ro\/resurse\/#breadcrumb","itemListElement":[{"@type":"ListItem","position":1,"name":"Home","item":"https:\/\/deafblindness.info\/ro\/"},{"@type":"ListItem","position":2,"name":"Resurse"}]},{"@type":"WebSite","@id":"https:\/\/deafblindness.info\/ro\/#website","url":"https:\/\/deafblindness.info\/ro\/","name":"Global Deafblindness Resource Hub","description":"Connecting people with deafblindness to the world around them","publisher":{"@id":"https:\/\/deafblindness.info\/ro\/#organization"},"potentialAction":[{"@type":"SearchAction","target":{"@type":"EntryPoint","urlTemplate":"https:\/\/deafblindness.info\/ro\/?s={search_term_string}"},"query-input":{"@type":"PropertyValueSpecification","valueRequired":true,"valueName":"search_term_string"}}],"inLanguage":"ro-RO"},{"@type":"Organization","@id":"https:\/\/deafblindness.info\/ro\/#organization","name":"Global Deafblindness Resource Hub","url":"https:\/\/deafblindness.info\/ro\/","logo":{"@type":"ImageObject","inLanguage":"ro-RO","@id":"https:\/\/deafblindness.info\/ro\/#\/schema\/logo\/image\/","url":"https:\/\/deafblindness.info\/wp-content\/uploads\/2024\/09\/logo-icon.svg","contentUrl":"https:\/\/deafblindness.info\/wp-content\/uploads\/2024\/09\/logo-icon.svg","width":50,"height":50,"caption":"Global Deafblindness Resource Hub"},"image":{"@id":"https:\/\/deafblindness.info\/ro\/#\/schema\/logo\/image\/"}}]}},"_links":{"self":[{"href":"https:\/\/deafblindness.info\/ro\/wp-json\/wp\/v2\/pages\/976","targetHints":{"allow":["GET"]}}],"collection":[{"href":"https:\/\/deafblindness.info\/ro\/wp-json\/wp\/v2\/pages"}],"about":[{"href":"https:\/\/deafblindness.info\/ro\/wp-json\/wp\/v2\/types\/page"}],"author":[{"embeddable":true,"href":"https:\/\/deafblindness.info\/ro\/wp-json\/wp\/v2\/users\/2"}],"replies":[{"embeddable":true,"href":"https:\/\/deafblindness.info\/ro\/wp-json\/wp\/v2\/comments?post=976"}],"version-history":[{"count":0,"href":"https:\/\/deafblindness.info\/ro\/wp-json\/wp\/v2\/pages\/976\/revisions"}],"wp:featuredmedia":[{"embeddable":true,"href":"https:\/\/deafblindness.info\/ro\/wp-json\/wp\/v2\/media\/568"}],"wp:attachment":[{"href":"https:\/\/deafblindness.info\/ro\/wp-json\/wp\/v2\/media?parent=976"}],"curies":[{"name":"wp","href":"https:\/\/api.w.org\/{rel}","templated":true}]}}